{"id":2057,"date":"2016-05-06T22:17:17","date_gmt":"2016-05-06T22:17:17","guid":{"rendered":"http:\/\/hinzmanflory.com\/family-law\/"},"modified":"2019-02-04T18:32:29","modified_gmt":"2019-02-04T18:32:29","slug":"ley-familiar","status":"publish","type":"page","link":"http:\/\/hinzmanflory.com\/es\/ley-familiar\/","title":{"rendered":"Ley Familiar"},"content":{"rendered":"<p><div class=\"fusion-fullwidth fullwidth-box nonhundred-percent-fullwidth non-hundred-percent-height-scrolling\"  style='background-color: rgba(255,255,255,0);background-position: left top;background-repeat: no-repeat;padding-right:20%;padding-bottom:20px;padding-left:20%;border-top-width:0px;border-bottom-width:0px;border-color:#eae9e9;border-top-style:solid;border-bottom-style:solid;'><div class=\"fusion-builder-row fusion-row \"><div  class=\"fusion-layout-column fusion_builder_column fusion_builder_column_1_1  fusion-one-full fusion-column-first fusion-column-last fusion-column-no-min-height 1_1\"  style='margin-top:0px;margin-bottom:0px;'>\n\t\t\t\t\t<div class=\"fusion-column-wrapper\" style=\"padding: 0px 0px 0px 0px;background-position:left top;background-repeat:no-repeat;-webkit-background-size:cover;-moz-background-size:cover;-o-background-size:cover;background-size:cover;\"  data-bg-url=\"\">\n\t\t\t\t\t\t<div class=\"fusion-text\"><p>Pocos, si alguno, en las \u00e1reas de las leyes puede implicar m\u00e1s severos y dolorosos sentimientos de la leyes de familia.\u00a0 Si va a trav\u00e9s de un simple, divorcio voluntario o una acalorada batalla por la custodia del ni\u00f1o, la mayor\u00eda de la gente experimentar\u00e1 una gama de potentes emociones negativas, incluyendo el enojo, la tristeza, la desesperaci\u00f3n, la depresi\u00f3n y la ansiedad.\u00a0 <strong>En Hinzman y Flory, nos enorgullecemos de nuestra capacidad de comprender y empatizar con todos nuestros clientes mientras dici\u00e9ndoles lo que tienen necesidad de escuchar, no lo que quieren o\u00edr.<\/strong><\/p>\n<p>Esto es particularmente importante en las leyes de familia, donde las pasiones intensas involucradas, a menudo pueden conducir a decisiones impulsivas y tontas, m\u00e1s que tranquilo y racional.\u00a0 Nuestro abogado de familia, Kevin Hinzman, tiene m\u00e1s de 20 a\u00f1os de experiencia ayudando a sus clientes a navegar a trav\u00e9s del doloroso proceso de divorcio y disputas por la custodia del ni\u00f1o.\u00a0 Adem\u00e1s, su experiencia y conocimiento de leyes penal, sucesiones, los negocios y la ley de lesiones personales, es importante recurso, como los casos de leyes de familia pueden a menudo involucra cuestiones en estas \u00e1reas de pr\u00e1ctica.<\/p>\n<p>Adem\u00e1s de la experiencia y el conocimiento, en Hinzman y Flory creemos que la paciencia y la comprensi\u00f3n son facci\u00f3nes que son una necesidad para ser un defensor de las leyes familiar efectivo.\u00a0 Si el divorcio es la \u00fanica opci\u00f3n en su situaci\u00f3n, el se\u00f1or Hinzman est\u00e1 dispuesto a luchar firmemente en su nombre para asegurar la recepci\u00f3n de un resultado favorable.\u00a0 Tambi\u00e9n, sin embargo, toma su trabajo como consejero en estas situaciones en serio &#8211; es un excelente y atento oyente, generoso con su tiempo, que puede ayudarle a trav\u00e9s de este dif\u00edcil per\u00edodo de su vida, y que tambi\u00e9n estimular\u00e1 y la ayuda en la reconciliaci\u00f3n cuando esa es una posibilidad.\u00a0 <strong>Dado que el Sr. Hinzman limita su n\u00famero de casos de leyes de familia, el pondr\u00e1 toda su atenci\u00f3n a su caso &#8211; usted puede encontrar una actitud muy diferente si decide confiar su caso con un bufete de abogados de leyes de familia m\u00e1s grande.<\/strong>\u00a0 Si necesita una representaci\u00f3n efectiva y amable en las leyes de familia, llame a Hinzman y Flory hoy para fijar una cita.<\/p>\n<h2 style=\"text-align: center;\">En Hinzman y Flory manejamos los siguientes tipos de casos de derecho leyes de familia:<\/h2>\n<\/div><div class=\"fusion-clearfix\"><\/div>\n\n\t\t\t\t\t<\/div>\n\t\t\t\t<\/div><div  class=\"fusion-layout-column fusion_builder_column fusion_builder_column_1_1  fusion-one-full fusion-column-first fusion-column-last fusion-column-no-min-height 1_1\"  style='margin-top:0px;margin-bottom:0px;'>\n\t\t\t\t\t<div class=\"fusion-column-wrapper\" style=\"padding: 0px 0px 0px 0px;background-position:left top;background-repeat:no-repeat;-webkit-background-size:cover;-moz-background-size:cover;-o-background-size:cover;background-size:cover;\"  data-bg-url=\"\">\n\t\t\t\t\t\t<ul class=\"fusion-checklist fusion-checklist-1\" style=\"font-size:20px;line-height:34px;\"><li class=\"fusion-li-item\"><span style=\"height:34px;width:34px;margin-right:14px;\" class=\"icon-wrapper circle-no\"><i class=\"fusion-li-icon  fa fa-check\" style=\"color:#d71f27;\"><\/i><\/span><div class=\"fusion-li-item-content\" style=\"margin-left:48px;\">Divorcios disputados<\/div><\/li><li class=\"fusion-li-item\"><span style=\"height:34px;width:34px;margin-right:14px;\" class=\"icon-wrapper circle-no\"><i class=\"fusion-li-icon  fa fa-check\" style=\"color:#d71f27;\"><\/i><\/span><div class=\"fusion-li-item-content\" style=\"margin-left:48px;\">Divorcio con cuestiones de propiedad<\/div><\/li><li class=\"fusion-li-item\"><span style=\"height:34px;width:34px;margin-right:14px;\" class=\"icon-wrapper circle-no\"><i class=\"fusion-li-icon  fa fa-check\" style=\"color:#d71f27;\"><\/i><\/span><div class=\"fusion-li-item-content\" style=\"margin-left:48px;\">Custodia del ni\u00f1o<\/div><\/li><li class=\"fusion-li-item\"><span style=\"height:34px;width:34px;margin-right:14px;\" class=\"icon-wrapper circle-no\"><i class=\"fusion-li-icon  fa fa-check\" style=\"color:#d71f27;\"><\/i><\/span><div class=\"fusion-li-item-content\" style=\"margin-left:48px;\">Manutenci\u00f3n de los hijos<\/div><\/li><li class=\"fusion-li-item\"><span style=\"height:34px;width:34px;margin-right:14px;\" class=\"icon-wrapper circle-no\"><i class=\"fusion-li-icon  fa fa-check\" style=\"color:#d71f27;\"><\/i><\/span><div class=\"fusion-li-item-content\" style=\"margin-left:48px;\">Modificaciones<\/div><\/li><li class=\"fusion-li-item\"><span style=\"height:34px;width:34px;margin-right:14px;\" class=\"icon-wrapper circle-no\"><i class=\"fusion-li-icon  fa fa-check\" style=\"color:#d71f27;\"><\/i><\/span><div class=\"fusion-li-item-content\" style=\"margin-left:48px;\">Mantenimiento conyugal (pensi\u00f3n alimenticia)<\/div><\/li><li class=\"fusion-li-item\"><span style=\"height:34px;width:34px;margin-right:14px;\" class=\"icon-wrapper circle-no\"><i class=\"fusion-li-icon  fa fa-check\" style=\"color:#d71f27;\"><\/i><\/span><div class=\"fusion-li-item-content\" style=\"margin-left:48px;\">Petici\u00f3n que afectan a la relaci\u00f3n de padre-hijo<\/div><\/li><li class=\"fusion-li-item\"><span style=\"height:34px;width:34px;margin-right:14px;\" class=\"icon-wrapper circle-no\"><i class=\"fusion-li-icon  fa fa-check\" style=\"color:#d71f27;\"><\/i><\/span><div class=\"fusion-li-item-content\" style=\"margin-left:48px;\">Demandas de paternidad<\/div><\/li><li class=\"fusion-li-item\"><span style=\"height:34px;width:34px;margin-right:14px;\" class=\"icon-wrapper circle-no\"><i class=\"fusion-li-icon  fa fa-check\" style=\"color:#d71f27;\"><\/i><\/span><div class=\"fusion-li-item-content\" style=\"margin-left:48px;\">Anulaciones<\/div><\/li><li class=\"fusion-li-item\"><span style=\"height:34px;width:34px;margin-right:14px;\" class=\"icon-wrapper circle-no\"><i class=\"fusion-li-icon  fa fa-check\" style=\"color:#d71f27;\"><\/i><\/span><div class=\"fusion-li-item-content\" style=\"margin-left:48px;\">Cambios de nombre<\/div><\/li><\/ul><div class=\"fusion-sep-clear\"><\/div><div class=\"fusion-separator fusion-full-width-sep sep-none\" style=\"margin-left: auto;margin-right: auto;margin-top:10px;margin-bottom:20px;\"><\/div><div class=\"fusion-clearfix\"><\/div>\n\n\t\t\t\t\t<\/div>\n\t\t\t\t<\/div><\/div><\/div><div class=\"fusion-fullwidth fullwidth-box nonhundred-percent-fullwidth non-hundred-percent-height-scrolling\"  style='background-color: #1877df;background-position: left top;background-repeat: no-repeat;padding-top:40px;padding-right:0px;padding-bottom:20px;padding-left:0px;border-top-width:0px;border-bottom-width:0px;border-color:#eae9e9;border-top-style:solid;border-bottom-style:solid;'><div class=\"fusion-builder-row fusion-row \"><div  class=\"fusion-layout-column fusion_builder_column fusion_builder_column_1_1  fusion-one-full fusion-column-first fusion-column-last fusion-column-no-min-height 1_1\"  style='margin-top:0px;margin-bottom:0px;'>\n\t\t\t\t\t<div class=\"fusion-column-wrapper\" style=\"padding: 0px 0px 0px 0px;background-position:left top;background-repeat:no-repeat;-webkit-background-size:cover;-moz-background-size:cover;-o-background-size:cover;background-size:cover;\"  data-bg-url=\"\">\n\t\t\t\t\t\t<div class=\"fusion-title title fusion-title-center fusion-title-size-one\" style=\"margin-top:0px;margin-bottom:0px;\"><div class=\"title-sep-container title-sep-container-left\"><div class=\"title-sep sep-single sep-solid\" style=\"border-color:#e0dede;\"><\/div><\/div><h1 class=\"title-heading-center\"><span style=\"color: #ffffff;\">P\u00f3ngase en contacto con nosotros para una consulta en persona, o por tel\u00e9fono<\/span><\/h1><div class=\"title-sep-container title-sep-container-right\"><div class=\"title-sep sep-single sep-solid\" style=\"border-color:#e0dede;\"><\/div><\/div><\/div><div class=\"fusion-sep-clear\"><\/div><div class=\"fusion-separator fusion-full-width-sep sep-none\" style=\"margin-left: auto;margin-right: auto;margin-top:10px;margin-bottom:20px;\"><\/div><div class=\"fusion-clearfix\"><\/div>\n\n\t\t\t\t\t<\/div>\n\t\t\t\t<\/div><div  class=\"fusion-layout-column fusion_builder_column fusion_builder_column_1_4  fusion-one-fourth fusion-column-first 1_4\"  style='margin-top:0px;margin-bottom:20px;width:22%; margin-right: 4%;'>\n\t\t\t\t\t<div class=\"fusion-column-wrapper\" style=\"padding: 0px 0px 0px 0px;background-position:left top;background-repeat:no-repeat;-webkit-background-size:cover;-moz-background-size:cover;-o-background-size:cover;background-size:cover;\"  data-bg-url=\"\">\n\t\t\t\t\t\t<div class=\"fusion-clearfix\"><\/div>\n\n\t\t\t\t\t<\/div>\n\t\t\t\t<\/div><div  class=\"fusion-layout-column fusion_builder_column fusion_builder_column_1_2  fusion-one-half 1_2\"  style='margin-top:0px;margin-bottom:20px;width:48%; margin-right: 4%;'>\n\t\t\t\t\t<div class=\"fusion-column-wrapper\" style=\"padding: 0px 0px 0px 0px;background-position:left top;background-repeat:no-repeat;-webkit-background-size:cover;-moz-background-size:cover;-o-background-size:cover;background-size:cover;\"  data-bg-url=\"\">\n\t\t\t\t\t\t<div class=\"fusion-button-wrapper fusion-aligncenter\"><style type=\"text\/css\" scoped=\"scoped\">.fusion-button.button-1 .fusion-button-text, .fusion-button.button-1 i {color:#105378;}.fusion-button.button-1 {border-width:0px;border-color:#105378;}.fusion-button.button-1 .fusion-button-icon-divider{border-color:#105378;}.fusion-button.button-1:hover .fusion-button-text, .fusion-button.button-1:hover i,.fusion-button.button-1:focus .fusion-button-text, .fusion-button.button-1:focus i,.fusion-button.button-1:active .fusion-button-text, .fusion-button.button-1:active{color:#105378;}.fusion-button.button-1:hover, .fusion-button.button-1:focus, .fusion-button.button-1:active{border-width:0px;border-color:#105378;}.fusion-button.button-1:hover .fusion-button-icon-divider, .fusion-button.button-1:hover .fusion-button-icon-divider, .fusion-button.button-1:active .fusion-button-icon-divider{border-color:#105378;}.fusion-button.button-1{background: #d71f27;}.fusion-button.button-1:hover,.button-1:focus,.fusion-button.button-1:active{background: #5aabd6;\n\t\t\t\t\t\t\tbackground-image: -webkit-gradient( linear, left bottom, left top, from( #90c9e8 ), to( #5aabd6 ) );\n\t\t\t\t\t\t\tbackground-image: -webkit-linear-gradient( bottom, #90c9e8, #5aabd6 );\n\t\t\t\t\t\t\tbackground-image:   -moz-linear-gradient( bottom, #90c9e8, #5aabd6 );\n\t\t\t\t\t\t\tbackground-image:     -o-linear-gradient( bottom, #90c9e8, #5aabd6 );\n\t\t\t\t\t\t\tbackground-image: linear-gradient( to top, #90c9e8, #5aabd6 );}.fusion-button.button-1{width:auto;}<\/style><a class=\"fusion-button button-flat fusion-button-square button-xlarge button-custom button-1\" target=\"_self\" href=\"tel:940-591-8597\"><span class=\"fusion-button-text\"><span style=\"color: white;\">Ll\u00e1menos hoy mismo al 940-591-8597<\/span><\/span><\/a><\/div><div class=\"fusion-clearfix\"><\/div>\n\n\t\t\t\t\t<\/div>\n\t\t\t\t<\/div><div  class=\"fusion-layout-column fusion_builder_column fusion_builder_column_1_4  fusion-one-fourth fusion-column-last 1_4\"  style='margin-top:0px;margin-bottom:20px;width:22%'>\n\t\t\t\t\t<div class=\"fusion-column-wrapper\" style=\"padding: 0px 0px 0px 0px;background-position:left top;background-repeat:no-repeat;-webkit-background-size:cover;-moz-background-size:cover;-o-background-size:cover;background-size:cover;\"  data-bg-url=\"\">\n\t\t\t\t\t\t<div class=\"fusion-clearfix\"><\/div>\n\n\t\t\t\t\t<\/div>\n\t\t\t\t<\/div><\/div><\/div><\/p>\n","protected":false},"excerpt":{"rendered":"","protected":false},"author":1,"featured_media":0,"parent":0,"menu_order":0,"comment_status":"closed","ping_status":"closed","template":"100-width.php","meta":[],"_links":{"self":[{"href":"http:\/\/hinzmanflory.com\/es\/wp-json\/wp\/v2\/pages\/2057"}],"collection":[{"href":"http:\/\/hinzmanflory.com\/es\/wp-json\/wp\/v2\/pages"}],"about":[{"href":"http:\/\/hinzmanflory.com\/es\/wp-json\/wp\/v2\/types\/page"}],"author":[{"embeddable":true,"href":"http:\/\/hinzmanflory.com\/es\/wp-json\/wp\/v2\/users\/1"}],"replies":[{"embeddable":true,"href":"http:\/\/hinzmanflory.com\/es\/wp-json\/wp\/v2\/comments?post=2057"}],"version-history":[{"count":6,"href":"http:\/\/hinzmanflory.com\/es\/wp-json\/wp\/v2\/pages\/2057\/revisions"}],"predecessor-version":[{"id":2533,"href":"http:\/\/hinzmanflory.com\/es\/wp-json\/wp\/v2\/pages\/2057\/revisions\/2533"}],"wp:attachment":[{"href":"http:\/\/hinzmanflory.com\/es\/wp-json\/wp\/v2\/media?parent=2057"}],"curies":[{"name":"wp","href":"https:\/\/api.w.org\/{rel}","templated":true}]}}