{"id":2060,"date":"2016-05-06T22:16:53","date_gmt":"2016-05-06T22:16:53","guid":{"rendered":"http:\/\/hinzmanflory.com\/immigration\/"},"modified":"2019-04-22T17:38:54","modified_gmt":"2019-04-22T17:38:54","slug":"abogados-de-inmigracion-en-denton-county","status":"publish","type":"page","link":"http:\/\/hinzmanflory.com\/es\/abogados-de-inmigracion-en-denton-county\/","title":{"rendered":"Inmigraci\u00f3n"},"content":{"rendered":"<p><div class=\"fusion-fullwidth fullwidth-box nonhundred-percent-fullwidth non-hundred-percent-height-scrolling\"  style='background-color: rgba(255,255,255,0);background-position: left top;background-repeat: no-repeat;padding-top:20px;padding-right:0px;padding-bottom:20px;padding-left:0px;border-top-width:0px;border-bottom-width:0px;border-color:#eae9e9;border-top-style:solid;border-bottom-style:solid;'><div class=\"fusion-builder-row fusion-row \"><div  class=\"fusion-layout-column fusion_builder_column fusion_builder_column_1_1  fusion-one-full fusion-column-first fusion-column-last fusion-column-no-min-height 1_1\"  style='margin-top:0px;margin-bottom:0px;'>\n\t\t\t\t\t<div class=\"fusion-column-wrapper\" style=\"padding: 0px 0px 0px 0px;background-position:left top;background-repeat:no-repeat;-webkit-background-size:cover;-moz-background-size:cover;-o-background-size:cover;background-size:cover;\"  data-bg-url=\"\">\n\t\t\t\t\t\t<div class=\"fusion-title title fusion-title-center fusion-title-size-one\" style=\"margin-top:0px;margin-bottom:0px;\"><div class=\"title-sep-container title-sep-container-left\"><div class=\"title-sep sep-single sep-solid\" style=\"border-color:#e0dede;\"><\/div><\/div><h1 class=\"title-heading-center\"><p dir=\"ltr\"><span style=\"color: #ff0000;\">\u00abDame a vuestros rendidos, a vuestros pobres<\/span><br \/>\n<span style=\"color: #ff0000;\">Vuestras masas hacinadas anhelando respirar en libertad \u00ab<\/span><\/p><\/h1><div class=\"title-sep-container title-sep-container-right\"><div class=\"title-sep sep-single sep-solid\" style=\"border-color:#e0dede;\"><\/div><\/div><\/div><div class=\"fusion-clearfix\"><\/div>\n\n\t\t\t\t\t<\/div>\n\t\t\t\t<\/div><\/div><\/div><div class=\"fusion-fullwidth fullwidth-box nonhundred-percent-fullwidth non-hundred-percent-height-scrolling\"  style='background-color: rgba(255,255,255,0);background-position: left top;background-repeat: no-repeat;padding-right:20%;padding-bottom:20px;padding-left:20%;border-top-width:0px;border-bottom-width:0px;border-color:#eae9e9;border-top-style:solid;border-bottom-style:solid;'><div class=\"fusion-builder-row fusion-row \"><div  class=\"fusion-layout-column fusion_builder_column fusion_builder_column_1_1  fusion-one-full fusion-column-first fusion-column-last fusion-column-no-min-height 1_1\"  style='margin-top:0px;margin-bottom:0px;'>\n\t\t\t\t\t<div class=\"fusion-column-wrapper\" style=\"padding: 0px 0px 0px 0px;background-position:left top;background-repeat:no-repeat;-webkit-background-size:cover;-moz-background-size:cover;-o-background-size:cover;background-size:cover;\"  data-bg-url=\"\">\n\t\t\t\t\t\t<div class=\"fusion-text\"><p>Kevin y Craig se inspiran continuamente en la historia de Am\u00e9rica y los principios representados por esta famosa proclama inscrita en la Estatua de la Libertad. Desde su formaci\u00f3n en 1999, Hinzman &amp; Flory ha sido un bufete de abogados biling\u00fce dedicado a servir a la poblaci\u00f3n inmigrante del condado de Denton y el norte de Texas al proporcionar servicios de idioma espa\u00f1ol y representaci\u00f3n de inmigraci\u00f3n.<\/p>\n<p>Hinzman &amp; Flory contin\u00faa su tradici\u00f3n de brindar una defensa experta en inmigraci\u00f3n dedicada a servir a aquellos que intentan encontrar una mejor forma de vida en los Estados Unidos guiando a los clientes a trav\u00e9s del proceso para lograr su sue\u00f1o final de la ciudadan\u00eda estadounidense.\u00a0 Hinzman &amp; Flory se dedica a mantener unidas a las familias, reunir a las familias y proteger los refugios, y se enorgullece de proporcionar una representaci\u00f3n de expertos en inmigraci\u00f3n a trav\u00e9s de nuestro abogado de consejo, Jered Dobbs.\u00a0 Haga clic a continuaci\u00f3n para obtener m\u00e1s informaci\u00f3n sobre la pr\u00e1ctica de inmigraci\u00f3n de Hinzman &amp; Flory.<\/p>\n<\/div><div class=\"fusion-clearfix\"><\/div>\n\n\t\t\t\t\t<\/div>\n\t\t\t\t<\/div><\/div><\/div><div class=\"fusion-fullwidth fullwidth-box nonhundred-percent-fullwidth non-hundred-percent-height-scrolling\"  style='background-color: rgba(255,255,255,0);background-position: center center;background-repeat: no-repeat;padding-top:0px;padding-right:0px;padding-bottom:0px;padding-left:0px;'><div class=\"fusion-builder-row fusion-row \"><div  class=\"fusion-layout-column fusion_builder_column fusion_builder_column_1_1  fusion-one-full fusion-column-first fusion-column-last 1_1\"  style='margin-top:0px;margin-bottom:20px;'>\n\t\t\t\t\t<div class=\"fusion-column-wrapper\" style=\"padding: 0px 0px 0px 0px;background-position:left top;background-repeat:no-repeat;-webkit-background-size:cover;-moz-background-size:cover;-o-background-size:cover;background-size:cover;\"  data-bg-url=\"\">\n\t\t\t\t\t\t<div class=\"fusion-flip-boxes flip-boxes row fusion-columns-3\"><div class=\"fusion-flip-box-wrapper fusion-column col-lg-4 col-md-4 col-sm-4\"><div class=\"fusion-flip-box\"><div class=\"flip-box-inner-wrapper\"><div class=\"flip-box-front\" style=\"background-color:#d71f27;border-color:rgba(255,255,255,0);border-radius:4px;border-style:solid;border-width:1px;color:#ffffff;\"><div class=\"flip-box-front-inner\"><h2 class=\"flip-box-heading without-text\" style=\"color:#ffffff;\">Defensa de la Deportaci\u00f3n y Bonos de Inmigraci\u00f3n<\/h2><\/div><\/div><div class=\"flip-box-back\" style=\"background-color:#1877df;border-color:rgba(255,255,255,0);border-radius:4px;border-style:solid;border-width:1px;color:#ffffff;\"><div class=\"flip-box-back-inner\">\n<h2><span style=\"color: #ffffff;\"><a style=\"color: #ffffff;\" href=\"http:\/\/hinzmanflory.com\/es\/defensa-de-la-deportacion-y-bonos-de-inmigracion\/\">Haga Clic Para Leer<\/a><\/span><\/h2>\n<\/div><\/div><\/div><\/div><\/div><div class=\"fusion-flip-box-wrapper fusion-column col-lg-4 col-md-4 col-sm-4\"><div class=\"fusion-flip-box\"><div class=\"flip-box-inner-wrapper\"><div class=\"flip-box-front\" style=\"background-color:#d71f27;border-color:rgba(255,255,255,0);border-radius:4px;border-style:solid;border-width:1px;color:#ffffff;\"><div class=\"flip-box-front-inner\"><h2 class=\"flip-box-heading\" style=\"color:#ffffff;\">Tarjetas de Residencia y Visas de Inmigraci\u00f3n<\/h2>Basadas en el Matrimonio y la Familia<\/div><\/div><div class=\"flip-box-back\" style=\"background-color:#1877df;border-color:rgba(255,255,255,0);border-radius:4px;border-style:solid;border-width:1px;color:#ffffff;\"><div class=\"flip-box-back-inner\">\n<h2><a href=\"http:\/\/hinzmanflory.com\/es\/tarjetas-de-residencia-y-visas-de-immigracion-basadas-en-el-matrimonio-y-la-familia\/\"><span style=\"color: #ffffff;\">Haga Clic Para Leer<\/span><\/a><\/h2>\n<\/div><\/div><\/div><\/div><\/div><div class=\"fusion-flip-box-wrapper fusion-column col-lg-4 col-md-4 col-sm-4\"><div class=\"fusion-flip-box\"><div class=\"flip-box-inner-wrapper\"><div class=\"flip-box-front\" style=\"background-color:#d71f27;border-color:rgba(255,255,255,0);border-radius:4px;border-style:solid;border-width:1px;color:#ffffff;\"><div class=\"flip-box-front-inner\"><h2 class=\"flip-box-heading without-text\" style=\"color:#ffffff;\">Acci\u00f3n Diferida para los Llegados en la Infancia (DACA)<\/h2><\/div><\/div><div class=\"flip-box-back\" style=\"background-color:#1877df;border-color:rgba(255,255,255,0);border-radius:4px;border-style:solid;border-width:1px;color:#ffffff;\"><div class=\"flip-box-back-inner\">\n<h2><span style=\"color: #ffffff;\"><a style=\"color: #ffffff;\" href=\"http:\/\/hinzmanflory.com\/es\/accion-diferida-para-los-llegados-en-la-infancia-daca\/\">Haga Clic Para Leer<\/a><\/span><\/h2>\n<\/div><\/div><\/div><\/div><\/div><\/div><div class=\"fusion-clearfix\"><\/div><div class=\"fusion-flip-boxes flip-boxes row fusion-columns-3\"><div class=\"fusion-flip-box-wrapper fusion-column col-lg-4 col-md-4 col-sm-4\"><div class=\"fusion-flip-box\"><div class=\"flip-box-inner-wrapper\"><div class=\"flip-box-front\" style=\"background-color:#d71f27;border-color:rgba(255,255,255,0);border-radius:4px;border-style:solid;border-width:1px;color:#ffffff;\"><div class=\"flip-box-front-inner\"><h2 class=\"flip-box-heading without-text\" style=\"color:#ffffff;\">Asilo Pol\u00edtico, Visas U y Ayuda Humanitaria<\/h2><\/div><\/div><div class=\"flip-box-back\" style=\"background-color:#1877df;border-color:rgba(255,255,255,0);border-radius:4px;border-style:solid;border-width:1px;color:#ffffff;\"><div class=\"flip-box-back-inner\">\n<h2><a href=\"http:\/\/hinzmanflory.com\/es\/asilo-politico-visas-u-y-ayuda-humanitaria\/\"><span style=\"color: #ffffff;\">Haga Clic Para Leer<\/span><\/a><\/h2>\n<\/div><\/div><\/div><\/div><\/div><div class=\"fusion-flip-box-wrapper fusion-column col-lg-4 col-md-4 col-sm-4\"><div class=\"fusion-flip-box\"><div class=\"flip-box-inner-wrapper\"><div class=\"flip-box-front\" style=\"background-color:#d71f27;border-color:rgba(255,255,255,0);border-radius:4px;border-style:solid;border-width:1px;color:#ffffff;\"><div class=\"flip-box-front-inner\"><h2 class=\"flip-box-heading without-text\" style=\"color:#ffffff;\">Tarjetas de Residencia Basadas en Empleo<\/h2><\/div><\/div><div class=\"flip-box-back\" style=\"background-color:#1877df;border-color:rgba(255,255,255,0);border-radius:4px;border-style:solid;border-width:1px;color:#ffffff;\"><div class=\"flip-box-back-inner\">\n<h2><span style=\"color: #ffffff;\"><a style=\"color: #ffffff;\" href=\"http:\/\/hinzmanflory.com\/es\/tarjetas-de-residencia-basadas-en-empleo\/\">Haga Clic Para Leer<\/a><\/span><\/h2>\n<\/div><\/div><\/div><\/div><\/div><div class=\"fusion-flip-box-wrapper fusion-column col-lg-4 col-md-4 col-sm-4\"><div class=\"fusion-flip-box\"><div class=\"flip-box-inner-wrapper\"><div class=\"flip-box-front\" style=\"background-color:#d71f27;border-color:rgba(255,255,255,0);border-radius:4px;border-style:solid;border-width:1px;color:#ffffff;\"><div class=\"flip-box-front-inner\"><h2 class=\"flip-box-heading\" style=\"color:#ffffff;\">Visas de Habilidad Extraordinaria<\/h2>Visas de Atletas, Artistas y M\u00fasicos<\/div><\/div><div class=\"flip-box-back\" style=\"background-color:#1877df;border-color:rgba(255,255,255,0);border-radius:4px;border-style:solid;border-width:1px;color:#ffffff;\"><div class=\"flip-box-back-inner\">\n<h2><span style=\"color: #ffffff;\"><a style=\"color: #ffffff;\" href=\"http:\/\/hinzmanflory.com\/es\/visas-de-habilidad-extraordinaria-visas-de-atletas-artistas-y-musicos\/\">Haga Clic Para Leer<\/a><\/span><\/h2>\n<\/div><\/div><\/div><\/div><\/div><\/div><div class=\"fusion-clearfix\"><\/div><div class=\"fusion-flip-boxes flip-boxes row fusion-columns-3\"><div class=\"fusion-flip-box-wrapper fusion-column col-lg-4 col-md-4 col-sm-4\"><div class=\"fusion-flip-box\"><div class=\"flip-box-inner-wrapper\"><div class=\"flip-box-front\" style=\"background-color:#d71f27;border-color:rgba(255,255,255,0);border-radius:4px;border-style:solid;border-width:1px;color:#ffffff;\"><div class=\"flip-box-front-inner\"><h2 class=\"flip-box-heading without-text\" style=\"color:#ffffff;\">Apelaciones y Mociones de Inmigraci\u00f3n<\/h2><\/div><\/div><div class=\"flip-box-back\" style=\"background-color:#1877df;border-color:rgba(255,255,255,0);border-radius:4px;border-style:solid;border-width:1px;color:#ffffff;\"><div class=\"flip-box-back-inner\">\n<h2><span style=\"color: #ffffff;\"><a style=\"color: #ffffff;\" href=\"http:\/\/hinzmanflory.com\/es\/apelaciones-y-mociones-de-inmigracion\/\">Haga Clic Para Leer<\/a><\/span><\/h2>\n<\/div><\/div><\/div><\/div><\/div><div class=\"fusion-flip-box-wrapper fusion-column col-lg-4 col-md-4 col-sm-4\"><div class=\"fusion-flip-box\"><div class=\"flip-box-inner-wrapper\"><div class=\"flip-box-front\" style=\"background-color:#d71f27;border-color:rgba(255,255,255,0);border-radius:4px;border-style:solid;border-width:1px;color:#ffffff;\"><div class=\"flip-box-front-inner\"><h2 class=\"flip-box-heading without-text\" style=\"color:#ffffff;\">Litigio Federal de Inmigraci\u00f3n<\/h2><\/div><\/div><div class=\"flip-box-back\" style=\"background-color:#1877df;border-color:rgba(255,255,255,0);border-radius:4px;border-style:solid;border-width:1px;color:#ffffff;\"><div class=\"flip-box-back-inner\">\n<h2><span style=\"color: #ffffff;\"><a style=\"color: #ffffff;\" href=\"http:\/\/hinzmanflory.com\/es\/litigio-federal-de-immigracion\/\">Haga Clic Para Leer<\/a><\/span><\/h2>\n<\/div><\/div><\/div><\/div><\/div><\/div><div class=\"fusion-clearfix\"><\/div><div class=\"fusion-clearfix\"><\/div>\n\n\t\t\t\t\t<\/div>\n\t\t\t\t<\/div><\/div><\/div><div class=\"fusion-fullwidth fullwidth-box nonhundred-percent-fullwidth non-hundred-percent-height-scrolling\"  style='background-color: #1877df;background-position: left top;background-repeat: no-repeat;padding-top:40px;padding-right:0px;padding-bottom:20px;padding-left:0px;border-top-width:0px;border-bottom-width:0px;border-color:#eae9e9;border-top-style:solid;border-bottom-style:solid;'><div class=\"fusion-builder-row fusion-row \"><div  class=\"fusion-layout-column fusion_builder_column fusion_builder_column_1_1  fusion-one-full fusion-column-first fusion-column-last fusion-column-no-min-height 1_1\"  style='margin-top:0px;margin-bottom:0px;'>\n\t\t\t\t\t<div class=\"fusion-column-wrapper\" style=\"padding: 0px 0px 0px 0px;background-position:left top;background-repeat:no-repeat;-webkit-background-size:cover;-moz-background-size:cover;-o-background-size:cover;background-size:cover;\"  data-bg-url=\"\">\n\t\t\t\t\t\t<div class=\"fusion-title title fusion-title-center fusion-title-size-one\" style=\"margin-top:0px;margin-bottom:0px;\"><div class=\"title-sep-container title-sep-container-left\"><div class=\"title-sep sep-single sep-solid\" style=\"border-color:#e0dede;\"><\/div><\/div><h1 class=\"title-heading-center\"><span style=\"color: #ffffff;\">P\u00f3ngase en contacto con nosotros para una consulta en persona, o por tel\u00e9fono<\/span><\/h1><div class=\"title-sep-container title-sep-container-right\"><div class=\"title-sep sep-single sep-solid\" style=\"border-color:#e0dede;\"><\/div><\/div><\/div><div class=\"fusion-sep-clear\"><\/div><div class=\"fusion-separator fusion-full-width-sep sep-none\" style=\"margin-left: auto;margin-right: auto;margin-top:10px;margin-bottom:20px;\"><\/div><div class=\"fusion-clearfix\"><\/div>\n\n\t\t\t\t\t<\/div>\n\t\t\t\t<\/div><div  class=\"fusion-layout-column fusion_builder_column fusion_builder_column_1_4  fusion-one-fourth fusion-column-first 1_4\"  style='margin-top:0px;margin-bottom:20px;width:22%; margin-right: 4%;'>\n\t\t\t\t\t<div class=\"fusion-column-wrapper\" style=\"padding: 0px 0px 0px 0px;background-position:left top;background-repeat:no-repeat;-webkit-background-size:cover;-moz-background-size:cover;-o-background-size:cover;background-size:cover;\"  data-bg-url=\"\">\n\t\t\t\t\t\t<div class=\"fusion-clearfix\"><\/div>\n\n\t\t\t\t\t<\/div>\n\t\t\t\t<\/div><div  class=\"fusion-layout-column fusion_builder_column fusion_builder_column_1_2  fusion-one-half 1_2\"  style='margin-top:0px;margin-bottom:20px;width:48%; margin-right: 4%;'>\n\t\t\t\t\t<div class=\"fusion-column-wrapper\" style=\"padding: 0px 0px 0px 0px;background-position:left top;background-repeat:no-repeat;-webkit-background-size:cover;-moz-background-size:cover;-o-background-size:cover;background-size:cover;\"  data-bg-url=\"\">\n\t\t\t\t\t\t<div class=\"fusion-button-wrapper fusion-aligncenter\"><style type=\"text\/css\" scoped=\"scoped\">.fusion-button.button-1 .fusion-button-text, .fusion-button.button-1 i {color:#105378;}.fusion-button.button-1 {border-width:0px;border-color:#105378;}.fusion-button.button-1 .fusion-button-icon-divider{border-color:#105378;}.fusion-button.button-1:hover .fusion-button-text, .fusion-button.button-1:hover i,.fusion-button.button-1:focus .fusion-button-text, .fusion-button.button-1:focus i,.fusion-button.button-1:active .fusion-button-text, .fusion-button.button-1:active{color:#105378;}.fusion-button.button-1:hover, .fusion-button.button-1:focus, .fusion-button.button-1:active{border-width:0px;border-color:#105378;}.fusion-button.button-1:hover .fusion-button-icon-divider, .fusion-button.button-1:hover .fusion-button-icon-divider, .fusion-button.button-1:active .fusion-button-icon-divider{border-color:#105378;}.fusion-button.button-1{background: #d71f27;}.fusion-button.button-1:hover,.button-1:focus,.fusion-button.button-1:active{background: #5aabd6;\n\t\t\t\t\t\t\tbackground-image: -webkit-gradient( linear, left bottom, left top, from( #90c9e8 ), to( #5aabd6 ) );\n\t\t\t\t\t\t\tbackground-image: -webkit-linear-gradient( bottom, #90c9e8, #5aabd6 );\n\t\t\t\t\t\t\tbackground-image:   -moz-linear-gradient( bottom, #90c9e8, #5aabd6 );\n\t\t\t\t\t\t\tbackground-image:     -o-linear-gradient( bottom, #90c9e8, #5aabd6 );\n\t\t\t\t\t\t\tbackground-image: linear-gradient( to top, #90c9e8, #5aabd6 );}.fusion-button.button-1{width:auto;}<\/style><a class=\"fusion-button button-flat fusion-button-square button-xlarge button-custom button-1\" target=\"_self\" href=\"tel:940-591-8597\"><span class=\"fusion-button-text\"><span style=\"color: white;\">Ll\u00e1menos hoy mismo al 940-591-8597<\/span><\/span><\/a><\/div><div class=\"fusion-clearfix\"><\/div>\n\n\t\t\t\t\t<\/div>\n\t\t\t\t<\/div><div  class=\"fusion-layout-column fusion_builder_column fusion_builder_column_1_4  fusion-one-fourth fusion-column-last 1_4\"  style='margin-top:0px;margin-bottom:20px;width:22%'>\n\t\t\t\t\t<div class=\"fusion-column-wrapper\" style=\"padding: 0px 0px 0px 0px;background-position:left top;background-repeat:no-repeat;-webkit-background-size:cover;-moz-background-size:cover;-o-background-size:cover;background-size:cover;\"  data-bg-url=\"\">\n\t\t\t\t\t\t<div class=\"fusion-clearfix\"><\/div>\n\n\t\t\t\t\t<\/div>\n\t\t\t\t<\/div><\/div><\/div><div class=\"fusion-fullwidth fullwidth-box nonhundred-percent-fullwidth non-hundred-percent-height-scrolling\"  style='background-color: rgba(255,255,255,0);background-position: left top;background-repeat: no-repeat;padding-top:80px;padding-right:20%;padding-bottom:20px;padding-left:20%;border-top-width:0px;border-bottom-width:0px;border-color:#eae9e9;border-top-style:solid;border-bottom-style:solid;'><div class=\"fusion-builder-row fusion-row \"><div  class=\"fusion-layout-column fusion_builder_column fusion_builder_column_1_1  fusion-one-full fusion-column-first fusion-column-last fusion-column-no-min-height 1_1\"  style='margin-top:0px;margin-bottom:0px;'>\n\t\t\t\t\t<div class=\"fusion-column-wrapper\" style=\"padding: 0px 0px 0px 0px;background-position:left top;background-repeat:no-repeat;-webkit-background-size:cover;-moz-background-size:cover;-o-background-size:cover;background-size:cover;\"  data-bg-url=\"\">\n\t\t\t\t\t\t<div class=\"fusion-title title fusion-title-center fusion-title-size-one\" style=\"margin-top:0px;margin-bottom:0px;\"><div class=\"title-sep-container title-sep-container-left\"><div class=\"title-sep sep-single sep-solid\" style=\"border-color:#e0dede;\"><\/div><\/div><h1 class=\"title-heading-center\"><p dir=\"ltr\" style=\"text-align: center;\">El nuevo coloso<br \/>\n<span style=\"color: #d71f27;\">Emma Lazarus<\/span><\/p><\/h1><div class=\"title-sep-container title-sep-container-right\"><div class=\"title-sep sep-single sep-solid\" style=\"border-color:#e0dede;\"><\/div><\/div><\/div><div class=\"fusion-text\"><p style=\"text-align: center;\">No como el m\u00edtico gigante griego de bronce,<br \/>\nDe miembros conquistadores a horcajadas de tierra a tierra;<br \/>\nAqu\u00ed en nuestras puertas del ocaso ba\u00f1adas por el mar se erguir\u00e1.<br \/>\nUna poderosa mujer con una antorcha cuya llama<br \/>\nEs el rel\u00e1mpago aprisionado, y su nombre.<br \/>\nMadre de los Desterrados. Desde el faro de su mano<br \/>\nBrilla la bienvenida para todo el mundo; sus templados ojos dominan<br \/>\nLas ciudades gemelas que enmarcan el puerto de a\u00e9reos puentes<\/p>\n<p style=\"text-align: center;\">\u00ab\u00a1Guardaos, tierras antiguas, vuestra pompa legendaria!\u00bb grita ella.<br \/>\n\u00ab\u00a1Dadme a vuestros rendidos, a vuestros pobres<br \/>\nVuestras masas hacinadas anhelando respirar en libertad<br \/>\nEl desamparado desecho de vuestras rebosantes playas<br \/>\nEnviadme a estos, los desamparados, sacudidos por las tempestades a m\u00ed<br \/>\n\u00a1Yo elevo mi faro detr\u00e1s de la puerta dorada!\u00bb<\/p>\n<\/div><div class=\"fusion-clearfix\"><\/div>\n\n\t\t\t\t\t<\/div>\n\t\t\t\t<\/div><\/div><\/div><\/p>\n","protected":false},"excerpt":{"rendered":"","protected":false},"author":1,"featured_media":0,"parent":0,"menu_order":0,"comment_status":"closed","ping_status":"closed","template":"100-width.php","meta":[],"_links":{"self":[{"href":"http:\/\/hinzmanflory.com\/es\/wp-json\/wp\/v2\/pages\/2060"}],"collection":[{"href":"http:\/\/hinzmanflory.com\/es\/wp-json\/wp\/v2\/pages"}],"about":[{"href":"http:\/\/hinzmanflory.com\/es\/wp-json\/wp\/v2\/types\/page"}],"author":[{"embeddable":true,"href":"http:\/\/hinzmanflory.com\/es\/wp-json\/wp\/v2\/users\/1"}],"replies":[{"embeddable":true,"href":"http:\/\/hinzmanflory.com\/es\/wp-json\/wp\/v2\/comments?post=2060"}],"version-history":[{"count":22,"href":"http:\/\/hinzmanflory.com\/es\/wp-json\/wp\/v2\/pages\/2060\/revisions"}],"predecessor-version":[{"id":2849,"href":"http:\/\/hinzmanflory.com\/es\/wp-json\/wp\/v2\/pages\/2060\/revisions\/2849"}],"wp:attachment":[{"href":"http:\/\/hinzmanflory.com\/es\/wp-json\/wp\/v2\/media?parent=2060"}],"curies":[{"name":"wp","href":"https:\/\/api.w.org\/{rel}","templated":true}]}}