{"id":2070,"date":"2016-09-28T23:52:01","date_gmt":"2016-09-28T23:52:01","guid":{"rendered":"http:\/\/hinzmanflory.com\/useful-links\/"},"modified":"2019-02-04T23:33:28","modified_gmt":"2019-02-04T23:33:28","slug":"enlaces-utiles","status":"publish","type":"page","link":"http:\/\/hinzmanflory.com\/es\/enlaces-utiles\/","title":{"rendered":"Enlaces \u00datiles"},"content":{"rendered":"<p><div class=\"fusion-fullwidth fullwidth-box nonhundred-percent-fullwidth non-hundred-percent-height-scrolling\"  style='background-color: rgba(255,255,255,0);background-position: left top;background-repeat: no-repeat;padding-right:20%;padding-bottom:20px;padding-left:20%;border-top-width:0px;border-bottom-width:0px;border-color:#eae9e9;border-top-style:solid;border-bottom-style:solid;'><div class=\"fusion-builder-row fusion-row \"><div  class=\"fusion-layout-column fusion_builder_column fusion_builder_column_1_1  fusion-one-full fusion-column-first fusion-column-last fusion-column-no-min-height 1_1\"  style='margin-top:0px;margin-bottom:0px;'>\n\t\t\t\t\t<div class=\"fusion-column-wrapper\" style=\"padding: 0px 0px 0px 0px;background-position:left top;background-repeat:no-repeat;-webkit-background-size:cover;-moz-background-size:cover;-o-background-size:cover;background-size:cover;\"  data-bg-url=\"\">\n\t\t\t\t\t\t<ul class=\"fusion-checklist fusion-checklist-1\" style=\"font-size:24px;line-height:40.8px;\"><li class=\"fusion-li-item\"><span style=\"height:40.8px;width:40.8px;margin-right:16.8px;\" class=\"icon-wrapper circle-no\"><i class=\"fusion-li-icon fa-check fas\" style=\"color:#d71f27;\"><\/i><\/span><div class=\"fusion-li-item-content\" style=\"margin-left:57.6px;\"><a href=\"https:\/\/txapps.texas.gov\/txapp\/txdps\/dleligibility\/login.do\" target=\"_blank\" rel=\"noopener\"><span style=\"font-weight: 400;\">Elegibilidad de la licencia de conducir de Texas &#8211; Averig\u00fce si su licencia est\u00e1 suspendida y c\u00f3mo recuperarla.<\/span><\/a><\/div><\/li><li class=\"fusion-li-item\"><span style=\"height:40.8px;width:40.8px;margin-right:16.8px;\" class=\"icon-wrapper circle-no\"><i class=\"fusion-li-icon fa-check fas\" style=\"color:#d71f27;\"><\/i><\/span><div class=\"fusion-li-item-content\" style=\"margin-left:57.6px;\"><a href=\"https:\/\/www.txsurchargeonline.com\/(S(liougznmpvjs0gjhuht23vl4))\/default.aspx\" target=\"_blank\" rel=\"noopener\"><span style=\"font-weight: 400;\">Sobrecargos de la licencia de conducir de Texas &#8211; Buscar sobrecargos debidos y solicitar el alivio de la indigencia.<\/span><\/a><\/div><\/li><li class=\"fusion-li-item\"><span style=\"height:40.8px;width:40.8px;margin-right:16.8px;\" class=\"icon-wrapper circle-no\"><i class=\"fusion-li-icon fa-check fas\" style=\"color:#d71f27;\"><\/i><\/span><div class=\"fusion-li-item-content\" style=\"margin-left:57.6px;\"><a href=\"https:\/\/www.texasbar.com\/AM\/Template.cfm?Section=Our_Legal_System1&amp;Template=\/CM\/ContentDisplay.cfm&amp;ContentID=23459\" target=\"_blank\" rel=\"noopener\"><span style=\"font-weight: 400;\">Limpieza de antecedentes penales &#8211; Informaci\u00f3n sobre el proceso de borramientos de registro.<\/span><\/a><\/div><\/li><li class=\"fusion-li-item\"><span style=\"height:40.8px;width:40.8px;margin-right:16.8px;\" class=\"icon-wrapper circle-no\"><i class=\"fusion-li-icon fa-check fas\" style=\"color:#d71f27;\"><\/i><\/span><div class=\"fusion-li-item-content\" style=\"margin-left:57.6px;\"><a href=\"http:\/\/www.voiceforthedefenseonline.com\/story\/criminal-discovery-texas%E2%80%942014-beginning-brave-new-world-fairness\" target=\"_blank\" rel=\"noopener\"><span style=\"font-weight: 400;\">Ley de descubrimiento criminal de Texas &#8211; Informaci\u00f3n sobre c\u00f3mo obtener copias de los informes policiales.<\/span><\/a><\/p>\n<\/div><\/li><li class=\"fusion-li-item\"><span style=\"height:40.8px;width:40.8px;margin-right:16.8px;\" class=\"icon-wrapper circle-no\"><i class=\"fusion-li-icon fa-check fas\" style=\"color:#d71f27;\"><\/i><\/span><div class=\"fusion-li-item-content\" style=\"margin-left:57.6px;\">\n<p><a href=\"http:\/\/hinzmanflory.com\/wp-content\/uploads\/2019\/01\/Conozca-Sus-Derechos-Si-ICE-Visita-Su-Hogar.jpg\" target=\"_blank\" rel=\"noopener\">Conozca Sus Derechos Si ICE Visita Su Hogar!<\/a><\/p>\n<\/div><\/li><\/ul><div class=\"fusion-clearfix\"><\/div>\n\n\t\t\t\t\t<\/div>\n\t\t\t\t<\/div><\/div><\/div><div class=\"fusion-fullwidth fullwidth-box nonhundred-percent-fullwidth non-hundred-percent-height-scrolling\"  style='background-color: #1877df;background-position: left top;background-repeat: no-repeat;padding-top:40px;padding-right:0px;padding-bottom:20px;padding-left:0px;border-top-width:0px;border-bottom-width:0px;border-color:#eae9e9;border-top-style:solid;border-bottom-style:solid;'><div class=\"fusion-builder-row fusion-row \"><div  class=\"fusion-layout-column fusion_builder_column fusion_builder_column_1_1  fusion-one-full fusion-column-first fusion-column-last fusion-column-no-min-height 1_1\"  style='margin-top:0px;margin-bottom:0px;'>\n\t\t\t\t\t<div class=\"fusion-column-wrapper\" style=\"padding: 0px 0px 0px 0px;background-position:left top;background-repeat:no-repeat;-webkit-background-size:cover;-moz-background-size:cover;-o-background-size:cover;background-size:cover;\"  data-bg-url=\"\">\n\t\t\t\t\t\t<div class=\"fusion-title title fusion-title-center fusion-title-size-one\" style=\"margin-top:0px;margin-bottom:0px;\"><div class=\"title-sep-container title-sep-container-left\"><div class=\"title-sep sep-single sep-solid\" style=\"border-color:#e0dede;\"><\/div><\/div><h1 class=\"title-heading-center\"><span style=\"color: #ffffff;\">P\u00f3ngase contacto con nosotros para una consulta en persona, or por tel\u00e9fono<\/span><\/h1><div class=\"title-sep-container title-sep-container-right\"><div class=\"title-sep sep-single sep-solid\" style=\"border-color:#e0dede;\"><\/div><\/div><\/div><div class=\"fusion-sep-clear\"><\/div><div class=\"fusion-separator fusion-full-width-sep sep-none\" style=\"margin-left: auto;margin-right: auto;margin-top:10px;margin-bottom:20px;\"><\/div><div class=\"fusion-clearfix\"><\/div>\n\n\t\t\t\t\t<\/div>\n\t\t\t\t<\/div><div  class=\"fusion-layout-column fusion_builder_column fusion_builder_column_1_4  fusion-one-fourth fusion-column-first 1_4\"  style='margin-top:0px;margin-bottom:20px;width:22%; margin-right: 4%;'>\n\t\t\t\t\t<div class=\"fusion-column-wrapper\" style=\"padding: 0px 0px 0px 0px;background-position:left top;background-repeat:no-repeat;-webkit-background-size:cover;-moz-background-size:cover;-o-background-size:cover;background-size:cover;\"  data-bg-url=\"\">\n\t\t\t\t\t\t<div class=\"fusion-clearfix\"><\/div>\n\n\t\t\t\t\t<\/div>\n\t\t\t\t<\/div><div  class=\"fusion-layout-column fusion_builder_column fusion_builder_column_1_2  fusion-one-half 1_2\"  style='margin-top:0px;margin-bottom:20px;width:48%; margin-right: 4%;'>\n\t\t\t\t\t<div class=\"fusion-column-wrapper\" style=\"padding: 0px 0px 0px 0px;background-position:left top;background-repeat:no-repeat;-webkit-background-size:cover;-moz-background-size:cover;-o-background-size:cover;background-size:cover;\"  data-bg-url=\"\">\n\t\t\t\t\t\t<div class=\"fusion-button-wrapper fusion-aligncenter\"><style type=\"text\/css\" scoped=\"scoped\">.fusion-button.button-1 .fusion-button-text, .fusion-button.button-1 i {color:#105378;}.fusion-button.button-1 {border-width:0px;border-color:#105378;}.fusion-button.button-1 .fusion-button-icon-divider{border-color:#105378;}.fusion-button.button-1:hover .fusion-button-text, .fusion-button.button-1:hover i,.fusion-button.button-1:focus .fusion-button-text, .fusion-button.button-1:focus i,.fusion-button.button-1:active .fusion-button-text, .fusion-button.button-1:active{color:#105378;}.fusion-button.button-1:hover, .fusion-button.button-1:focus, .fusion-button.button-1:active{border-width:0px;border-color:#105378;}.fusion-button.button-1:hover .fusion-button-icon-divider, .fusion-button.button-1:hover .fusion-button-icon-divider, .fusion-button.button-1:active .fusion-button-icon-divider{border-color:#105378;}.fusion-button.button-1{background: #d71f27;}.fusion-button.button-1:hover,.button-1:focus,.fusion-button.button-1:active{background: #5aabd6;\n\t\t\t\t\t\t\tbackground-image: -webkit-gradient( linear, left bottom, left top, from( #90c9e8 ), to( #5aabd6 ) );\n\t\t\t\t\t\t\tbackground-image: -webkit-linear-gradient( bottom, #90c9e8, #5aabd6 );\n\t\t\t\t\t\t\tbackground-image:   -moz-linear-gradient( bottom, #90c9e8, #5aabd6 );\n\t\t\t\t\t\t\tbackground-image:     -o-linear-gradient( bottom, #90c9e8, #5aabd6 );\n\t\t\t\t\t\t\tbackground-image: linear-gradient( to top, #90c9e8, #5aabd6 );}.fusion-button.button-1{width:auto;}<\/style><a class=\"fusion-button button-flat fusion-button-square button-xlarge button-custom button-1\" target=\"_self\" href=\"tel:940-591-8597\"><span class=\"fusion-button-text\"><span style=\"color: white;\">Ll\u00e1menos hoy mismo al 940-591-8597<\/span><\/span><\/a><\/div><div class=\"fusion-clearfix\"><\/div>\n\n\t\t\t\t\t<\/div>\n\t\t\t\t<\/div><div  class=\"fusion-layout-column fusion_builder_column fusion_builder_column_1_4  fusion-one-fourth fusion-column-last 1_4\"  style='margin-top:0px;margin-bottom:20px;width:22%'>\n\t\t\t\t\t<div class=\"fusion-column-wrapper\" style=\"padding: 0px 0px 0px 0px;background-position:left top;background-repeat:no-repeat;-webkit-background-size:cover;-moz-background-size:cover;-o-background-size:cover;background-size:cover;\"  data-bg-url=\"\">\n\t\t\t\t\t\t<div class=\"fusion-clearfix\"><\/div>\n\n\t\t\t\t\t<\/div>\n\t\t\t\t<\/div><\/div><\/div><\/p>\n","protected":false},"excerpt":{"rendered":"","protected":false},"author":1,"featured_media":0,"parent":0,"menu_order":0,"comment_status":"closed","ping_status":"closed","template":"100-width.php","meta":[],"_links":{"self":[{"href":"http:\/\/hinzmanflory.com\/es\/wp-json\/wp\/v2\/pages\/2070"}],"collection":[{"href":"http:\/\/hinzmanflory.com\/es\/wp-json\/wp\/v2\/pages"}],"about":[{"href":"http:\/\/hinzmanflory.com\/es\/wp-json\/wp\/v2\/types\/page"}],"author":[{"embeddable":true,"href":"http:\/\/hinzmanflory.com\/es\/wp-json\/wp\/v2\/users\/1"}],"replies":[{"embeddable":true,"href":"http:\/\/hinzmanflory.com\/es\/wp-json\/wp\/v2\/comments?post=2070"}],"version-history":[{"count":7,"href":"http:\/\/hinzmanflory.com\/es\/wp-json\/wp\/v2\/pages\/2070\/revisions"}],"predecessor-version":[{"id":2612,"href":"http:\/\/hinzmanflory.com\/es\/wp-json\/wp\/v2\/pages\/2070\/revisions\/2612"}],"wp:attachment":[{"href":"http:\/\/hinzmanflory.com\/es\/wp-json\/wp\/v2\/media?parent=2070"}],"curies":[{"name":"wp","href":"https:\/\/api.w.org\/{rel}","templated":true}]}}