{"id":2093,"date":"2016-11-04T19:15:15","date_gmt":"2016-11-04T19:15:15","guid":{"rendered":"http:\/\/hinzmanflory.com\/our-results\/"},"modified":"2019-03-22T19:30:44","modified_gmt":"2019-03-22T19:30:44","slug":"our-results","status":"publish","type":"page","link":"http:\/\/hinzmanflory.com\/es\/our-results\/","title":{"rendered":"Resultados"},"content":{"rendered":"<div class=\"fusion-fullwidth fullwidth-box nonhundred-percent-fullwidth non-hundred-percent-height-scrolling\"  style='background-color: rgba(255,255,255,0);background-position: left top;background-repeat: no-repeat;padding-top:20px;padding-right:10%;padding-bottom:20px;padding-left:10%;border-top-width:0px;border-bottom-width:0px;border-color:#eae9e9;border-top-style:solid;border-bottom-style:solid;'><div class=\"fusion-builder-row fusion-row \"><div  class=\"fusion-layout-column fusion_builder_column fusion_builder_column_1_1  fusion-one-full fusion-column-first fusion-column-last fusion-column-no-min-height 1_1\"  style='margin-top:0px;margin-bottom:0px;'>\n\t\t\t\t\t<div class=\"fusion-column-wrapper\" style=\"padding: 0px 0px 0px 0px;background-position:left top;background-repeat:no-repeat;-webkit-background-size:cover;-moz-background-size:cover;-o-background-size:cover;background-size:cover;\"  data-bg-url=\"\">\n\t\t\t\t\t\t<div class=\"fusion-blog-shortcode fusion-blog-shortcode-1 fusion-blog-archive fusion-blog-layout-medium fusion-blog-pagination\"><div class=\"fusion-posts-container fusion-posts-container-pagination fusion-blog-rollover\" data-pages=\"1\"><article id=\"blog-1-post-2102\" class=\"fusion-post-medium post-2102 post type-post status-publish format-standard hentry category-lo-que-hacemos category-resultados\">\n\t<style type=\"text\/css\">\n\t\t\n\t\t\n\t\t\n\t\t\n\t\t\t<\/style>\n\n\n<div class=\"fusion-post-content post-content\"><h2 class=\"blog-shortcode-post-title entry-title\"><a href=\"http:\/\/hinzmanflory.com\/es\/declinacion-de-asalto-que-causa-lesion-corporal-violencia-domestica-primavera-2012\/\">DECLINACI\u00d3N DE ASALTO QUE CAUSA LESI\u00d3N CORPORAL (VIOLENCIA DOMESTICA) &#8211; PRIMAVERA 2012<\/a><\/h2><div class=\"fusion-post-content-container\"><p>Craig Flory convenci\u00f3 al Fiscal del Distrito de no presentar un caso de asalto de violencia domestica contra su cliente que fue acusado...<\/p><\/div><\/div><div class=\"fusion-clearfix\"><\/div><div class=\"fusion-meta-info\"><div class=\"fusion-alignleft\"><span class=\"vcard\" style=\"display: none;\"><span class=\"fn\"><a href=\"http:\/\/hinzmanflory.com\/es\/author\/themanofmen\/\" title=\"Entradas de themanofmen\" rel=\"author\">themanofmen<\/a><\/span><\/span><span class=\"updated\" style=\"display:none;\">2019-03-22T19:49:04+00:00<\/span><span>enero 13th, 2017<\/span><span class=\"fusion-inline-sep\">|<\/span><\/div><div class=\"fusion-alignright\"><a class=\"fusion-read-more\" href=\"http:\/\/hinzmanflory.com\/es\/declinacion-de-asalto-que-causa-lesion-corporal-violencia-domestica-primavera-2012\/\">Read More<\/a><\/div><\/div><\/article>\n<article id=\"blog-1-post-2101\" class=\"fusion-post-medium post-2101 post type-post status-publish format-standard hentry category-lo-que-hacemos category-resultados\">\n\t<style type=\"text\/css\">\n\t\t\n\t\t\n\t\t\n\t\t\n\t\t\t<\/style>\n\n\n<div class=\"fusion-post-content post-content\"><h2 class=\"blog-shortcode-post-title entry-title\"><a href=\"http:\/\/hinzmanflory.com\/es\/prueba-no-culpable-en-asalto-violencia-domestica-primavera-2013\/\">PRUEBA NO CULPABLE EN ASALTO (VIOLENCIA DOM\u00c9STICA) &#8211; PRIMAVERA 2013<\/a><\/h2><div class=\"fusion-post-content-container\"><p>Kevin Hinzman recibi\u00f3 un veredicto de no culpable del jurado en un caso de Asalto causando lesiones corporales (violencia dom\u00e9stica) a pesar de las marcas de mordida profundas y visibles de el presunto v\u00edctimo...<\/p><\/div><\/div><div class=\"fusion-clearfix\"><\/div><div class=\"fusion-meta-info\"><div class=\"fusion-alignleft\"><span class=\"vcard\" style=\"display: none;\"><span class=\"fn\"><a href=\"http:\/\/hinzmanflory.com\/es\/author\/themanofmen\/\" title=\"Entradas de themanofmen\" rel=\"author\">themanofmen<\/a><\/span><\/span><span class=\"updated\" style=\"display:none;\">2019-03-22T19:49:14+00:00<\/span><span>enero 13th, 2017<\/span><span class=\"fusion-inline-sep\">|<\/span><\/div><div class=\"fusion-alignright\"><a class=\"fusion-read-more\" href=\"http:\/\/hinzmanflory.com\/es\/prueba-no-culpable-en-asalto-violencia-domestica-primavera-2013\/\">Read More<\/a><\/div><\/div><\/article>\n<article id=\"blog-1-post-2108\" class=\"fusion-post-medium post-2108 post type-post status-publish format-standard hentry category-resultados\">\n\t<style type=\"text\/css\">\n\t\t\n\t\t\n\t\t\n\t\t\n\t\t\t<\/style>\n\n\n<div class=\"fusion-post-content post-content\"><h2 class=\"blog-shortcode-post-title entry-title\"><a href=\"http:\/\/hinzmanflory.com\/es\/reduction-felony-credit-card-abuse-misdemeanor-theft-summer-2016\/\">REDUCCI\u00d3N DEL ABUSO DE LA TARJETA DE CR\u00c9DITO FELONY A ROBO DELITO MENOR &#8211; VERANO 2016<\/a><\/h2><div class=\"fusion-post-content-container\"><p>Craig Flory negoci\u00f3 con \u00e9xito un acuerdo de declaraci\u00f3n de culpabilidad por una reducci\u00f3n de un caso de delito de c\u00e1rcel...<\/p><\/div><\/div><div class=\"fusion-clearfix\"><\/div><div class=\"fusion-meta-info\"><div class=\"fusion-alignleft\"><span class=\"vcard\" style=\"display: none;\"><span class=\"fn\"><a href=\"http:\/\/hinzmanflory.com\/es\/author\/craig\/\" title=\"Entradas de Craig Flory\" rel=\"author\">Craig Flory<\/a><\/span><\/span><span class=\"updated\" style=\"display:none;\">2019-03-22T19:44:59+00:00<\/span><span>noviembre 2nd, 2016<\/span><span class=\"fusion-inline-sep\">|<\/span><\/div><div class=\"fusion-alignright\"><a class=\"fusion-read-more\" href=\"http:\/\/hinzmanflory.com\/es\/reduction-felony-credit-card-abuse-misdemeanor-theft-summer-2016\/\">Read More<\/a><\/div><\/div><\/article>\n<article id=\"blog-1-post-2110\" class=\"fusion-post-medium post-2110 post type-post status-publish format-standard hentry category-resultados\">\n\t<style type=\"text\/css\">\n\t\t\n\t\t\n\t\t\n\t\t\n\t\t\t<\/style>\n\n\n<div class=\"fusion-post-content post-content\"><h2 class=\"blog-shortcode-post-title entry-title\"><a href=\"http:\/\/hinzmanflory.com\/es\/dismissal-posession-marijuana-case-march-2016\/\">DESPIDO DE CASO DE POSESI\u00d3N DE MARIJUANA &#8211; PRIMAVERA 2016<\/a><\/h2><div class=\"fusion-post-content-container\"><p>Craig Flory negoci\u00f3 con \u00e9xito un despido condicional de un caso de posesi\u00f3n de marijuana de Clase B del cliente ...<\/p><\/div><\/div><div class=\"fusion-clearfix\"><\/div><div class=\"fusion-meta-info\"><div class=\"fusion-alignleft\"><span class=\"vcard\" style=\"display: none;\"><span class=\"fn\"><a href=\"http:\/\/hinzmanflory.com\/es\/author\/craig\/\" title=\"Entradas de Craig Flory\" rel=\"author\">Craig Flory<\/a><\/span><\/span><span class=\"updated\" style=\"display:none;\">2019-03-22T19:46:03+00:00<\/span><span>noviembre 1st, 2016<\/span><span class=\"fusion-inline-sep\">|<\/span><\/div><div class=\"fusion-alignright\"><a class=\"fusion-read-more\" href=\"http:\/\/hinzmanflory.com\/es\/dismissal-posession-marijuana-case-march-2016\/\">Read More<\/a><\/div><\/div><\/article>\n<article id=\"blog-1-post-2112\" class=\"fusion-post-medium post-2112 post type-post status-publish format-standard hentry category-lo-que-hacemos category-resultados\">\n\t<style type=\"text\/css\">\n\t\t\n\t\t\n\t\t\n\t\t\n\t\t\t<\/style>\n\n\n<div class=\"fusion-post-content post-content\"><h2 class=\"blog-shortcode-post-title entry-title\"><a href=\"http:\/\/hinzmanflory.com\/es\/dismissal-assault-causing-bodily-injury-family-violence-winter-2015\/\">DESPIDO DE CASO DE ASALTO QUE CAUSA LESI\u00d3N CORPORAL (VIOLENCIA DOMESTICA) &#8211; INVIERNO 2015<\/a><\/h2><div class=\"fusion-post-content-container\"><p>Craig Flory negoci\u00f3 con \u00e9xito el despido del caso de asalto de su familia por violencia domestica despu\u00e9s de obtener una declaraci\u00f3n jurada dela presunta v\u00edctima...<\/p><\/div><\/div><div class=\"fusion-clearfix\"><\/div><div class=\"fusion-meta-info\"><div class=\"fusion-alignleft\"><span class=\"vcard\" style=\"display: none;\"><span class=\"fn\"><a href=\"http:\/\/hinzmanflory.com\/es\/author\/craig\/\" title=\"Entradas de Craig Flory\" rel=\"author\">Craig Flory<\/a><\/span><\/span><span class=\"updated\" style=\"display:none;\">2019-03-22T19:46:47+00:00<\/span><span>octubre 31st, 2016<\/span><span class=\"fusion-inline-sep\">|<\/span><\/div><div class=\"fusion-alignright\"><a class=\"fusion-read-more\" href=\"http:\/\/hinzmanflory.com\/es\/dismissal-assault-causing-bodily-injury-family-violence-winter-2015\/\">Read More<\/a><\/div><\/div><\/article>\n<article id=\"blog-1-post-2115\" class=\"fusion-post-medium post-2115 post type-post status-publish format-standard hentry category-resultados\">\n\t<style type=\"text\/css\">\n\t\t\n\t\t\n\t\t\n\t\t\n\t\t\t<\/style>\n\n\n<div class=\"fusion-post-content post-content\"><h2 class=\"blog-shortcode-post-title entry-title\"><a href=\"http:\/\/hinzmanflory.com\/es\/dismissal-possession-marijuana-case-august-2015\/\">DESPIDO DE CASO DE POSESI\u00d3N DE MARIJUANA &#8211; VERANO 2015<\/a><\/h2><div class=\"fusion-post-content-container\"><p>Craig Flory negoci\u00f3 con \u00e9xito un despido absoluto del caso de Clase B de un cliente. Posesi\u00f3n de Marijuana donde el oficial observ\u00f3 el veh\u00edculo del cliente estacionado en una plaza de aparcamiento...<\/p><\/div><\/div><div class=\"fusion-clearfix\"><\/div><div class=\"fusion-meta-info\"><div class=\"fusion-alignleft\"><span class=\"vcard\" style=\"display: none;\"><span class=\"fn\"><a href=\"http:\/\/hinzmanflory.com\/es\/author\/craig\/\" title=\"Entradas de Craig Flory\" rel=\"author\">Craig Flory<\/a><\/span><\/span><span class=\"updated\" style=\"display:none;\">2019-03-22T19:48:01+00:00<\/span><span>octubre 31st, 2016<\/span><span class=\"fusion-inline-sep\">|<\/span><\/div><div class=\"fusion-alignright\"><a class=\"fusion-read-more\" href=\"http:\/\/hinzmanflory.com\/es\/dismissal-possession-marijuana-case-august-2015\/\">Read More<\/a><\/div><\/div><\/article>\n<\/div><\/div><div class=\"fusion-clearfix\"><\/div>\n\n\t\t\t\t\t<\/div>\n\t\t\t\t<\/div><\/div><\/div>\n","protected":false},"excerpt":{"rendered":"","protected":false},"author":1,"featured_media":0,"parent":0,"menu_order":0,"comment_status":"closed","ping_status":"closed","template":"","meta":[],"_links":{"self":[{"href":"http:\/\/hinzmanflory.com\/es\/wp-json\/wp\/v2\/pages\/2093"}],"collection":[{"href":"http:\/\/hinzmanflory.com\/es\/wp-json\/wp\/v2\/pages"}],"about":[{"href":"http:\/\/hinzmanflory.com\/es\/wp-json\/wp\/v2\/types\/page"}],"author":[{"embeddable":true,"href":"http:\/\/hinzmanflory.com\/es\/wp-json\/wp\/v2\/users\/1"}],"replies":[{"embeddable":true,"href":"http:\/\/hinzmanflory.com\/es\/wp-json\/wp\/v2\/comments?post=2093"}],"version-history":[{"count":5,"href":"http:\/\/hinzmanflory.com\/es\/wp-json\/wp\/v2\/pages\/2093\/revisions"}],"predecessor-version":[{"id":2813,"href":"http:\/\/hinzmanflory.com\/es\/wp-json\/wp\/v2\/pages\/2093\/revisions\/2813"}],"wp:attachment":[{"href":"http:\/\/hinzmanflory.com\/es\/wp-json\/wp\/v2\/media?parent=2093"}],"curies":[{"name":"wp","href":"https:\/\/api.w.org\/{rel}","templated":true}]}}