{"id":2655,"date":"2019-02-05T13:44:40","date_gmt":"2019-02-05T13:44:40","guid":{"rendered":"http:\/\/hinzmanflory.com\/?page_id=2655\/"},"modified":"2019-02-05T13:48:37","modified_gmt":"2019-02-05T13:48:37","slug":"apelaciones-y-mociones-de-inmigracion","status":"publish","type":"page","link":"http:\/\/hinzmanflory.com\/es\/apelaciones-y-mociones-de-inmigracion\/","title":{"rendered":"Apelaciones y Mociones de Inmigraci\u00f3n"},"content":{"rendered":"<p><div class=\"fusion-fullwidth fullwidth-box nonhundred-percent-fullwidth non-hundred-percent-height-scrolling\"  style='background-color: rgba(255,255,255,0);background-position: center center;background-repeat: no-repeat;padding-top:0px;padding-right:20%;padding-bottom:0px;padding-left:20%;'><div class=\"fusion-builder-row fusion-row \"><div  class=\"fusion-layout-column fusion_builder_column fusion_builder_column_1_1  fusion-one-full fusion-column-first fusion-column-last 1_1\"  style='margin-top:0px;margin-bottom:20px;'>\n\t\t\t\t\t<div class=\"fusion-column-wrapper\" style=\"padding: 0px 0px 0px 0px;background-position:left top;background-repeat:no-repeat;-webkit-background-size:cover;-moz-background-size:cover;-o-background-size:cover;background-size:cover;\"  data-bg-url=\"\">\n\t\t\t\t\t\t<div class=\"fusion-text\"><p>Cuando una agencia de inmigraci\u00f3n de los Estados Unidos ordena que usted sea deportado o niega su petici\u00f3n o solicitud, la mayor\u00eda de las veces puede tomar medidas adicionales para seguir luchando contra su caso. En la mayor\u00eda de los contextos, habr\u00e1 disponible un llamamiento de inmigraci\u00f3n, una moci\u00f3n para reabrir o una moci\u00f3n para reconsiderar. Estos mecanismos le brindan la oportunidad de se\u00f1alar los errores que cometi\u00f3 el adjudicador original y, en ocasiones, le brindan la oportunidad de presentar evidencia adicional.<\/p>\n<p>La mayor\u00eda de las apelaciones y mociones de inmigraci\u00f3n requieren una extensa redacci\u00f3n e informaci\u00f3n. Este tipo de casos debe ser manejado por un abogado de inmigraci\u00f3n con experiencia en litigios y apelaciones. Como ex asesor legal y breve escritor de la Oficina Ejecutiva para la Revisi\u00f3n de Inmigraci\u00f3n del Departamento de Justicia, el abogado de Hinzman &amp; Flory, Jered Dobbs, est\u00e1 \u00edntimamente familiarizado con las complejidades de los litigios de inmigraci\u00f3n, las mociones y las apelaciones. Sus colegas lo han calificado de \u00abbrillantes habilidades anal\u00edticas\u00bb que \u00ablo convierten en un formidable abogado de inmigraci\u00f3n de apelaci\u00f3n\u00bb.<\/p>\n<\/div><div class=\"fusion-clearfix\"><\/div>\n\n\t\t\t\t\t<\/div>\n\t\t\t\t<\/div><\/div><\/div><div class=\"fusion-fullwidth fullwidth-box nonhundred-percent-fullwidth non-hundred-percent-height-scrolling\"  style='background-color: #1877df;background-position: center center;background-repeat: no-repeat;padding-top:0px;padding-right:20%;padding-bottom:0px;padding-left:20%;'><div class=\"fusion-builder-row fusion-row \"><div  class=\"fusion-layout-column fusion_builder_column fusion_builder_column_1_1  fusion-one-full fusion-column-first fusion-column-last 1_1\"  style='margin-top:0px;margin-bottom:20px;'>\n\t\t\t\t\t<div class=\"fusion-column-wrapper\" style=\"padding: 0px 0px 0px 0px;background-position:left top;background-repeat:no-repeat;-webkit-background-size:cover;-moz-background-size:cover;-o-background-size:cover;background-size:cover;\"  data-bg-url=\"\">\n\t\t\t\t\t\t<div class=\"fusion-sep-clear\"><\/div><div class=\"fusion-separator fusion-full-width-sep sep-single sep-solid\" style=\"border-color:rgba(224,222,222,0);border-top-width:1px;margin-left: auto;margin-right: auto;margin-top:20px;margin-bottom:20px;\"><\/div><div class=\"fusion-text\"><h1 style=\"text-align: center;\"><span class=\"theme-text-color-4-3\" style=\"color: #ffffff;\">Apelaciones de Inmigraci\u00f3n de \u00d3rdenes de Deportaci\u00f3n<\/span><\/h1>\n<\/div><div class=\"fusion-clearfix\"><\/div>\n\n\t\t\t\t\t<\/div>\n\t\t\t\t<\/div><\/div><\/div><div class=\"fusion-fullwidth fullwidth-box nonhundred-percent-fullwidth non-hundred-percent-height-scrolling\"  style='background-color: rgba(255,255,255,0);background-position: center center;background-repeat: no-repeat;padding-top:0px;padding-right:20%;padding-bottom:0px;padding-left:20%;'><div class=\"fusion-builder-row fusion-row \"><div  class=\"fusion-layout-column fusion_builder_column fusion_builder_column_1_1  fusion-one-full fusion-column-first fusion-column-last 1_1\"  style='margin-top:0px;margin-bottom:20px;'>\n\t\t\t\t\t<div class=\"fusion-column-wrapper\" style=\"padding: 0px 0px 0px 0px;background-position:left top;background-repeat:no-repeat;-webkit-background-size:cover;-moz-background-size:cover;-o-background-size:cover;background-size:cover;\"  data-bg-url=\"\">\n\t\t\t\t\t\t<div class=\"fusion-sep-clear\"><\/div><div class=\"fusion-separator fusion-full-width-sep sep-single sep-solid\" style=\"border-color:rgba(224,222,222,0);border-top-width:1px;margin-left: auto;margin-right: auto;margin-top:20px;margin-bottom:20px;\"><\/div><div class=\"fusion-text\"><p>Si ha sido deportado por un juez de inmigraci\u00f3n o la Junta de Apelaciones de Inmigraci\u00f3n, todav\u00eda hay esperanza para su caso. Una apelaci\u00f3n le brinda otra oportunidad de probar que se le debe permitir permanecer en los Estados Unidos solicitando a un tribunal superior que revise la decisi\u00f3n de los tribunales inferiores. Una orden de deportaci\u00f3n presentada por un juez de inmigraci\u00f3n es apelada ante la Junta de Apelaciones de Inmigraci\u00f3n. Una orden de deportaci\u00f3n afirmada por la Junta de Apelaciones de Inmigraci\u00f3n se apela ante el tribunal de circuito federal de apelaciones (un paso por debajo de la Corte Suprema) que tiene jurisdicci\u00f3n sobre su caso.<\/p>\n<p>Una apelaci\u00f3n de inmigraci\u00f3n de una orden de deportaci\u00f3n le permite explicar por qu\u00e9 un tribunal de primera instancia interpret\u00f3 incorrectamente los hechos o la ley en su caso. En general, una apelaci\u00f3n de inmigraci\u00f3n no es el lugar apropiado para presentar nuevas pruebas en su caso (para eso, debe considerar una moci\u00f3n para reabrir).<\/p>\n<p>Las apelaciones de inmigraci\u00f3n de las \u00f3rdenes de deportaci\u00f3n son sensibles al tiempo y son muy complejas. Requieren un conocimiento profundo de los estatutos de inmigraci\u00f3n, las regulaciones y la jurisprudencia, as\u00ed como los c\u00e1nones de la construcci\u00f3n. Un abogado de apelaciones de inmigraci\u00f3n debe ser un escritor excepcional y extremadamente versado en todos los aspectos de los litigios de inmigraci\u00f3n.<\/p>\n<p>Como ex asesor legal y breve escritor en la Oficina Ejecutiva para la Revisi\u00f3n de Inmigraci\u00f3n del Departamento de Justicia, Jered Dobbs est\u00e1 \u00edntimamente familiarizado con las complejidades de los litigios y apelaciones de inmigraci\u00f3n. Sus colegas lo han calificado de \u00abbrillantes habilidades anal\u00edticas\u00bb que \u00ablo convierten en un formidable abogado de inmigraci\u00f3n de apelaci\u00f3n\u00bb. El Sr. Dobbs ha representado exitosamente a muchos clientes en la apelaci\u00f3n de sus \u00f3rdenes de deportaci\u00f3n, logrando reversiones de decisiones adversas. Armado con a\u00f1os de experiencia y un talento natural para escribir, el Sr. Dobbs est\u00e1 listo para defenderlo en la apelaci\u00f3n.<\/p>\n<\/div><div class=\"fusion-clearfix\"><\/div>\n\n\t\t\t\t\t<\/div>\n\t\t\t\t<\/div><\/div><\/div><div class=\"fusion-fullwidth fullwidth-box nonhundred-percent-fullwidth non-hundred-percent-height-scrolling\"  style='background-color: #1877df;background-position: center center;background-repeat: no-repeat;padding-top:0px;padding-right:20%;padding-bottom:0px;padding-left:20%;'><div class=\"fusion-builder-row fusion-row \"><div  class=\"fusion-layout-column fusion_builder_column fusion_builder_column_1_1  fusion-one-full fusion-column-first fusion-column-last 1_1\"  style='margin-top:0px;margin-bottom:20px;'>\n\t\t\t\t\t<div class=\"fusion-column-wrapper\" style=\"padding: 0px 0px 0px 0px;background-position:left top;background-repeat:no-repeat;-webkit-background-size:cover;-moz-background-size:cover;-o-background-size:cover;background-size:cover;\"  data-bg-url=\"\">\n\t\t\t\t\t\t<div class=\"fusion-sep-clear\"><\/div><div class=\"fusion-separator fusion-full-width-sep sep-single sep-solid\" style=\"border-color:rgba(224,222,222,0);border-top-width:1px;margin-left: auto;margin-right: auto;margin-top:20px;margin-bottom:20px;\"><\/div><div class=\"fusion-text\"><h1 style=\"text-align: center;\"><span class=\"theme-text-color-4-3\" style=\"color: #ffffff;\">Apelaciones de Inmigraci\u00f3n de Renuncias y Negaciones<\/span><\/h1>\n<\/div><div class=\"fusion-text\"><p><span style=\"color: #ffffff;\">El Servicio de Ciudadan\u00eda e Inmigraci\u00f3n de los Estados Unidos (USCIS, por sus siglas en ingl\u00e9s) tiene jurisdicci\u00f3n sobre la mayor\u00eda de las peticiones de inmigraci\u00f3n y las solicitudes de renuncia, incluida la jurisdicci\u00f3n sobre apelaciones a trav\u00e9s de la Oficina de Apelaciones Administrativas del USCIS.<\/span><\/p>\n<p><span style=\"color: #ffffff;\">No es infrecuente que el adjudicador inicial de USCIS niegue err\u00f3neamente una petici\u00f3n para un beneficio de inmigraci\u00f3n. Los peticionarios y los beneficiarios que hayan sufrido una petici\u00f3n denegada err\u00f3neamente o una solicitud de renuncia deben considerar presentar una apelaci\u00f3n ante la Oficina de Apelaciones Administrativas.<\/span><\/p>\n<p><span style=\"color: #ffffff;\">Para permitirse la mejor oportunidad de \u00e9xito en una apelaci\u00f3n de un rechazo err\u00f3neo de USCIS, es mejor permitir que un abogado de inmigraci\u00f3n con experiencia maneje el asunto. El abogado debe ser un escritor excepcional y estar \u00edntimamente familiarizado con los estatutos, reglamentos y casos que rigen la adjudicaci\u00f3n de solicitudes de renuncios y solicitudes de USCIS.<\/span><\/p>\n<p><span style=\"color: #ffffff;\">Jered Dobbs es un ex escritor y asesor legal en el Departamento de Justicia, y tambi\u00e9n tiene un certificado de escritura profesional. Sus colegas lo han calificado de \u00abbrillantes habilidades anal\u00edticas\u00bb que \u00bb lo convierten en un formidable abogado de inmigraci\u00f3n de apelaci\u00f3n.\u00bb Al Sr. Dobbs le apasiona utilizar su experiencia y habilidades para abogar por sus clientes en las apelaciones de peticiones del USCIS y aplicaciones de renuncias err\u00f3neamente rechazadas.<\/span><\/p>\n<\/div><div class=\"fusion-clearfix\"><\/div>\n\n\t\t\t\t\t<\/div>\n\t\t\t\t<\/div><\/div><\/div><\/p>\n","protected":false},"excerpt":{"rendered":"","protected":false},"author":1,"featured_media":0,"parent":0,"menu_order":0,"comment_status":"closed","ping_status":"closed","template":"100-width.php","meta":[],"_links":{"self":[{"href":"http:\/\/hinzmanflory.com\/es\/wp-json\/wp\/v2\/pages\/2655"}],"collection":[{"href":"http:\/\/hinzmanflory.com\/es\/wp-json\/wp\/v2\/pages"}],"about":[{"href":"http:\/\/hinzmanflory.com\/es\/wp-json\/wp\/v2\/types\/page"}],"author":[{"embeddable":true,"href":"http:\/\/hinzmanflory.com\/es\/wp-json\/wp\/v2\/users\/1"}],"replies":[{"embeddable":true,"href":"http:\/\/hinzmanflory.com\/es\/wp-json\/wp\/v2\/comments?post=2655"}],"version-history":[{"count":4,"href":"http:\/\/hinzmanflory.com\/es\/wp-json\/wp\/v2\/pages\/2655\/revisions"}],"predecessor-version":[{"id":2660,"href":"http:\/\/hinzmanflory.com\/es\/wp-json\/wp\/v2\/pages\/2655\/revisions\/2660"}],"wp:attachment":[{"href":"http:\/\/hinzmanflory.com\/es\/wp-json\/wp\/v2\/media?parent=2655"}],"curies":[{"name":"wp","href":"https:\/\/api.w.org\/{rel}","templated":true}]}}