{"id":2677,"date":"2019-02-05T14:52:22","date_gmt":"2019-02-05T14:52:22","guid":{"rendered":"http:\/\/hinzmanflory.com\/?page_id=2677\/"},"modified":"2019-02-06T16:54:10","modified_gmt":"2019-02-06T16:54:10","slug":"tarjetas-de-residencia-y-visas-de-immigracion-basadas-en-el-matrimonio-y-la-familia","status":"publish","type":"page","link":"http:\/\/hinzmanflory.com\/es\/tarjetas-de-residencia-y-visas-de-immigracion-basadas-en-el-matrimonio-y-la-familia\/","title":{"rendered":"Tarjetas de Residencia y Visas de Inmigraci\u00f3n Basadas en el Matrimonio y la Familia"},"content":{"rendered":"<p><div class=\"fusion-fullwidth fullwidth-box nonhundred-percent-fullwidth non-hundred-percent-height-scrolling\"  style='background-color: rgba(255,255,255,0);background-position: center center;background-repeat: no-repeat;padding-top:0px;padding-right:20%;padding-bottom:0px;padding-left:20%;'><div class=\"fusion-builder-row fusion-row \"><div  class=\"fusion-layout-column fusion_builder_column fusion_builder_column_1_1  fusion-one-full fusion-column-first fusion-column-last 1_1\"  style='margin-top:0px;margin-bottom:20px;'>\n\t\t\t\t\t<div class=\"fusion-column-wrapper\" style=\"padding: 0px 0px 0px 0px;background-position:left top;background-repeat:no-repeat;-webkit-background-size:cover;-moz-background-size:cover;-o-background-size:cover;background-size:cover;\"  data-bg-url=\"\">\n\t\t\t\t\t\t<div class=\"fusion-title title fusion-sep-none fusion-title-center fusion-title-size-one\" style=\"margin-top:0px;margin-bottom:0px;\"><h1 class=\"title-heading-center\">Tarjetas de Residencia y Visas de Inmigraci\u00f3n Basadas en el Matrimonio<\/h1><\/div><div class=\"fusion-sep-clear\"><\/div><div class=\"fusion-separator fusion-full-width-sep sep-double\" style=\"border-color:rgba(224,222,222,0);border-top-width:1px;border-bottom-width:1px;margin-left: auto;margin-right: auto;margin-top:10px;\"><\/div><div class=\"fusion-text\"><p style=\"font-weight: 400;\">El matrimonio con un ciudadano estadounidense o residente permanente es una de las formas m\u00e1s comunes en que los no ciudadanos obtienen sus tarjetas verdes en los Estados Unidos. Naturalmente, la ley requiere que el matrimonio sea leg\u00edtimo, basado en una intenci\u00f3n fidedigna de los c\u00f3nyuges para comenzar una vida juntos.\u00a0 Hay dos formas principales de obtener una tarjeta de residencia a trav\u00e9s de un matrimonio con un ciudadano de los Estados Unidos o residente permanente.\u00a0 Un m\u00e9todo se llama ajuste de estado.\u00a0 El segundo m\u00e9todo se llama Procesamiento Consular.\u00a0 La principal diferencia entre los dos es donde se lleva a cabo el proceso de la tarjeta de residencia.\u00a0 Ambos procesos requieren que el ciudadano de los Estados Unidos presente un formulario llamado I-130, que es una petici\u00f3n que solicita al gobierno de los Estados Unidos que reconozca que existe un matrimonio v\u00e1lido entre el ciudadano y el no ciudadano.<\/p>\n<p style=\"font-weight: 400;\">El ajuste de estado es el m\u00e9todo preferido para solicitar una tarjeta de residencia cuando el c\u00f3nyuge no ciudadano ya se encuentra en los Estados Unidos al inicio del proceso, y le permite al solicitante recibir una tarjeta de residencia sin tener que abandonar el Consular de los Estados Unidos.\u00a0 El procesamiento es el procedimiento aplicable cuando el c\u00f3nyuge no ciudadano est\u00e1 fuera de los Estados Unidos en el momento en que se inicia el proceso de la tarjeta de residencia. El t\u00e9rmino \u00abprocesamiento consular\u00bb simplemente se refiere al proceso de solicitud de una tarjeta de residencia a trav\u00e9s de una embajada o consulado de los Estados Unidos en un pa\u00eds extranjero. Para obtener m\u00e1s informaci\u00f3n sobre la inmigraci\u00f3n basada en el matrimonio, lea el\u00a0<strong><a href=\"http:\/\/hinzmanflory.com\/how-to-apply-for-a-green-card-through-marriage-to-a-u-s-citizen\/\"><span style=\"text-decoration: underline;\">art\u00edculo del blog de Jered que se encuentra aqu\u00ed.<\/span><\/a>\u00a0<\/strong><\/p>\n<\/div><div class=\"fusion-clearfix\"><\/div>\n\n\t\t\t\t\t<\/div>\n\t\t\t\t<\/div><\/div><\/div><div class=\"fusion-fullwidth fullwidth-box nonhundred-percent-fullwidth non-hundred-percent-height-scrolling\"  style='background-color: #1877df;background-position: center center;background-repeat: no-repeat;padding-top:0px;padding-right:20%;padding-bottom:0px;padding-left:20%;'><div class=\"fusion-builder-row fusion-row \"><div  class=\"fusion-layout-column fusion_builder_column fusion_builder_column_1_1  fusion-one-full fusion-column-first fusion-column-last 1_1\"  style='margin-top:0px;margin-bottom:20px;'>\n\t\t\t\t\t<div class=\"fusion-column-wrapper\" style=\"padding: 0px 0px 0px 0px;background-position:left top;background-repeat:no-repeat;-webkit-background-size:cover;-moz-background-size:cover;-o-background-size:cover;background-size:cover;\"  data-bg-url=\"\">\n\t\t\t\t\t\t<div class=\"fusion-sep-clear\"><\/div><div class=\"fusion-separator fusion-full-width-sep sep-single sep-solid\" style=\"border-color:rgba(224,222,222,0);border-top-width:1px;margin-left: auto;margin-right: auto;margin-top:20px;margin-bottom:20px;\"><\/div><div class=\"fusion-title title fusion-sep-none fusion-title-center fusion-title-size-one\" style=\"margin-top:0px;margin-bottom:0px;\"><h1 class=\"title-heading-center\"><span style=\"color: #ffffff;\">Tarjetas de Residencia y Visas de Inmigraci\u00f3n Basadas en La Familia<\/span><\/h1><\/div><div class=\"fusion-sep-clear\"><\/div><div class=\"fusion-separator fusion-full-width-sep sep-double\" style=\"border-color:rgba(224,222,222,0);border-top-width:1px;border-bottom-width:1px;margin-left: auto;margin-right: auto;margin-top:10px;\"><\/div><div class=\"fusion-text\"><p><span style=\"color: #ffffff;\"><em><strong>Tarjetas de Residencia para Ni\u00f1os, Padres y Hermanos<\/strong><\/em><\/span><\/p>\n<p><span style=\"color: #ffffff;\">Los ciudadanos de los Estados Unidos y los residentes permanentes tienen el derecho de presentar peticiones de inmigraci\u00f3n para que otros miembros de la familia que no son c\u00f3nyuges tambi\u00e9n emigren a los Estados Unidos. Los ciudadanos de los Estados Unidos no solo pueden solicitar a sus esposos o esposas, sino tambi\u00e9n a sus hijos, padres y hermanos y hermanas. Los residentes permanentes no solo pueden solicitar a sus esposos o esposas, sino tambi\u00e9n a sus hijos. Sin embargo, a diferencia de los ciudadanos, los residentes permanentes no pueden solicitar a sus padres o hermanos. Algunos familiares de ciudadanos de los Estados Unidos o solicitantes de residencia permanente pueden completar su proceso de tarjeta de residencia dentro de los Estados Unidos sin tener que irse nunca. Otros deben completar su proceso fuera de los Estados Unidos. Los solicitantes pueden solicitar exenciones seg\u00fan sea necesario (por ejemplo, exenciones provisionales) junto con el proceso de la tarjeta verde.<\/span><\/p>\n<p><span style=\"color: #ffffff;\"><em><strong>Visas de Prometido (a) y de C\u00f3nyuge (Visas K)<\/strong><\/em><\/span><\/p>\n<p><span style=\"color: #ffffff;\">Los ciudadanos estadounidenses tambi\u00e9n tienen derecho de presentar una solicitud de Visa K para un prometido, prometida o c\u00f3nyuge extranjero. Para obtener una visa de prometido (a), la pareja generalmente debe haberse reunido en persona dentro de los dos a\u00f1os anteriores a la presentaci\u00f3n de la petici\u00f3n, y debe casarse dentro de los 90 d\u00edas de la llegada del prometido extranjero a los Estados Unidos. Una Visa K le permite al prometido (a) no inmigrante de un ciudadano estadounidense ingresar a los Estados Unidos, casarse con un ciudadano y luego buscar el ajuste de estatus de residente permanente legal. Tambi\u00e9n permite que un c\u00f3nyuge no inmigrante de un ciudadano de los Estados Unidos ingrese a los Estados Unidos para esperar la disponibilidad de una visa de inmigrante y procurar el Ajuste de Estatus a un residente permanente legal.<\/span><\/p>\n<\/div><div class=\"fusion-clearfix\"><\/div>\n\n\t\t\t\t\t<\/div>\n\t\t\t\t<\/div><\/div><\/div><\/p>\n","protected":false},"excerpt":{"rendered":"","protected":false},"author":1,"featured_media":0,"parent":0,"menu_order":0,"comment_status":"closed","ping_status":"closed","template":"100-width.php","meta":[],"_links":{"self":[{"href":"http:\/\/hinzmanflory.com\/es\/wp-json\/wp\/v2\/pages\/2677"}],"collection":[{"href":"http:\/\/hinzmanflory.com\/es\/wp-json\/wp\/v2\/pages"}],"about":[{"href":"http:\/\/hinzmanflory.com\/es\/wp-json\/wp\/v2\/types\/page"}],"author":[{"embeddable":true,"href":"http:\/\/hinzmanflory.com\/es\/wp-json\/wp\/v2\/users\/1"}],"replies":[{"embeddable":true,"href":"http:\/\/hinzmanflory.com\/es\/wp-json\/wp\/v2\/comments?post=2677"}],"version-history":[{"count":7,"href":"http:\/\/hinzmanflory.com\/es\/wp-json\/wp\/v2\/pages\/2677\/revisions"}],"predecessor-version":[{"id":2754,"href":"http:\/\/hinzmanflory.com\/es\/wp-json\/wp\/v2\/pages\/2677\/revisions\/2754"}],"wp:attachment":[{"href":"http:\/\/hinzmanflory.com\/es\/wp-json\/wp\/v2\/media?parent=2677"}],"curies":[{"name":"wp","href":"https:\/\/api.w.org\/{rel}","templated":true}]}}