{"id":2682,"date":"2019-02-05T15:11:21","date_gmt":"2019-02-05T15:11:21","guid":{"rendered":"http:\/\/hinzmanflory.com\/?page_id=2682\/"},"modified":"2019-02-05T15:14:52","modified_gmt":"2019-02-05T15:14:52","slug":"litigio-federal-de-immigracion","status":"publish","type":"page","link":"http:\/\/hinzmanflory.com\/es\/litigio-federal-de-immigracion\/","title":{"rendered":"Litigio Federal de Immigraci\u00f3n"},"content":{"rendered":"<p><div class=\"fusion-fullwidth fullwidth-box nonhundred-percent-fullwidth non-hundred-percent-height-scrolling\"  style='background-color: rgba(255,255,255,0);background-position: center center;background-repeat: no-repeat;padding-top:0px;padding-right:20%;padding-bottom:0px;padding-left:20%;'><div class=\"fusion-builder-row fusion-row \"><div  class=\"fusion-layout-column fusion_builder_column fusion_builder_column_1_1  fusion-one-full fusion-column-first fusion-column-last 1_1\"  style='margin-top:0px;margin-bottom:20px;'>\n\t\t\t\t\t<div class=\"fusion-column-wrapper\" style=\"padding: 0px 0px 0px 0px;background-position:left top;background-repeat:no-repeat;-webkit-background-size:cover;-moz-background-size:cover;-o-background-size:cover;background-size:cover;\"  data-bg-url=\"\">\n\t\t\t\t\t\t<div class=\"fusion-text\"><p>Cuando todas las dem\u00e1s opciones han fallado, puede ser necesario presentar una demanda federal contra USCIS, ICE u otras agencias de inmigraci\u00f3n. Los litigios federales de inmigraci\u00f3n se centran con mayor frecuencia en la irrazonable negaci\u00f3n de una petici\u00f3n por parte del gobierno, o en el retraso irrazonable del gobierno en la adjudicaci\u00f3n de un caso o la ejecuci\u00f3n de una orden de deportaci\u00f3n de detenidos de inmigraci\u00f3n.<\/p>\n<\/div><div class=\"fusion-clearfix\"><\/div>\n\n\t\t\t\t\t<\/div>\n\t\t\t\t<\/div><\/div><\/div><div class=\"fusion-fullwidth fullwidth-box nonhundred-percent-fullwidth non-hundred-percent-height-scrolling\"  style='background-color: #1877df;background-position: center center;background-repeat: no-repeat;padding-top:0px;padding-right:20%;padding-bottom:0px;padding-left:20%;'><div class=\"fusion-builder-row fusion-row \"><div  class=\"fusion-layout-column fusion_builder_column fusion_builder_column_1_1  fusion-one-full fusion-column-first fusion-column-last 1_1\"  style='margin-top:0px;margin-bottom:20px;'>\n\t\t\t\t\t<div class=\"fusion-column-wrapper\" style=\"padding: 0px 0px 0px 0px;background-position:left top;background-repeat:no-repeat;-webkit-background-size:cover;-moz-background-size:cover;-o-background-size:cover;background-size:cover;\"  data-bg-url=\"\">\n\t\t\t\t\t\t<div class=\"fusion-sep-clear\"><\/div><div class=\"fusion-separator fusion-full-width-sep sep-single sep-solid\" style=\"border-color:rgba(224,222,222,0);border-top-width:1px;margin-left: auto;margin-right: auto;margin-top:20px;margin-bottom:20px;\"><\/div><div class=\"fusion-text\"><h1 style=\"text-align: center;\"><span style=\"color: #ffffff;\">DEMANDAS DE APA (Procedimientos de Administraci\u00f3n)<\/span><\/h1>\n<\/div><div class=\"fusion-clearfix\"><\/div>\n\n\t\t\t\t\t<\/div>\n\t\t\t\t<\/div><\/div><\/div><div class=\"fusion-fullwidth fullwidth-box nonhundred-percent-fullwidth non-hundred-percent-height-scrolling\"  style='background-color: rgba(255,255,255,0);background-position: center center;background-repeat: no-repeat;padding-top:0px;padding-right:20%;padding-bottom:0px;padding-left:20%;'><div class=\"fusion-builder-row fusion-row \"><div  class=\"fusion-layout-column fusion_builder_column fusion_builder_column_1_1  fusion-one-full fusion-column-first fusion-column-last 1_1\"  style='margin-top:0px;margin-bottom:20px;'>\n\t\t\t\t\t<div class=\"fusion-column-wrapper\" style=\"padding: 0px 0px 0px 0px;background-position:left top;background-repeat:no-repeat;-webkit-background-size:cover;-moz-background-size:cover;-o-background-size:cover;background-size:cover;\"  data-bg-url=\"\">\n\t\t\t\t\t\t<div class=\"fusion-sep-clear\"><\/div><div class=\"fusion-separator fusion-full-width-sep sep-single sep-solid\" style=\"border-color:rgba(224,222,222,0);border-top-width:1px;margin-left: auto;margin-right: auto;margin-top:20px;margin-bottom:20px;\"><\/div><div class=\"fusion-text\"><p style=\"text-align: left;\">La Ley de Procedimientos Administrativos (APA, por sus siglas en ingl\u00e9s) permite que un juez federal revise ciertas decisiones tomadas por las agencias de la rama ejecutiva, incluidas las agencias de inmigraci\u00f3n como el USCIS.\u00a0 Para prevalecer, se debe demostrar que la decisi\u00f3n de la agencia fue \u00abarbitraria, caprichosa, un abuso de discreci\u00f3n, o no de otro modo conforme a la ley\u00bb. Una demanda APA es generalmente la acci\u00f3n de elecci\u00f3n para una denegaci\u00f3n irrazonable de una petici\u00f3n de inmigraci\u00f3n basado en empleo.<\/p>\n<\/div><div class=\"fusion-clearfix\"><\/div>\n\n\t\t\t\t\t<\/div>\n\t\t\t\t<\/div><\/div><\/div><div class=\"fusion-fullwidth fullwidth-box nonhundred-percent-fullwidth non-hundred-percent-height-scrolling\"  style='background-color: #1877df;background-position: center center;background-repeat: no-repeat;padding-top:0px;padding-right:20%;padding-bottom:0px;padding-left:20%;'><div class=\"fusion-builder-row fusion-row \"><div  class=\"fusion-layout-column fusion_builder_column fusion_builder_column_1_1  fusion-one-full fusion-column-first fusion-column-last 1_1\"  style='margin-top:0px;margin-bottom:20px;'>\n\t\t\t\t\t<div class=\"fusion-column-wrapper\" style=\"padding: 0px 0px 0px 0px;background-position:left top;background-repeat:no-repeat;-webkit-background-size:cover;-moz-background-size:cover;-o-background-size:cover;background-size:cover;\"  data-bg-url=\"\">\n\t\t\t\t\t\t<div class=\"fusion-sep-clear\"><\/div><div class=\"fusion-separator fusion-full-width-sep sep-single sep-solid\" style=\"border-color:rgba(224,222,222,0);border-top-width:1px;margin-left: auto;margin-right: auto;margin-top:20px;margin-bottom:20px;\"><\/div><div class=\"fusion-text\"><h1 style=\"text-align: center;\"><span class=\"theme-text-color-4-3\" style=\"color: #ffffff;\">PETICIONES POR HABEAS CORPUS <\/span><\/h1>\n<\/div><div class=\"fusion-clearfix\"><\/div>\n\n\t\t\t\t\t<\/div>\n\t\t\t\t<\/div><\/div><\/div><div class=\"fusion-fullwidth fullwidth-box nonhundred-percent-fullwidth non-hundred-percent-height-scrolling\"  style='background-color: rgba(255,255,255,0);background-position: center center;background-repeat: no-repeat;padding-top:0px;padding-right:20%;padding-bottom:0px;padding-left:20%;'><div class=\"fusion-builder-row fusion-row \"><div  class=\"fusion-layout-column fusion_builder_column fusion_builder_column_1_1  fusion-one-full fusion-column-first fusion-column-last 1_1\"  style='margin-top:0px;margin-bottom:20px;'>\n\t\t\t\t\t<div class=\"fusion-column-wrapper\" style=\"padding: 0px 0px 0px 0px;background-position:left top;background-repeat:no-repeat;-webkit-background-size:cover;-moz-background-size:cover;-o-background-size:cover;background-size:cover;\"  data-bg-url=\"\">\n\t\t\t\t\t\t<div class=\"fusion-sep-clear\"><\/div><div class=\"fusion-separator fusion-full-width-sep sep-single sep-solid\" style=\"border-color:rgba(224,222,222,0);border-top-width:1px;margin-left: auto;margin-right: auto;margin-top:20px;margin-bottom:20px;\"><\/div><div class=\"fusion-text\"><p style=\"text-align: left;\">Existen limitaciones legales sobre el tiempo que el gobierno puede detener a alguien bajo custodia de inmigraci\u00f3n. Por ejemplo, los ciudadanos extranjeros que esperan la ejecuci\u00f3n de sus \u00f3rdenes de deportaci\u00f3n en detenci\u00f3n pueden demandar al gobierno por su liberaci\u00f3n despu\u00e9s de seis meses de detenci\u00f3n despu\u00e9s de la deportaci\u00f3n, si existe una buena raz\u00f3n para creer que no existe una probabilidad significativa de deportaci\u00f3n en el futuro razonablemente previsible . Una petici\u00f3n de un recurso de habeas corpus bajo la decisi\u00f3n de Zadvydas del Tribunal Supremo es generalmente la acci\u00f3n federal de elecci\u00f3n en estas circunstancias.<\/p>\n<\/div><div class=\"fusion-clearfix\"><\/div>\n\n\t\t\t\t\t<\/div>\n\t\t\t\t<\/div><\/div><\/div><div class=\"fusion-fullwidth fullwidth-box nonhundred-percent-fullwidth non-hundred-percent-height-scrolling\"  style='background-color: #1877df;background-position: center center;background-repeat: no-repeat;padding-top:0px;padding-right:20%;padding-bottom:0px;padding-left:20%;'><div class=\"fusion-builder-row fusion-row \"><div  class=\"fusion-layout-column fusion_builder_column fusion_builder_column_1_1  fusion-one-full fusion-column-first fusion-column-last 1_1\"  style='margin-top:0px;margin-bottom:20px;'>\n\t\t\t\t\t<div class=\"fusion-column-wrapper\" style=\"padding: 0px 0px 0px 0px;background-position:left top;background-repeat:no-repeat;-webkit-background-size:cover;-moz-background-size:cover;-o-background-size:cover;background-size:cover;\"  data-bg-url=\"\">\n\t\t\t\t\t\t<div class=\"fusion-sep-clear\"><\/div><div class=\"fusion-separator fusion-full-width-sep sep-single sep-solid\" style=\"border-color:rgba(224,222,222,0);border-top-width:1px;margin-left: auto;margin-right: auto;margin-top:20px;margin-bottom:20px;\"><\/div><div class=\"fusion-text\"><h1 style=\"text-align: center;\"><span class=\"theme-text-color-4-3\" style=\"color: #ffffff;\">MANDAMUS<\/span><\/h1>\n<\/div><div class=\"fusion-clearfix\"><\/div>\n\n\t\t\t\t\t<\/div>\n\t\t\t\t<\/div><\/div><\/div><div class=\"fusion-fullwidth fullwidth-box nonhundred-percent-fullwidth non-hundred-percent-height-scrolling\"  style='background-color: rgba(255,255,255,0);background-position: center center;background-repeat: no-repeat;padding-top:0px;padding-right:20%;padding-bottom:0px;padding-left:20%;'><div class=\"fusion-builder-row fusion-row \"><div  class=\"fusion-layout-column fusion_builder_column fusion_builder_column_1_1  fusion-one-full fusion-column-first fusion-column-last 1_1\"  style='margin-top:0px;margin-bottom:20px;'>\n\t\t\t\t\t<div class=\"fusion-column-wrapper\" style=\"padding: 0px 0px 0px 0px;background-position:left top;background-repeat:no-repeat;-webkit-background-size:cover;-moz-background-size:cover;-o-background-size:cover;background-size:cover;\"  data-bg-url=\"\">\n\t\t\t\t\t\t<div class=\"fusion-sep-clear\"><\/div><div class=\"fusion-separator fusion-full-width-sep sep-single sep-solid\" style=\"border-color:rgba(224,222,222,0);border-top-width:1px;margin-left: auto;margin-right: auto;margin-top:20px;margin-bottom:20px;\"><\/div><div class=\"fusion-text\"><p style=\"text-align: left;\">Si el gobierno ha demorado injustificadamente la emisi\u00f3n de una decisi\u00f3n en un caso en el que tiene el deber legal de tomar una decisi\u00f3n, una solicitud de mandato de mandamus puede ayudar a hacer avanzar el caso. Las acciones de Mandamus se utilizan con frecuencia para desalojar peticiones que han estado pendientes durante a\u00f1os con el USCIS.<\/p>\n<\/div><div class=\"fusion-clearfix\"><\/div>\n\n\t\t\t\t\t<\/div>\n\t\t\t\t<\/div><\/div><\/div><\/p>\n","protected":false},"excerpt":{"rendered":"","protected":false},"author":1,"featured_media":0,"parent":0,"menu_order":0,"comment_status":"closed","ping_status":"closed","template":"100-width.php","meta":[],"_links":{"self":[{"href":"http:\/\/hinzmanflory.com\/es\/wp-json\/wp\/v2\/pages\/2682"}],"collection":[{"href":"http:\/\/hinzmanflory.com\/es\/wp-json\/wp\/v2\/pages"}],"about":[{"href":"http:\/\/hinzmanflory.com\/es\/wp-json\/wp\/v2\/types\/page"}],"author":[{"embeddable":true,"href":"http:\/\/hinzmanflory.com\/es\/wp-json\/wp\/v2\/users\/1"}],"replies":[{"embeddable":true,"href":"http:\/\/hinzmanflory.com\/es\/wp-json\/wp\/v2\/comments?post=2682"}],"version-history":[{"count":2,"href":"http:\/\/hinzmanflory.com\/es\/wp-json\/wp\/v2\/pages\/2682\/revisions"}],"predecessor-version":[{"id":2688,"href":"http:\/\/hinzmanflory.com\/es\/wp-json\/wp\/v2\/pages\/2682\/revisions\/2688"}],"wp:attachment":[{"href":"http:\/\/hinzmanflory.com\/es\/wp-json\/wp\/v2\/media?parent=2682"}],"curies":[{"name":"wp","href":"https:\/\/api.w.org\/{rel}","templated":true}]}}