{"id":2689,"date":"2019-02-05T15:17:43","date_gmt":"2019-02-05T15:17:43","guid":{"rendered":"http:\/\/hinzmanflory.com\/?page_id=2689\/"},"modified":"2019-02-06T18:58:14","modified_gmt":"2019-02-06T18:58:14","slug":"defensa-de-la-deportacion-y-bonos-de-inmigracion","status":"publish","type":"page","link":"http:\/\/hinzmanflory.com\/es\/defensa-de-la-deportacion-y-bonos-de-inmigracion\/","title":{"rendered":"Defensa de la Deportaci\u00f3n y Bonos de Inmigraci\u00f3n"},"content":{"rendered":"<p><div class=\"fusion-fullwidth fullwidth-box nonhundred-percent-fullwidth non-hundred-percent-height-scrolling\"  style='background-color: rgba(255,255,255,0);background-position: center center;background-repeat: no-repeat;padding-top:0px;padding-right:20%;padding-bottom:0px;padding-left:20%;'><div class=\"fusion-builder-row fusion-row \"><div  class=\"fusion-layout-column fusion_builder_column fusion_builder_column_1_1  fusion-one-full fusion-column-first fusion-column-last 1_1\"  style='margin-top:0px;margin-bottom:20px;'>\n\t\t\t\t\t<div class=\"fusion-column-wrapper\" style=\"padding: 0px 0px 0px 0px;background-position:left top;background-repeat:no-repeat;-webkit-background-size:cover;-moz-background-size:cover;-o-background-size:cover;background-size:cover;\"  data-bg-url=\"\">\n\t\t\t\t\t\t<div class=\"fusion-text\"><p>La mayor\u00eda de las personas sin estatus legal de inmigraci\u00f3n que son detenidas por Inmigraci\u00f3n y Control de Aduanas en el interior de los Estados Unidos se enfrentar\u00e1n a un proceso de deportaci\u00f3n (formalmente conocido como \u00abprocedimientos de expulsi\u00f3n\u00bb) que se lleva a cabo en el tribunal de inmigraci\u00f3n. Sin embargo, solo porque usted est\u00e9 en proceso de deportaci\u00f3n no significa que se pierda toda esperanza. Hay muchas defensas disponibles en la corte de inmigraci\u00f3n para aquellos que enfrentan la deportaci\u00f3n. Un abogado con experiencia en inmigraci\u00f3n puede ayudarlo a navegar las complejidades de la corte y mejorar significativamente sus posibilidades de \u00e9xito. Jeremy Dobbs, abogado de consejo de Hinzman &amp; Flory&#8217;s, es un ex asesor legal de la Corte de Inmigraci\u00f3n de Dallas y tiene muchos a\u00f1os de experiencia defendiendo a los inmigrantes de la deportaci\u00f3n. Explore esta p\u00e1gina para obtener m\u00e1s informaci\u00f3n sobre algunas de las estrategias disponibles en los tribunales de inmigraci\u00f3n.<\/p>\n<\/div><div class=\"fusion-clearfix\"><\/div>\n\n\t\t\t\t\t<\/div>\n\t\t\t\t<\/div><\/div><\/div><div class=\"fusion-fullwidth fullwidth-box nonhundred-percent-fullwidth non-hundred-percent-height-scrolling\"  style='background-color: #1877df;background-position: center center;background-repeat: no-repeat;padding-top:0px;padding-right:20%;padding-bottom:0px;padding-left:20%;'><div class=\"fusion-builder-row fusion-row \"><div  class=\"fusion-layout-column fusion_builder_column fusion_builder_column_1_1  fusion-one-full fusion-column-first fusion-column-last 1_1\"  style='margin-top:0px;margin-bottom:20px;'>\n\t\t\t\t\t<div class=\"fusion-column-wrapper\" style=\"padding: 0px 0px 0px 0px;background-position:left top;background-repeat:no-repeat;-webkit-background-size:cover;-moz-background-size:cover;-o-background-size:cover;background-size:cover;\"  data-bg-url=\"\">\n\t\t\t\t\t\t<div class=\"fusion-sep-clear\"><\/div><div class=\"fusion-separator fusion-full-width-sep sep-single sep-solid\" style=\"border-color:rgba(224,222,222,0);border-top-width:1px;margin-left: auto;margin-right: auto;margin-top:20px;margin-bottom:20px;\"><\/div><div class=\"fusion-text\"><h1 style=\"text-align: center;\"><span class=\"theme-text-color-4-3\" style=\"color: #ffffff;\">Bonos de Inmigraci\u00f3n<\/span><\/h1>\n<\/div><div class=\"fusion-clearfix\"><\/div>\n\n\t\t\t\t\t<\/div>\n\t\t\t\t<\/div><\/div><\/div><div class=\"fusion-fullwidth fullwidth-box nonhundred-percent-fullwidth non-hundred-percent-height-scrolling\"  style='background-color: rgba(255,255,255,0);background-position: center center;background-repeat: no-repeat;padding-top:0px;padding-right:20%;padding-bottom:0px;padding-left:20%;'><div class=\"fusion-builder-row fusion-row \"><div  class=\"fusion-layout-column fusion_builder_column fusion_builder_column_1_1  fusion-one-full fusion-column-first fusion-column-last 1_1\"  style='margin-top:0px;margin-bottom:20px;'>\n\t\t\t\t\t<div class=\"fusion-column-wrapper\" style=\"padding: 0px 0px 0px 0px;background-position:left top;background-repeat:no-repeat;-webkit-background-size:cover;-moz-background-size:cover;-o-background-size:cover;background-size:cover;\"  data-bg-url=\"\">\n\t\t\t\t\t\t<div class=\"fusion-sep-clear\"><\/div><div class=\"fusion-separator fusion-full-width-sep sep-single sep-solid\" style=\"border-color:rgba(224,222,222,0);border-top-width:1px;margin-left: auto;margin-right: auto;margin-top:20px;margin-bottom:20px;\"><\/div><div class=\"fusion-text\"><p>Muchos inmigrantes que enfrentan la deportaci\u00f3n son elegibles para solicitar una fianza durante su proceso de expulsi\u00f3n. ICE tiene la autoridad para establecer una fianza, pero si se niega a hacerlo, el inmigrante puede pedirle a un juez de inmigraci\u00f3n que establezca una fianza. Un juez de inmigraci\u00f3n analizar\u00e1 tres preguntas para decidir si establecer una fianza o no. Son:<\/p>\n<p><strong>(1) \u00bfEs el extranjero elegible para una fianza?<\/strong><\/p>\n<p>Si bien la mayor\u00eda de los inmigrantes en los procedimientos de deportaci\u00f3n son elegibles para la fianza, no todos lo son. La raz\u00f3n m\u00e1s com\u00fan para no ser elegible para una fianza es tener una condena por drogas. Otros tipos de antecedentes penales tambi\u00e9n pueden descalificarlo para buscar una fianza.<\/p>\n<p><strong>(2) \u00bfEs el extranjero un peligro para la comunidad?<\/strong><\/p>\n<p>Al evaluar la fianza, un juez de inmigraci\u00f3n examinar\u00e1 los antecedentes penales de una persona para decidir si es un peligro para la comunidad. Por lo general, cuanto m\u00e1s tiempo ha pasado desde que el solicitante del bono cometi\u00f3 un delito, es menos probable que el juez de inmigraci\u00f3n los considere un peligro para la comunidad.<\/p>\n<p><strong>(3) \u00bfEs el extranjero un riesgo de fuga?<\/strong><\/p>\n<p>Un juez de inmigraci\u00f3n tambi\u00e9n determinar\u00e1 si un solicitante de fianza es un riesgo de fuga. B\u00e1sicamente, esto significa que el juez buscar\u00e1 evidencia en la vida del solicitante de la fianza, por lo que es m\u00e1s probable que regrese a los tribunales. Los factores que el juez considerar\u00e1 al evaluar el riesgo de fuga incluyen los lazos familiares con los Estados Unidos (especialmente los c\u00f3nyuges e hijos que son ciudadanos de los Estados Unidos o residentes permanentes), la propiedad en los Estados Unidos, un historial de residencia estable, un historial de empleo estable y si Hay una opci\u00f3n para que el solicitante de la fianza solicite una tarjeta verde con el juez de inmigraci\u00f3n.<\/p>\n<\/div><div class=\"fusion-clearfix\"><\/div>\n\n\t\t\t\t\t<\/div>\n\t\t\t\t<\/div><\/div><\/div><div class=\"fusion-fullwidth fullwidth-box nonhundred-percent-fullwidth non-hundred-percent-height-scrolling\"  style='background-color: #1877df;background-position: center center;background-repeat: no-repeat;padding-top:0px;padding-right:20%;padding-bottom:0px;padding-left:20%;'><div class=\"fusion-builder-row fusion-row \"><div  class=\"fusion-layout-column fusion_builder_column fusion_builder_column_1_1  fusion-one-full fusion-column-first fusion-column-last 1_1\"  style='margin-top:0px;margin-bottom:20px;'>\n\t\t\t\t\t<div class=\"fusion-column-wrapper\" style=\"padding: 0px 0px 0px 0px;background-position:left top;background-repeat:no-repeat;-webkit-background-size:cover;-moz-background-size:cover;-o-background-size:cover;background-size:cover;\"  data-bg-url=\"\">\n\t\t\t\t\t\t<div class=\"fusion-sep-clear\"><\/div><div class=\"fusion-separator fusion-full-width-sep sep-single sep-solid\" style=\"border-color:rgba(224,222,222,0);border-top-width:1px;margin-left: auto;margin-right: auto;margin-top:20px;margin-bottom:20px;\"><\/div><div class=\"fusion-text\"><h1 style=\"text-align: center;\"><span class=\"theme-text-color-4-3\" style=\"color: #ffffff;\">Preguntas Frecuentes<\/span><\/h1>\n<\/div><div class=\"fusion-clearfix\"><\/div>\n\n\t\t\t\t\t<\/div>\n\t\t\t\t<\/div><\/div><\/div><div class=\"fusion-fullwidth fullwidth-box nonhundred-percent-fullwidth non-hundred-percent-height-scrolling\"  style='background-color: rgba(255,255,255,0);background-position: center center;background-repeat: no-repeat;padding-top:0px;padding-right:20%;padding-bottom:0px;padding-left:20%;'><div class=\"fusion-builder-row fusion-row \"><div  class=\"fusion-layout-column fusion_builder_column fusion_builder_column_1_1  fusion-one-full fusion-column-first fusion-column-last 1_1\"  style='margin-top:0px;margin-bottom:20px;'>\n\t\t\t\t\t<div class=\"fusion-column-wrapper\" style=\"padding: 0px 0px 0px 0px;background-position:left top;background-repeat:no-repeat;-webkit-background-size:cover;-moz-background-size:cover;-o-background-size:cover;background-size:cover;\"  data-bg-url=\"\">\n\t\t\t\t\t\t<div class=\"fusion-sep-clear\"><\/div><div class=\"fusion-separator fusion-full-width-sep sep-single sep-solid\" style=\"border-color:rgba(224,222,222,0);border-top-width:1px;margin-left: auto;margin-right: auto;margin-top:20px;margin-bottom:20px;\"><\/div><div class=\"fusion-text\"><p><strong>\u00bfC\u00d3MO DECIDIR\u00c1 EL JUEZ SI ME DAR UNA FIANZA O NO?<\/strong><\/p>\n<p>Un juez de inmigraci\u00f3n analizar\u00e1 tres temas para decidir si establecer una fianza o no. Esos factores son:<\/p>\n<p>(1) \u00bfEs el extranjero elegible para una fianza?<br \/>\n(2) \u00bfEs el extranjero un peligro para la comunidad?<br \/>\n(3) \u00bfEs el extranjero un riesgo de fuga?<\/p>\n<p>Cada uno de estos factores se explora con m\u00e1s detalle ariba.<\/p>\n<p><strong>\u00bfCU\u00c1NTO SER\u00c1 MI FIANZA DE INMIGRACI\u00d3N?<\/strong><\/p>\n<p>Si el juez de inmigraci\u00f3n establece una fianza, normalmente estar\u00e1 en el rango de $5,000 a $15,000. La fianza m\u00ednima que un juez de inmigraci\u00f3n puede establecer es de $1500.<\/p>\n<p><strong>\u00bfC\u00d3MO PUEDO PEDIR UNA FIANZA DE UN JUEZ DE INMIGRACI\u00d3N?<\/strong><\/p>\n<p>Para solicitar una fianza a un juez de inmigraci\u00f3n, se debe presentar una solicitud de fianza ante el tribunal.<\/p>\n<p><strong>\u00bfCU\u00c1NTO TIEMPO TOMAR\u00c1 PARA OBTENER MI AUDIENCIA DE FIANZAS?<\/strong><\/p>\n<p>Desde el momento en que se presenta la solicitud de la fianza, generalmente tomar\u00e1 de 1 a 3 semanas para que se establezca la audiencia de fianza. El juez de inmigraci\u00f3n decidir\u00e1 si conceder\u00e1 una fianza en la audiencia de fianza y, si se concede, la cantidad de la fianza.<\/p>\n<p><strong>\u00bfPUEDE EL JUEZ DE INMIGRACI\u00d3N NEGARME A UN FIANZA COMPLETAMENTE?<\/strong><\/p>\n<p>S\u00ed. Los jueces de inmigraci\u00f3n tienen amplia discreci\u00f3n para conceder o denegar fianzas. Incluso si tiene poco o ning\u00fan historial criminal, un juez de inmigraci\u00f3n puede negarle una fianza si considera que corre un riesgo de fuga. Sin embargo, tiene derecho a apelar la decisi\u00f3n de un juez de inmigraci\u00f3n sobre su solicitud de fianza.<\/p>\n<p><strong>\u00bfC\u00d3MO PUEDO PAGAR LA FIANZA DE INMIGRACI\u00d3N?<\/strong><\/p>\n<p>Se puede pagar una fianza de inmigraci\u00f3n en cualquier oficina de ICE ofecina de Operaciones de Extracci\u00f3n y Ejecuci\u00f3n (ICE ERO). La persona que va a depositar la fianza debe ser un ciudadano de los Estados Unidos o un residente permanente. Es recomendable que la fianza se pague mediante un giro postal, ya que algunas oficinas de ICE ERO no aceptar\u00e1n ninguna otra forma de pago.<\/p>\n<p><strong>\u00bfRECIBIR\u00c9 EL DINERO DE LA FIANZA?<\/strong><\/p>\n<p>S\u00ed, siempre y cuando cumpla con todas las \u00f3rdenes de las autoridades de inmigraci\u00f3n de los Estados Unidos en el futuro. Si gana su caso de inmigraci\u00f3n, el dinero de la fianza se devolver\u00e1 a quien lo haya pagado. Si pierde su caso, debe salir de los Estados Unidos cuando sea necesario para que el dinero de la fianza se devuelva a la persona que lo pag\u00f3. En este \u00faltimo caso, es posible que deba ir a la embajada de los Estados Unidos en su pa\u00eds de origen para que selle un formulario que demuestre que ha salido de los Estados Unidos. A continuaci\u00f3n, puede enviar ese formulario a ICE ERO, y le devolver\u00e1n el dinero de la fianza a quien haya pagado eso.<\/p>\n<\/div><div class=\"fusion-clearfix\"><\/div>\n\n\t\t\t\t\t<\/div>\n\t\t\t\t<\/div><\/div><\/div><div class=\"fusion-fullwidth fullwidth-box nonhundred-percent-fullwidth non-hundred-percent-height-scrolling\"  style='background-color: #1877df;background-position: center center;background-repeat: no-repeat;padding-top:0px;padding-right:20%;padding-bottom:0px;padding-left:20%;'><div class=\"fusion-builder-row fusion-row \"><div  class=\"fusion-layout-column fusion_builder_column fusion_builder_column_1_1  fusion-one-full fusion-column-first fusion-column-last 1_1\"  style='margin-top:0px;margin-bottom:20px;'>\n\t\t\t\t\t<div class=\"fusion-column-wrapper\" style=\"padding: 0px 0px 0px 0px;background-position:left top;background-repeat:no-repeat;-webkit-background-size:cover;-moz-background-size:cover;-o-background-size:cover;background-size:cover;\"  data-bg-url=\"\">\n\t\t\t\t\t\t<div class=\"fusion-sep-clear\"><\/div><div class=\"fusion-separator fusion-full-width-sep sep-single sep-solid\" style=\"border-color:rgba(224,222,222,0);border-top-width:1px;margin-left: auto;margin-right: auto;margin-top:20px;margin-bottom:20px;\"><\/div><div class=\"fusion-text\"><h1 style=\"text-align: center;\"><span class=\"theme-text-color-4-3\" style=\"color: #ffffff;\">Mociones para Terminar los Procedimientos de Deportaci\u00f3n<\/span><\/h1>\n<\/div><div class=\"fusion-clearfix\"><\/div>\n\n\t\t\t\t\t<\/div>\n\t\t\t\t<\/div><\/div><\/div><div class=\"fusion-fullwidth fullwidth-box nonhundred-percent-fullwidth non-hundred-percent-height-scrolling\"  style='background-color: rgba(255,255,255,0);background-position: center center;background-repeat: no-repeat;padding-top:0px;padding-right:20%;padding-bottom:0px;padding-left:20%;'><div class=\"fusion-builder-row fusion-row \"><div  class=\"fusion-layout-column fusion_builder_column fusion_builder_column_1_1  fusion-one-full fusion-column-first fusion-column-last 1_1\"  style='margin-top:0px;margin-bottom:20px;'>\n\t\t\t\t\t<div class=\"fusion-column-wrapper\" style=\"padding: 0px 0px 0px 0px;background-position:left top;background-repeat:no-repeat;-webkit-background-size:cover;-moz-background-size:cover;-o-background-size:cover;background-size:cover;\"  data-bg-url=\"\">\n\t\t\t\t\t\t<div class=\"fusion-sep-clear\"><\/div><div class=\"fusion-separator fusion-full-width-sep sep-single sep-solid\" style=\"border-color:rgba(224,222,222,0);border-top-width:1px;margin-left: auto;margin-right: auto;margin-top:20px;margin-bottom:20px;\"><\/div><div class=\"fusion-text\"><p>Para ser deportado, un juez de inmigraci\u00f3n primero debe determinar si una persona es removible, es decir, deportable, analizando si las leyes de deportaci\u00f3n se aplican a ellos o no. Esta determinaci\u00f3n es el primer paso en el proceso de la corte de inmigraci\u00f3n, y presenta una oportunidad para que algunos inmigrantes sean desechados, o terminados, para usar el t\u00e9rmino legal. Hay varias maneras en que un caso de deportaci\u00f3n puede ser terminado por un juez de inmigraci\u00f3n. \u00c9stos incluyen:<\/p>\n<p><strong>Demostrando la Ciudadan\u00eda Estadounidense<\/strong><\/p>\n<p>Un ciudadano estadounidense no puede ser deportado. Algunas personas que nacieron fuera de los Estados Unidos podr\u00edan ser ciudadanos estadounidenses y ni siquiera saberlo. Esto es especialmente cierto cuando uno o ambos de los padres de una persona es una ciudadan\u00eda estadounidense. Si alguien hered\u00f3 (o \u00abderiv\u00f3\u00bb, para usar el t\u00e9rmino legal) la ciudadan\u00eda estadounidense de un padre es una pregunta muy complicada y generalmente requerir\u00e1 la ayuda de un abogado para responder. Si puede demostrarle a un juez de inmigraci\u00f3n que en realidad es ciudadano de los Estados Unidos, su caso de deportaci\u00f3n ser\u00e1 desestimado.<\/p>\n<p><strong>Poniendo al Fiscal a Su Carga<\/strong><\/p>\n<p>En muchos casos de deportaci\u00f3n, especialmente aquellos en los que el extranjero tiene una admisi\u00f3n legal previa a los Estados Unidos, el gobierno de los Estados Unidos debe demostrar que usted es deportable. Si faltan sus pruebas sobre ese punto, fallas o de alguna otra manera insuficiente, un juez de inmigraci\u00f3n puede decidir que el gobierno no ha cumplido con su carga de la prueba, en cual caso se desestimar\u00e1 el procedimiento de deportaci\u00f3n. Un abogado especializado en inmigraci\u00f3n puede ayudarlo a se\u00f1alar problemas con las pruebas del gobierno en su contra.<\/p>\n<p><strong>Mociones para Suprimir<\/strong><\/p>\n<p>Si el gobierno de los Estados Unidos obtuvo evidencia en su contra por medios ilegales que violan la constituci\u00f3n de los Estados Unidos, es posible que se rechace esa evidencia al presentar una moci\u00f3n para suprimirla. Si se suprimen las pruebas del gobierno, es probable que su caso finalice. Las mociones para suprimir son complicadas y requieren una gran cantidad de investigaci\u00f3n legal. Se recomienda la asistencia de un abogado de inmigraci\u00f3n con experiencia.<\/p>\n<p><strong>Aplicaciones de la Corte de Inmigraci\u00f3n<\/strong><\/p>\n<p>Incluso si un juez de inmigraci\u00f3n decide que usted puede ser deportado, con frecuencia hay opciones para \u00abalivio\u00bb, es decir, las formas en que puede solicitar permanecer legalmente en los Estados Unidos. Algunas opciones de alivio incluyen asilo, cancelaci\u00f3n de la remoci\u00f3n (a veces llamada la regla de los 10 a\u00f1os o \u00abla ley de los 10 a\u00f1os\u00bb en espa\u00f1ol), ajuste de estado (una solicitud de tarjeta de recidencia basada en el patrocinio de la familia o el empleo), exenciones de inmigraci\u00f3n y Estado protegido temporal (TPS, por sus siglas en ingl\u00e9s).<\/p>\n<\/div><div class=\"fusion-clearfix\"><\/div>\n\n\t\t\t\t\t<\/div>\n\t\t\t\t<\/div><\/div><\/div><div class=\"fusion-fullwidth fullwidth-box nonhundred-percent-fullwidth non-hundred-percent-height-scrolling\"  style='background-color: #1877df;background-position: center center;background-repeat: no-repeat;padding-top:0px;padding-right:20%;padding-bottom:0px;padding-left:20%;'><div class=\"fusion-builder-row fusion-row \"><div  class=\"fusion-layout-column fusion_builder_column fusion_builder_column_1_1  fusion-one-full fusion-column-first fusion-column-last 1_1\"  style='margin-top:0px;margin-bottom:20px;'>\n\t\t\t\t\t<div class=\"fusion-column-wrapper\" style=\"padding: 0px 0px 0px 0px;background-position:left top;background-repeat:no-repeat;-webkit-background-size:cover;-moz-background-size:cover;-o-background-size:cover;background-size:cover;\"  data-bg-url=\"\">\n\t\t\t\t\t\t<div class=\"fusion-text\"><h1 style=\"text-align: center;\"><span class=\"theme-text-color-4-3\" style=\"color: #ffffff;\"><br \/>\nAplicaciones al Tribunal de Inmigraci\u00f3n<\/span><\/h1>\n<\/div><div class=\"fusion-clearfix\"><\/div>\n\n\t\t\t\t\t<\/div>\n\t\t\t\t<\/div><\/div><\/div><div class=\"fusion-fullwidth fullwidth-box nonhundred-percent-fullwidth non-hundred-percent-height-scrolling\"  style='background-color: rgba(255,255,255,0);background-position: center center;background-repeat: no-repeat;padding-top:0px;padding-right:20%;padding-bottom:0px;padding-left:20%;'><div class=\"fusion-builder-row fusion-row \"><div  class=\"fusion-layout-column fusion_builder_column fusion_builder_column_1_1  fusion-one-full fusion-column-first fusion-column-last 1_1\"  style='margin-top:0px;margin-bottom:20px;'>\n\t\t\t\t\t<div class=\"fusion-column-wrapper\" style=\"padding: 0px 0px 0px 0px;background-position:left top;background-repeat:no-repeat;-webkit-background-size:cover;-moz-background-size:cover;-o-background-size:cover;background-size:cover;\"  data-bg-url=\"\">\n\t\t\t\t\t\t<div class=\"fusion-sep-clear\"><\/div><div class=\"fusion-separator fusion-full-width-sep sep-single sep-solid\" style=\"border-color:rgba(224,222,222,0);border-top-width:1px;margin-left: auto;margin-right: auto;margin-top:20px;margin-bottom:20px;\"><\/div><div class=\"fusion-text\"><p>Incluso si un juez de inmigraci\u00f3n decide que usted es deportable, hay opciones frecuentes de \u00abalivio\u00bb, es decir, las formas en que puede solicitar permanecer legalmente en los Estados Unidos, generalmente solicitando una tarjeta de residencia u otro estatus legal con la juez de inmigraci\u00f3n.\u00a0 Algunas opciones de alivio incluyen Asilo, Estado de Protecci\u00f3n Temporal (TPS), Cancelaci\u00f3n de Remoci\u00f3n, Ajuste de Estado y Exenciones de Inmigraci\u00f3n. Para m\u00e1s informaci\u00f3n sobre Asylum y TPS <a href=\"http:\/\/hinzmanflory.com\/es\/asilo-politico-visas-u-y-ayuda-humanitaria\/\"><span style=\"text-decoration: underline;\"><strong>HAGA CLIC AQU\u00cd<\/strong><\/span>.<\/a> Contin\u00fae leyendo a continuaci\u00f3n para obtener informaci\u00f3n adicional sobre las otras formas de alivio.<\/p>\n<p><strong>Cancelaci\u00f3n de deportaci\u00f3n para Residentes No Permanentes<\/strong><\/p>\n<p>Tambi\u00e9n conocida en espa\u00f1ol como \u201cLa Ley de Diez A\u00f1os\u201d, la cancelaci\u00f3n de la remoci\u00f3n de residentes no permanentes es una solicitud de tarjeta de residencia para personas sin estatus legal en los Estados Unidos. Para calificar, debe demostrar que ha estado f\u00edsicamente presente en los Estados Unidos durante al menos 10 a\u00f1os, que es una persona de buen car\u00e1cter moral, que no tiene antecedentes penales descalificantes y que tiene un c\u00f3nyuge, padre o hijo que es un ciudadano estadounidense o residente permanente que sufrir\u00e1 \u00abdificultades excepcionales y extremadamente inusuales\u00bb si es deportado.<\/p>\n<p><strong>Cancelaci\u00f3n de Deportaci\u00f3n para Residentes Permanentes<\/strong><\/p>\n<p>Ciertos delitos pueden hacer que un residente permanente sea colocado en un proceso de deportaci\u00f3n. Sin embargo, muchos residentes permanentes son elegibles para guardar sus tarjetas de residencia al solicitar la cancelaci\u00f3n de la remoci\u00f3n en la corte de inmigraci\u00f3n. Para calificar para la cancelaci\u00f3n de la remoci\u00f3n, el residente permanente debe haber tenido una tarjeta de residencia durante al menos 5 a\u00f1os, haber vivido en los Estados Unidos durante al menos 7 a\u00f1os despu\u00e9s de una entrada legal a los Estados Unidos y no haber cometido delitos como delito grave agravado bajo las leyes de inmigraci\u00f3n de los Estados Unidos.<\/p>\n<p><a name=\"ajuste\"><\/a><strong>Ajuste de Estado<\/strong><\/p>\n<p>Algunas personas son elegibles para solicitar su tarjeta de residencia en el tribunal de inmigraci\u00f3n en funci\u00f3n de una petici\u00f3n presentada por un miembro de la familia, empleador o incluso una petici\u00f3n por s\u00ed mismo en virtud de la Ley de Violencia contra la Mujer (VAWA) o como un Inmigrante Especial para J\u00f3venes (SIJ). Adem\u00e1s, a veces un residente permanente con una tarjeta de residencia que est\u00e1 a punto de ser revocada puede volver a solicitar la residencia permanente en base a una petici\u00f3n. Solicitar una tarjeta de residencia basada en cualquier tipo de petici\u00f3n se denomina \u00abajuste de estado\u00bb.<\/p>\n<p><strong>Renuncias<\/strong><\/p>\n<p>Algunos problemas de inmigraci\u00f3n, incluidos ciertos delitos, fraude\/tergiversaci\u00f3n de inmigraci\u00f3n y problemas con presencia ilegal en los Estados Unidos, pueden ser eximidos con una exenci\u00f3n de inmigraci\u00f3n apropiada. Tanto los titulares de la tarjeta de residencia como los residentes no permanentes pueden beneficiarse de la solicitud de una exenci\u00f3n en el tribunal de inmigraci\u00f3n.<\/p>\n<\/div><div class=\"fusion-clearfix\"><\/div>\n\n\t\t\t\t\t<\/div>\n\t\t\t\t<\/div><\/div><\/div><\/p>\n","protected":false},"excerpt":{"rendered":"","protected":false},"author":1,"featured_media":0,"parent":0,"menu_order":0,"comment_status":"closed","ping_status":"closed","template":"100-width.php","meta":[],"_links":{"self":[{"href":"http:\/\/hinzmanflory.com\/es\/wp-json\/wp\/v2\/pages\/2689"}],"collection":[{"href":"http:\/\/hinzmanflory.com\/es\/wp-json\/wp\/v2\/pages"}],"about":[{"href":"http:\/\/hinzmanflory.com\/es\/wp-json\/wp\/v2\/types\/page"}],"author":[{"embeddable":true,"href":"http:\/\/hinzmanflory.com\/es\/wp-json\/wp\/v2\/users\/1"}],"replies":[{"embeddable":true,"href":"http:\/\/hinzmanflory.com\/es\/wp-json\/wp\/v2\/comments?post=2689"}],"version-history":[{"count":8,"href":"http:\/\/hinzmanflory.com\/es\/wp-json\/wp\/v2\/pages\/2689\/revisions"}],"predecessor-version":[{"id":2774,"href":"http:\/\/hinzmanflory.com\/es\/wp-json\/wp\/v2\/pages\/2689\/revisions\/2774"}],"wp:attachment":[{"href":"http:\/\/hinzmanflory.com\/es\/wp-json\/wp\/v2\/media?parent=2689"}],"curies":[{"name":"wp","href":"https:\/\/api.w.org\/{rel}","templated":true}]}}