{"id":2697,"date":"2019-02-05T15:56:40","date_gmt":"2019-02-05T15:56:40","guid":{"rendered":"http:\/\/hinzmanflory.com\/?page_id=2697\/"},"modified":"2019-02-06T16:44:26","modified_gmt":"2019-02-06T16:44:26","slug":"tarjetas-de-residencia-basadas-en-empleo","status":"publish","type":"page","link":"http:\/\/hinzmanflory.com\/es\/tarjetas-de-residencia-basadas-en-empleo\/","title":{"rendered":"Tarjetas de Residencia Basadas en Empleo"},"content":{"rendered":"<p><div class=\"fusion-fullwidth fullwidth-box nonhundred-percent-fullwidth non-hundred-percent-height-scrolling\"  style='background-color: rgba(255,255,255,0);background-position: center center;background-repeat: no-repeat;padding-top:0px;padding-right:20%;padding-bottom:0px;padding-left:20%;'><div class=\"fusion-builder-row fusion-row \"><div  class=\"fusion-layout-column fusion_builder_column fusion_builder_column_1_1  fusion-one-full fusion-column-first fusion-column-last 1_1\"  style='margin-top:0px;margin-bottom:20px;'>\n\t\t\t\t\t<div class=\"fusion-column-wrapper\" style=\"padding: 0px 0px 0px 0px;background-position:left top;background-repeat:no-repeat;-webkit-background-size:cover;-moz-background-size:cover;-o-background-size:cover;background-size:cover;\"  data-bg-url=\"\">\n\t\t\t\t\t\t<div class=\"fusion-text\"><p>El patrocinio de un empleador de los\u00a0Estados Unidos\u00a0es uno de los principales caminos por los cuales los extranjeros se convierten en residentes permanentes de los Estados Unidos. Hinzman &amp; Flory puede proporcionar servicios de inmigraci\u00f3n para aquellos que buscan las tarjetas\u00a0de residencia\u00a0EB1 y EB2 (National Interest Waiver). Por favor contin\u00fae leyendo para obtener m\u00e1s informaci\u00f3n acerca de estas visas.<\/p>\n<\/div><div class=\"fusion-clearfix\"><\/div>\n\n\t\t\t\t\t<\/div>\n\t\t\t\t<\/div><\/div><\/div><div class=\"fusion-fullwidth fullwidth-box nonhundred-percent-fullwidth non-hundred-percent-height-scrolling\"  style='background-color: #1877df;background-position: center center;background-repeat: no-repeat;padding-top:0px;padding-right:20%;padding-bottom:0px;padding-left:20%;'><div class=\"fusion-builder-row fusion-row \"><div  class=\"fusion-layout-column fusion_builder_column fusion_builder_column_1_1  fusion-one-full fusion-column-first fusion-column-last 1_1\"  style='margin-top:0px;margin-bottom:20px;'>\n\t\t\t\t\t<div class=\"fusion-column-wrapper\" style=\"padding: 0px 0px 0px 0px;background-position:left top;background-repeat:no-repeat;-webkit-background-size:cover;-moz-background-size:cover;-o-background-size:cover;background-size:cover;\"  data-bg-url=\"\">\n\t\t\t\t\t\t<div class=\"fusion-sep-clear\"><\/div><div class=\"fusion-separator fusion-full-width-sep sep-single sep-solid\" style=\"border-color:rgba(224,222,222,0);border-top-width:1px;margin-left: auto;margin-right: auto;margin-top:20px;margin-bottom:20px;\"><\/div><div class=\"fusion-text\"><p><span style=\"color: #ffffff;\"><strong>TARJETAS DE RESIDENCIA EB1:<\/strong> La categor\u00eda de tarjeta de residencia EB1 representa a los trabajadores extranjeros preferidos bajo el sistema de inmigraci\u00f3n de los Estados Unidos. Los solicitantes de la tarjeta de residencia de habilidad extraordinaria EB-1 deben poder demostrar una habilidad extraordinaria en ciencias, artes, educaci\u00f3n, negocios o atletismo a trav\u00e9s de un reconocimiento nacional o internacional sostenido. Los logros del solicitante deben ser reconocidos en su campo a trav\u00e9s de una extensa documentaci\u00f3n. Esta categor\u00eda de tarjeta de residencia no requiere una oferta de trabajo de un empleador de los Estados Unidos, lo que la convierte en una opci\u00f3n deseable para los extranjeros en la parte superior de su campo de especializaci\u00f3n. La categor\u00eda EB1 consta de tres subcategor\u00edas:<\/span><\/p>\n<ul>\n<li style=\"color: #ffffff;\"><span style=\"color: #ffffff;\">Tarjetas de residencia EB1A para extranjeros de extraordinaria habilidad.<\/span><\/li>\n<li style=\"color: #ffffff;\"><span style=\"color: #ffffff;\">Tarjetas de residencia EB1B para profesores e investigadores destacados.<\/span><\/li>\n<li style=\"color: #ffffff;\"><span style=\"color: #ffffff;\">Tarjetas de residencia EB1C para directivos y ejecutivos multinacionales.<\/span><\/li>\n<\/ul>\n<\/div><div class=\"fusion-clearfix\"><\/div>\n\n\t\t\t\t\t<\/div>\n\t\t\t\t<\/div><\/div><\/div><div class=\"fusion-fullwidth fullwidth-box nonhundred-percent-fullwidth non-hundred-percent-height-scrolling\"  style='background-color: rgba(255,255,255,0);background-position: center center;background-repeat: no-repeat;padding-top:0px;padding-right:20%;padding-bottom:0px;padding-left:20%;'><div class=\"fusion-builder-row fusion-row \"><div  class=\"fusion-layout-column fusion_builder_column fusion_builder_column_1_1  fusion-one-full fusion-column-first fusion-column-last 1_1\"  style='margin-top:0px;margin-bottom:20px;'>\n\t\t\t\t\t<div class=\"fusion-column-wrapper\" style=\"padding: 0px 0px 0px 0px;background-position:left top;background-repeat:no-repeat;-webkit-background-size:cover;-moz-background-size:cover;-o-background-size:cover;background-size:cover;\"  data-bg-url=\"\">\n\t\t\t\t\t\t<div class=\"fusion-sep-clear\"><\/div><div class=\"fusion-separator fusion-full-width-sep sep-single sep-solid\" style=\"border-color:rgba(224,222,222,0);border-top-width:1px;margin-left: auto;margin-right: auto;margin-top:20px;margin-bottom:20px;\"><\/div><div class=\"fusion-text\"><p><strong>EB2 NIW (Exenci\u00f3n de Inter\u00e9s Nacional) TARJETAS DE RESIDENCIA:<\/strong> La categor\u00eda de tarjeta de residencia EB2 representa el segundo trabajador extranjero preferido. La categor\u00eda de tarjeta de residencia EB-2 es para extranjeros que poseen un t\u00edtulo avanzado o una capacidad excepcional en su campo de experiencia. La mayor\u00eda de los solicitantes de EB-2 deben tener una oferta de trabajo de un empleador de los Estados Unidos y una Certificaci\u00f3n Laboral aprobada del Departamento de Trabajo de los Estados Unidos. Sin embargo, ciertos extranjeros pueden calificar para una Exenci\u00f3n de Inter\u00e9s Nacional (NIW) EB-2 porque otorgarles la residencia permanente ser\u00eda de inter\u00e9s nacional para los Estados Unidos. Si se aprueba, el NIW exime al extranjero de la oferta de trabajo y los requisitos de certificaci\u00f3n laboral. Aunque los empleos que califican para una exenci\u00f3n de inter\u00e9s nacional no est\u00e1n definidos en la ley de inmigraci\u00f3n de Estados Unidos, las exenciones de inter\u00e9s nacional generalmente se otorgan a aquellos que tienen una capacidad excepcional y cuyo empleo en los Estados Unidos beneficiar\u00eda enormemente a la naci\u00f3n (por ejemplo, cient\u00edficos, investigadores, etc.). La categor\u00eda est\u00e1 disponible para:<\/p>\n<p>extranjeros que buscan un trabajo que requiera un t\u00edtulo avanzado o su equivalente (es decir, una licenciatura y cinco a\u00f1os de experiencia laboral progresiva en el campo),<\/p>\n<p><strong>O<\/strong><\/p>\n<p>Extranjeros que tienen una habilidad excepcional en las ciencias, artes o negocios),<\/p>\n<p><strong>Y<\/strong><\/p>\n<p>quienes establecen la elegibilidad para una Exenci\u00f3n de Inter\u00e9s Nacional (NIW).<\/p>\n<p>Hay tres requisitos principales para recibir un NIW:<\/p>\n<p>(1) el esfuerzo propuesto por el extranjero debe tener tanto m\u00e9rito sustancial como importancia nacional;<br \/>\n(2) \u00e9l o ella debe estar bien posicionado para avanzar en el esfuerzo propuesto; y<br \/>\n(3) en general, ser\u00eda beneficioso para los Estados Unidos renunciar a la oferta de trabajo y los requisitos de certificaci\u00f3n laboral.<\/p>\n<\/div><div class=\"fusion-clearfix\"><\/div>\n\n\t\t\t\t\t<\/div>\n\t\t\t\t<\/div><\/div><\/div><\/p>\n","protected":false},"excerpt":{"rendered":"","protected":false},"author":1,"featured_media":0,"parent":0,"menu_order":0,"comment_status":"closed","ping_status":"closed","template":"100-width.php","meta":[],"_links":{"self":[{"href":"http:\/\/hinzmanflory.com\/es\/wp-json\/wp\/v2\/pages\/2697"}],"collection":[{"href":"http:\/\/hinzmanflory.com\/es\/wp-json\/wp\/v2\/pages"}],"about":[{"href":"http:\/\/hinzmanflory.com\/es\/wp-json\/wp\/v2\/types\/page"}],"author":[{"embeddable":true,"href":"http:\/\/hinzmanflory.com\/es\/wp-json\/wp\/v2\/users\/1"}],"replies":[{"embeddable":true,"href":"http:\/\/hinzmanflory.com\/es\/wp-json\/wp\/v2\/comments?post=2697"}],"version-history":[{"count":3,"href":"http:\/\/hinzmanflory.com\/es\/wp-json\/wp\/v2\/pages\/2697\/revisions"}],"predecessor-version":[{"id":2749,"href":"http:\/\/hinzmanflory.com\/es\/wp-json\/wp\/v2\/pages\/2697\/revisions\/2749"}],"wp:attachment":[{"href":"http:\/\/hinzmanflory.com\/es\/wp-json\/wp\/v2\/media?parent=2697"}],"curies":[{"name":"wp","href":"https:\/\/api.w.org\/{rel}","templated":true}]}}