{"id":2713,"date":"2019-02-05T22:35:42","date_gmt":"2019-02-05T22:35:42","guid":{"rendered":"http:\/\/hinzmanflory.com\/?page_id=2713\/"},"modified":"2019-02-05T22:49:50","modified_gmt":"2019-02-05T22:49:50","slug":"accion-diferida-para-los-llegados-en-la-infancia-daca","status":"publish","type":"page","link":"http:\/\/hinzmanflory.com\/es\/accion-diferida-para-los-llegados-en-la-infancia-daca\/","title":{"rendered":"Acci\u00f3n Diferida para los Llegados en la Infancia (DACA)"},"content":{"rendered":"<p><div class=\"fusion-fullwidth fullwidth-box nonhundred-percent-fullwidth non-hundred-percent-height-scrolling\"  style='background-color: rgba(255,255,255,0);background-position: center center;background-repeat: no-repeat;padding-top:0px;padding-right:20%;padding-bottom:0px;padding-left:20%;'><div class=\"fusion-builder-row fusion-row \"><div  class=\"fusion-layout-column fusion_builder_column fusion_builder_column_1_1  fusion-one-full fusion-column-first fusion-column-last 1_1\"  style='margin-top:0px;margin-bottom:20px;'>\n\t\t\t\t\t<div class=\"fusion-column-wrapper\" style=\"padding: 0px 0px 0px 0px;background-position:left top;background-repeat:no-repeat;-webkit-background-size:cover;-moz-background-size:cover;-o-background-size:cover;background-size:cover;\"  data-bg-url=\"\">\n\t\t\t\t\t\t<div class=\"fusion-text\"><p>La Acci\u00f3n Diferida para los Llegados en la Infancia (DACA), es un programa popular instituido por el Presidente Barack Obama en 2012.\u00a0 Los beneficiarios de DACA generalmente est\u00e1n protegidos de la deportaci\u00f3n y se les ha dados los permisos de trabajo renovables en incrementos de dos a\u00f1os.\u00a0 En 2017, la administraci\u00f3n de Trump intent\u00f3 terminar el programa DACA, pero un juez federal le impidi\u00f3 hacerlo.\u00a0 A partir de febrero de 2019, el gobierno de los Estados Unidos no est\u00e1 aceptando nuevas solicitudes iniciales de DACA.\u00a0 Sin embargo, las personas que actualmente tienen DACA pueden continuar renov\u00e1ndolo.\u00a0 En general, DACA debe renovarse siempre que sea posible.<\/p>\n<\/div><div class=\"fusion-clearfix\"><\/div>\n\n\t\t\t\t\t<\/div>\n\t\t\t\t<\/div><\/div><\/div><div class=\"fusion-fullwidth fullwidth-box nonhundred-percent-fullwidth non-hundred-percent-height-scrolling\"  style='background-color: #1877df;background-position: center center;background-repeat: no-repeat;padding-top:0px;padding-right:20%;padding-bottom:0px;padding-left:20%;'><div class=\"fusion-builder-row fusion-row \"><div  class=\"fusion-layout-column fusion_builder_column fusion_builder_column_1_1  fusion-one-full fusion-column-first fusion-column-last 1_1\"  style='margin-top:0px;margin-bottom:20px;'>\n\t\t\t\t\t<div class=\"fusion-column-wrapper\" style=\"padding: 0px 0px 0px 0px;background-position:left top;background-repeat:no-repeat;-webkit-background-size:cover;-moz-background-size:cover;-o-background-size:cover;background-size:cover;\"  data-bg-url=\"\">\n\t\t\t\t\t\t<div class=\"fusion-sep-clear\"><\/div><div class=\"fusion-separator fusion-full-width-sep sep-single sep-solid\" style=\"border-color:rgba(224,222,222,0);border-top-width:1px;margin-left: auto;margin-right: auto;margin-top:20px;margin-bottom:20px;\"><\/div><div class=\"fusion-text\"><p><strong><span style=\"color: #ffffff;\">Para ser elegible para DACA, los solicitantes deb\u00edan demostrar lo siguiente:<\/span><\/strong><\/p>\n<ul>\n<li style=\"font-weight: 400; color: #ffffff;\"><span style=\"color: #ffffff;\">Menores de 31 a\u00f1os el 15 de junio de 2012;<\/span><\/li>\n<li style=\"font-weight: 400; color: #ffffff;\"><span style=\"color: #ffffff;\">Entrada a los Estados Unidos antes de cumplir 16 a\u00f1os;<\/span><\/li>\n<li style=\"font-weight: 400; color: #ffffff;\"><span style=\"color: #ffffff;\">Residencia continua en los Estados Unidos desde el 15 de junio de 2007 hasta el momento de solicitar DACA;<\/span><\/li>\n<li style=\"font-weight: 400; color: #ffffff;\"><span style=\"color: #ffffff;\">Presencia f\u00edsica en los Estados Unidos el 15 de junio de 2012, y al momento de solicitar DACA;<\/span><\/li>\n<li style=\"font-weight: 400; color: #ffffff;\"><span style=\"color: #ffffff;\">No hay estado legal en los Estados Unidos el 15 de junio de 2012;<\/span><\/li>\n<li style=\"font-weight: 400; color: #ffffff;\"><span style=\"color: #ffffff;\">Matriculaci\u00f3n actual en la escuela; posesi\u00f3n de un diploma de escuela secundaria, un certificado de finalizaci\u00f3n de la escuela secundaria o un GED; o ser un veterano honrado de la Guardia Costera o las Fuerzas Armadas de los Estados Unidos; y<\/span><\/li>\n<li style=\"font-weight: 400; color: #ffffff;\"><span style=\"color: #ffffff;\">No hay condenas por delitos graves, delitos menores o tres o m\u00e1s delitos menores, ni una amenaza a la seguridad nacional o p\u00fablica.<\/span><\/li>\n<\/ul>\n<\/div><div class=\"fusion-clearfix\"><\/div>\n\n\t\t\t\t\t<\/div>\n\t\t\t\t<\/div><\/div><\/div><\/p>\n","protected":false},"excerpt":{"rendered":"","protected":false},"author":1,"featured_media":0,"parent":0,"menu_order":0,"comment_status":"closed","ping_status":"closed","template":"100-width.php","meta":[],"_links":{"self":[{"href":"http:\/\/hinzmanflory.com\/es\/wp-json\/wp\/v2\/pages\/2713"}],"collection":[{"href":"http:\/\/hinzmanflory.com\/es\/wp-json\/wp\/v2\/pages"}],"about":[{"href":"http:\/\/hinzmanflory.com\/es\/wp-json\/wp\/v2\/types\/page"}],"author":[{"embeddable":true,"href":"http:\/\/hinzmanflory.com\/es\/wp-json\/wp\/v2\/users\/1"}],"replies":[{"embeddable":true,"href":"http:\/\/hinzmanflory.com\/es\/wp-json\/wp\/v2\/comments?post=2713"}],"version-history":[{"count":3,"href":"http:\/\/hinzmanflory.com\/es\/wp-json\/wp\/v2\/pages\/2713\/revisions"}],"predecessor-version":[{"id":2717,"href":"http:\/\/hinzmanflory.com\/es\/wp-json\/wp\/v2\/pages\/2713\/revisions\/2717"}],"wp:attachment":[{"href":"http:\/\/hinzmanflory.com\/es\/wp-json\/wp\/v2\/media?parent=2713"}],"curies":[{"name":"wp","href":"https:\/\/api.w.org\/{rel}","templated":true}]}}