{"id":2729,"date":"2019-02-06T01:39:54","date_gmt":"2019-02-06T01:39:54","guid":{"rendered":"http:\/\/hinzmanflory.com\/?page_id=2729\/"},"modified":"2019-02-06T18:37:54","modified_gmt":"2019-02-06T18:37:54","slug":"asilo-politico-visas-u-y-ayuda-humanitaria","status":"publish","type":"page","link":"http:\/\/hinzmanflory.com\/es\/asilo-politico-visas-u-y-ayuda-humanitaria\/","title":{"rendered":"Asilo Pol\u00edtico, Visas U y Ayuda Humanitaria"},"content":{"rendered":"<p><div class=\"fusion-fullwidth fullwidth-box nonhundred-percent-fullwidth non-hundred-percent-height-scrolling\"  style='background-color: rgba(255,255,255,0);background-position: center center;background-repeat: no-repeat;padding-top:0px;padding-right:20%;padding-bottom:0px;padding-left:20%;'><div class=\"fusion-builder-row fusion-row \"><div  class=\"fusion-layout-column fusion_builder_column fusion_builder_column_1_1  fusion-one-full fusion-column-first fusion-column-last 1_1\"  style='margin-top:0px;margin-bottom:20px;'>\n\t\t\t\t\t<div class=\"fusion-column-wrapper\" style=\"padding: 0px 0px 0px 0px;background-position:left top;background-repeat:no-repeat;-webkit-background-size:cover;-moz-background-size:cover;-o-background-size:cover;background-size:cover;\"  data-bg-url=\"\">\n\t\t\t\t\t\t<div class=\"fusion-text\"><p>El asilo pol\u00edtico es en realidad un t\u00e9rmino general para tres formas diferentes de protecci\u00f3n contra la persecuci\u00f3n en un pa\u00eds extranjero. Esos son:<\/p>\n<\/div><div class=\"fusion-clearfix\"><\/div>\n\n\t\t\t\t\t<\/div>\n\t\t\t\t<\/div><\/div><\/div><div class=\"fusion-fullwidth fullwidth-box nonhundred-percent-fullwidth non-hundred-percent-height-scrolling\"  style='background-color: #1877df;background-position: center center;background-repeat: no-repeat;padding-top:0px;padding-right:20%;padding-bottom:0px;padding-left:20%;'><div class=\"fusion-builder-row fusion-row \"><div  class=\"fusion-layout-column fusion_builder_column fusion_builder_column_1_1  fusion-one-full fusion-column-first fusion-column-last 1_1\"  style='margin-top:0px;margin-bottom:20px;'>\n\t\t\t\t\t<div class=\"fusion-column-wrapper\" style=\"padding: 0px 0px 0px 0px;background-position:left top;background-repeat:no-repeat;-webkit-background-size:cover;-moz-background-size:cover;-o-background-size:cover;background-size:cover;\"  data-bg-url=\"\">\n\t\t\t\t\t\t<div class=\"fusion-sep-clear\"><\/div><div class=\"fusion-separator fusion-full-width-sep sep-single sep-solid\" style=\"border-color:rgba(224,222,222,0);border-top-width:1px;margin-left: auto;margin-right: auto;margin-top:20px;margin-bottom:20px;\"><\/div><div class=\"fusion-text\"><h1 style=\"text-align: center;\"><span class=\"theme-text-color-4-3\" style=\"color: #ffffff;\">Asilo<\/span><\/h1>\n<p><span style=\"color: #ffffff;\">El verdadero asilo requiere que el solicitante demuestre que ser\u00e1 perseguido en su pa\u00eds de origen debido a su raza, religi\u00f3n, nacionalidad, grupo social particular u opini\u00f3n pol\u00edtica. Un solicitante de asilo generalmente debe solicitar asilo dentro de un a\u00f1o de haber llegado a los Estados Unidos. Una solicitud de asilo se puede hacer afirmativamente con los Servicios de Ciudadan\u00eda e Inmigraci\u00f3n de los Estados Unidos (USCIS), o como defensa de la deportaci\u00f3n en un tribunal de inmigraci\u00f3n. La aprobaci\u00f3n de una solicitud de asilo puede resultar en recibir una tarjeta de residencia.<\/span><\/p>\n<\/div><div class=\"fusion-clearfix\"><\/div>\n\n\t\t\t\t\t<\/div>\n\t\t\t\t<\/div><\/div><\/div><div class=\"fusion-fullwidth fullwidth-box nonhundred-percent-fullwidth non-hundred-percent-height-scrolling\"  style='background-color: rgba(255,255,255,0);background-position: center center;background-repeat: no-repeat;padding-top:0px;padding-right:20%;padding-bottom:0px;padding-left:20%;'><div class=\"fusion-builder-row fusion-row \"><div  class=\"fusion-layout-column fusion_builder_column fusion_builder_column_1_1  fusion-one-full fusion-column-first fusion-column-last 1_1\"  style='margin-top:0px;margin-bottom:20px;'>\n\t\t\t\t\t<div class=\"fusion-column-wrapper\" style=\"padding: 0px 0px 0px 0px;background-position:left top;background-repeat:no-repeat;-webkit-background-size:cover;-moz-background-size:cover;-o-background-size:cover;background-size:cover;\"  data-bg-url=\"\">\n\t\t\t\t\t\t<div class=\"fusion-sep-clear\"><\/div><div class=\"fusion-separator fusion-full-width-sep sep-single sep-solid\" style=\"border-color:rgba(224,222,222,0);border-top-width:1px;margin-left: auto;margin-right: auto;margin-top:20px;margin-bottom:20px;\"><\/div><div class=\"fusion-text\"><h1 style=\"text-align: center;\">Retenci\u00f3n de la Remoci\u00f3n<\/h1>\n<p><span style=\"color: #999999;\">Esta aplicaci\u00f3n es muy similar al asilo, pero hay algunas diferencias importantes. Primero, solo puede solicitar la retenci\u00f3n de deportaci\u00f3n en la corte de inmigraci\u00f3n. Es decir, es puramente una defensa a la deportaci\u00f3n. En segundo lugar, no hay l\u00edmite de tiempo para que una persona pueda solicitar la retenci\u00f3n de la expulsi\u00f3n (a diferencia del asilo, que debe solicitarse dentro de un a\u00f1o de su llegada a los Estados Unidos). Finalmente, si es aprobado por un juez de inmigraci\u00f3n, la retenci\u00f3n de la expulsi\u00f3n no da lugar a recibir una tarjeta de residencia. En cambio, el receptor obtiene un permiso de trabajo y el derecho a vivir en los Estados Unidos hasta que las condiciones en el pa\u00eds de origen mejoren, aunque en la pr\u00e1ctica la mayor\u00eda de los beneficiarios de la retenci\u00f3n viven en los Estados Unidos el resto de sus vidas. <\/span><\/p>\n<\/div><div class=\"fusion-clearfix\"><\/div>\n\n\t\t\t\t\t<\/div>\n\t\t\t\t<\/div><\/div><\/div><div class=\"fusion-fullwidth fullwidth-box nonhundred-percent-fullwidth non-hundred-percent-height-scrolling\"  style='background-color: #1877df;background-position: center center;background-repeat: no-repeat;padding-top:0px;padding-right:20%;padding-bottom:0px;padding-left:20%;'><div class=\"fusion-builder-row fusion-row \"><div  class=\"fusion-layout-column fusion_builder_column fusion_builder_column_1_1  fusion-one-full fusion-column-first fusion-column-last 1_1\"  style='margin-top:0px;margin-bottom:20px;'>\n\t\t\t\t\t<div class=\"fusion-column-wrapper\" style=\"padding: 0px 0px 0px 0px;background-position:left top;background-repeat:no-repeat;-webkit-background-size:cover;-moz-background-size:cover;-o-background-size:cover;background-size:cover;\"  data-bg-url=\"\">\n\t\t\t\t\t\t<div class=\"fusion-sep-clear\"><\/div><div class=\"fusion-separator fusion-full-width-sep sep-single sep-solid\" style=\"border-color:rgba(224,222,222,0);border-top-width:1px;margin-left: auto;margin-right: auto;margin-top:20px;margin-bottom:20px;\"><\/div><div class=\"fusion-text\"><h1 style=\"text-align: center;\"><span class=\"theme-text-color-4-3\" style=\"color: #ffffff;\">Convenci\u00f3n Contra la Tortura<\/span><\/h1>\n<p><span style=\"color: #ffffff;\">Los Estados Unidos son signatarios de la Convenci\u00f3n de las Naciones Unidas contra la Tortura. Por lo tanto, los Estados Unidos no pueden deportar a una persona a su pa\u00eds de origen cuando es m\u00e1s probable que no sea torturada por funcionarios del gobierno u otras personas que act\u00faen con el consentimiento o la aquiescencia de los funcionarios del gobierno. Una solicitud de protecci\u00f3n en virtud de la Convenci\u00f3n contra la Tortura solo puede presentarse en un tribunal de inmigraci\u00f3n como defensa de la deportaci\u00f3n. La \u00abTortura\u00bb se define en las leyes de inmigraci\u00f3n como una forma extrema de persecuci\u00f3n f\u00edsica, por lo que el da\u00f1o que sufrir\u00e1 el solicitante debe ser particularmente grave. Los aspectos clave de una solicitud de protecci\u00f3n en virtud de la Convenci\u00f3n contra la Tortura consisten en demostrar que el da\u00f1o que sufrir\u00e1 el solicitante aumenta hasta el nivel de tortura, y que dicho da\u00f1o lo infligir\u00e1n funcionarios del gobierno extranjero u otros que trabajen esencialmente a pedido. de funcionarios del gobierno. Si la solicitud de la convenci\u00f3n de tortura es aprobada por un juez de inmigraci\u00f3n, el solicitante no recibe una tarjeta de residencia. En su lugar, \u00e9l o ella obtiene un permiso de trabajo y el derecho de vivir en los Estados Unidos hasta que las condiciones en el pa\u00eds de origen mejoren, aunque en la pr\u00e1ctica la mayor\u00eda de los destinatarios de la convenci\u00f3n de tortura viven en los Estados Unidos por el resto de sus vidas.<\/span><\/p>\n<\/div><div class=\"fusion-clearfix\"><\/div>\n\n\t\t\t\t\t<\/div>\n\t\t\t\t<\/div><\/div><\/div><div class=\"fusion-fullwidth fullwidth-box nonhundred-percent-fullwidth non-hundred-percent-height-scrolling\"  style='background-color: rgba(255,255,255,0);background-position: center center;background-repeat: no-repeat;padding-top:0px;padding-right:20%;padding-bottom:0px;padding-left:20%;'><div class=\"fusion-builder-row fusion-row \"><div  class=\"fusion-layout-column fusion_builder_column fusion_builder_column_1_1  fusion-one-full fusion-column-first fusion-column-last 1_1\"  style='margin-top:0px;margin-bottom:20px;'>\n\t\t\t\t\t<div class=\"fusion-column-wrapper\" style=\"padding: 0px 0px 0px 0px;background-position:left top;background-repeat:no-repeat;-webkit-background-size:cover;-moz-background-size:cover;-o-background-size:cover;background-size:cover;\"  data-bg-url=\"\">\n\t\t\t\t\t\t<div class=\"fusion-sep-clear\"><\/div><div class=\"fusion-separator fusion-full-width-sep sep-single sep-solid\" style=\"border-color:rgba(224,222,222,0);border-top-width:1px;margin-left: auto;margin-right: auto;margin-top:20px;margin-bottom:20px;\"><\/div><div class=\"fusion-text\"><h1 style=\"text-align: center;\">Visas U<\/h1>\n<p><span style=\"color: #999999;\">Los extranjeros que han sido v\u00edctimas de un delito en los Estados Unidos pueden calificar para una Visa U. Hay muchos tipos de delitos que resultan en que la v\u00edctima reciba una Visa U, pero algunos de los m\u00e1s comunes son violencia dom\u00e9stica, agresi\u00f3n y agresi\u00f3n con agravantes, robo y agresi\u00f3n sexual. Adem\u00e1s, los padres indocumentados de ni\u00f1os ciudadanos de los Estados Unidos que han sido victimizados tambi\u00e9n pueden calificar para una Visa U. El extranjero debe presentar un informe policial y cooperar con las autoridades en la investigaci\u00f3n o el enjuiciamiento del caso. Es importante saber que la gran mayor\u00eda de las agencias de aplicaci\u00f3n de la ley en todo el pa\u00eds no traicionar\u00e1n la confianza de un inmigrante indocumentado que denuncie un delito inform\u00e1ndolo a ICE. De hecho, una certificaci\u00f3n de la cooperaci\u00f3n del extranjero en la investigaci\u00f3n criminal es un requisito previo para solicitar una Visa U. Los beneficiarios de una Visa U eventualmente tendr\u00e1n el derecho de solicitar una tarjeta de residencia. La Visa U, si se aprueba, tambi\u00e9n puede eliminar las consecuencias migratorias de la mayor\u00eda de los antecedentes penales, fraude\/tergiversaci\u00f3n de inmigraci\u00f3n y cruces fronterizos ilegales.<\/span><\/p>\n<\/div><div class=\"fusion-clearfix\"><\/div>\n\n\t\t\t\t\t<\/div>\n\t\t\t\t<\/div><\/div><\/div><div class=\"fusion-fullwidth fullwidth-box nonhundred-percent-fullwidth non-hundred-percent-height-scrolling\"  style='background-color: #1877df;background-position: center center;background-repeat: no-repeat;padding-top:0px;padding-right:20%;padding-bottom:0px;padding-left:20%;'><div class=\"fusion-builder-row fusion-row \"><div  class=\"fusion-layout-column fusion_builder_column fusion_builder_column_1_1  fusion-one-full fusion-column-first fusion-column-last 1_1\"  style='margin-top:0px;margin-bottom:20px;'>\n\t\t\t\t\t<div class=\"fusion-column-wrapper\" style=\"padding: 0px 0px 0px 0px;background-position:left top;background-repeat:no-repeat;-webkit-background-size:cover;-moz-background-size:cover;-o-background-size:cover;background-size:cover;\"  data-bg-url=\"\">\n\t\t\t\t\t\t<div class=\"fusion-sep-clear\"><\/div><div class=\"fusion-separator fusion-full-width-sep sep-single sep-solid\" style=\"border-color:rgba(224,222,222,0);border-top-width:1px;margin-left: auto;margin-right: auto;margin-top:20px;margin-bottom:20px;\"><\/div><div class=\"fusion-text\"><h1 style=\"text-align: center;\"><span class=\"theme-text-color-4-3\" style=\"color: #ffffff;\">Estado de Protecci\u00f3n Temporal (TPS)<\/span><\/h1>\n<p><span style=\"color: #ffffff;\">Los extranjeros presentes en los Estados Unidos de ciertos pa\u00edses designados que han sufrido desastres naturales o est\u00e1n sujetos a conflictos armados, pueden solicitar este estado temporal que les permite vivir y trabajar en los Estados Unidos por un tiempo limitado. A partir de febrero de 2019, el estado de protecci\u00f3n temporal est\u00e1 disponible para extranjeros calificados de El Salvador, Hait\u00ed, Honduras, Nepal, Nicaragua, Somalia, Sud\u00e1n del Sur, Sud\u00e1n, Siria y Yemen. Para ser elegible para solicitar, un extranjero debe haber estado presente en los Estados Unidos el d\u00eda en que los nacionales de sus pa\u00edses fueron designados por el gobierno de los Estados Unidos para el estado de protecci\u00f3n temporal, y deben cumplir con la presencia f\u00edsica continua y la residencia continua en los requisitos de los Estados Unidos para su Designaci\u00f3n particular del pa\u00eds. Las solicitudes de TPS se presentan ante los Servicios de Ciudadan\u00eda e Inmigraci\u00f3n de los Estados Unidos (USCIS), sin embargo, si USCIS niega la solicitud, un solicitante en proceso de deportaci\u00f3n puede solicitar una revisi\u00f3n de novo de la solicitud por parte de un juez de inmigraci\u00f3n. Los permisos de trabajo y viaje pueden ser obtenidos por un extranjero con TPS otorgado. El permiso de viaje en particular puede ser de gran beneficio para un extranjero que de otro modo ser\u00eda elegible para el Ajuste de Estatus, pero para una entrada ilegal en los Estados Unidos, ya que puede usarse para salir de los Estados Unidos y reingresar legalmente para remediar el problema. Descalificaci\u00f3n por ingreso ilegal por ajuste de estatus. Para obtener m\u00e1s informaci\u00f3n sobre el ajuste de estado, <a style=\"color: #ffffff;\" href=\"http:\/\/hinzmanflory.com\/es\/defensa-de-la-deportacion-y-bonos-de-inmigracion\/#ajuste\"><span style=\"text-decoration: underline;\"><strong>HAGA CLIC AQU\u00cd.<\/strong><\/span><\/a><\/span><\/p>\n<\/div><div class=\"fusion-clearfix\"><\/div>\n\n\t\t\t\t\t<\/div>\n\t\t\t\t<\/div><\/div><\/div><div class=\"fusion-fullwidth fullwidth-box nonhundred-percent-fullwidth non-hundred-percent-height-scrolling\"  style='background-color: rgba(255,255,255,0);background-position: center center;background-repeat: no-repeat;padding-top:0px;padding-right:20%;padding-bottom:0px;padding-left:20%;'><div class=\"fusion-builder-row fusion-row \"><div  class=\"fusion-layout-column fusion_builder_column fusion_builder_column_1_1  fusion-one-full fusion-column-first fusion-column-last 1_1\"  style='margin-top:0px;margin-bottom:20px;'>\n\t\t\t\t\t<div class=\"fusion-column-wrapper\" style=\"padding: 0px 0px 0px 0px;background-position:left top;background-repeat:no-repeat;-webkit-background-size:cover;-moz-background-size:cover;-o-background-size:cover;background-size:cover;\"  data-bg-url=\"\">\n\t\t\t\t\t\t<div class=\"fusion-sep-clear\"><\/div><div class=\"fusion-separator fusion-full-width-sep sep-single sep-solid\" style=\"border-color:rgba(224,222,222,0);border-top-width:1px;margin-left: auto;margin-right: auto;margin-top:20px;margin-bottom:20px;\"><\/div><div class=\"fusion-text\"><h1 style=\"text-align: center;\">Otro Alivio Humanitario<\/h1>\n<p><span style=\"color: #999999;\">Las autoridades de inmigraci\u00f3n de los Estados Unidos tienen amplia discreci\u00f3n para otorgar una amplia gama de beneficios humanitarios. Estos pueden incluir permisos de viaje de emergencia dentro y fuera de los Estados Unidos, libertad condicional de inmigraci\u00f3n y acci\u00f3n diferida para familiares de miembros militares de los Estados Unidos, y beneficios para los c\u00f3nyuges indocumentados de ciudadanos estadounidenses abusivos y residentes permanentes bajo la Ley de Violencia contra la Mujer (VAWA).<\/span><\/p>\n<\/div><div class=\"fusion-clearfix\"><\/div>\n\n\t\t\t\t\t<\/div>\n\t\t\t\t<\/div><\/div><\/div><\/p>\n","protected":false},"excerpt":{"rendered":"","protected":false},"author":1,"featured_media":0,"parent":0,"menu_order":0,"comment_status":"closed","ping_status":"closed","template":"100-width.php","meta":[],"_links":{"self":[{"href":"http:\/\/hinzmanflory.com\/es\/wp-json\/wp\/v2\/pages\/2729"}],"collection":[{"href":"http:\/\/hinzmanflory.com\/es\/wp-json\/wp\/v2\/pages"}],"about":[{"href":"http:\/\/hinzmanflory.com\/es\/wp-json\/wp\/v2\/types\/page"}],"author":[{"embeddable":true,"href":"http:\/\/hinzmanflory.com\/es\/wp-json\/wp\/v2\/users\/1"}],"replies":[{"embeddable":true,"href":"http:\/\/hinzmanflory.com\/es\/wp-json\/wp\/v2\/comments?post=2729"}],"version-history":[{"count":7,"href":"http:\/\/hinzmanflory.com\/es\/wp-json\/wp\/v2\/pages\/2729\/revisions"}],"predecessor-version":[{"id":2773,"href":"http:\/\/hinzmanflory.com\/es\/wp-json\/wp\/v2\/pages\/2729\/revisions\/2773"}],"wp:attachment":[{"href":"http:\/\/hinzmanflory.com\/es\/wp-json\/wp\/v2\/media?parent=2729"}],"curies":[{"name":"wp","href":"https:\/\/api.w.org\/{rel}","templated":true}]}}