{"id":2738,"date":"2019-02-06T02:04:03","date_gmt":"2019-02-06T02:04:03","guid":{"rendered":"http:\/\/hinzmanflory.com\/?page_id=2738\/"},"modified":"2019-02-06T02:16:51","modified_gmt":"2019-02-06T02:16:51","slug":"visas-de-habilidad-extraordinaria-visas-de-atletas-artistas-y-musicos","status":"publish","type":"page","link":"http:\/\/hinzmanflory.com\/es\/visas-de-habilidad-extraordinaria-visas-de-atletas-artistas-y-musicos\/","title":{"rendered":"Visas de Habilidad Extraordinaria\/Visas de Atletas, Artistas y M\u00fasicos"},"content":{"rendered":"<p><div class=\"fusion-fullwidth fullwidth-box nonhundred-percent-fullwidth non-hundred-percent-height-scrolling\"  style='background-color: rgba(255,255,255,0);background-position: center center;background-repeat: no-repeat;padding-top:0px;padding-right:20%;padding-bottom:0px;padding-left:20%;'><div class=\"fusion-builder-row fusion-row \"><div  class=\"fusion-layout-column fusion_builder_column fusion_builder_column_1_1  fusion-one-full fusion-column-first fusion-column-last 1_1\"  style='margin-top:0px;margin-bottom:20px;'>\n\t\t\t\t\t<div class=\"fusion-column-wrapper\" style=\"padding: 0px 0px 0px 0px;background-position:left top;background-repeat:no-repeat;-webkit-background-size:cover;-moz-background-size:cover;-o-background-size:cover;background-size:cover;\"  data-bg-url=\"\">\n\t\t\t\t\t\t<div class=\"fusion-title title fusion-sep-none fusion-title-center fusion-title-size-one\" style=\"margin-top:0px;margin-bottom:0px;\"><h1 class=\"title-heading-center\"><span lang=\"ES\">Visas de Habilidad Extraordinaria<\/span><\/h1><\/div><div class=\"fusion-text\"><p>La Visa O es para los extranjeros que poseen habilidades extraordinarias en ciencias, artes, educaci\u00f3n, negocios o atletismo, o que tienen un historial demostrado de logros extraordinarios en la industria cinematogr\u00e1fica o televisiva, y han sido reconocidos nacional o internacionalmente por aquellos logros Los solicitantes de Visa O deben ser solicitados por un empleador de los Estados Unidos.<\/p>\n<\/div><div class=\"fusion-clearfix\"><\/div>\n\n\t\t\t\t\t<\/div>\n\t\t\t\t<\/div><\/div><\/div><div class=\"fusion-fullwidth fullwidth-box nonhundred-percent-fullwidth non-hundred-percent-height-scrolling\"  style='background-color: #1877df;background-position: center center;background-repeat: no-repeat;padding-top:0px;padding-right:20%;padding-bottom:0px;padding-left:20%;'><div class=\"fusion-builder-row fusion-row \"><div  class=\"fusion-layout-column fusion_builder_column fusion_builder_column_1_1  fusion-one-full fusion-column-first fusion-column-last 1_1\"  style='margin-top:0px;margin-bottom:20px;'>\n\t\t\t\t\t<div class=\"fusion-column-wrapper\" style=\"padding: 0px 0px 0px 0px;background-position:left top;background-repeat:no-repeat;-webkit-background-size:cover;-moz-background-size:cover;-o-background-size:cover;background-size:cover;\"  data-bg-url=\"\">\n\t\t\t\t\t\t<div class=\"fusion-sep-clear\"><\/div><div class=\"fusion-separator fusion-full-width-sep sep-double\" style=\"border-color:rgba(224,222,222,0);border-top-width:1px;border-bottom-width:1px;margin-left: auto;margin-right: auto;margin-top:20px;\"><\/div><div class=\"fusion-title title fusion-sep-none fusion-title-center fusion-title-size-one\" style=\"margin-top:0px;margin-bottom:0px;\"><h1 class=\"title-heading-center\"><span style=\"color: #ffffff;\"><span lang=\"ES\">Visas de Atletas, Artistas y M\u00fasicos<\/span><\/span><\/h1><\/div><div class=\"fusion-text\"><p><span style=\"color: #ffffff;\">La Visa P se puede otorgar a atletas, artistas y m\u00fasicos para que se presenten en los Estados Unidos. El patrocinio de un empleador u organizaci\u00f3n de los Estados Unidos se requiere para todas las categor\u00edas de Visas P.<\/span><\/p>\n<\/div><div class=\"fusion-clearfix\"><\/div>\n\n\t\t\t\t\t<\/div>\n\t\t\t\t<\/div><\/div><\/div><div class=\"fusion-fullwidth fullwidth-box nonhundred-percent-fullwidth non-hundred-percent-height-scrolling\"  style='background-color: rgba(255,255,255,0);background-position: center center;background-repeat: no-repeat;padding-top:0px;padding-right:20%;padding-bottom:0px;padding-left:20%;'><div class=\"fusion-builder-row fusion-row \"><div  class=\"fusion-layout-column fusion_builder_column fusion_builder_column_1_1  fusion-one-full fusion-column-first fusion-column-last 1_1\"  style='margin-top:0px;margin-bottom:20px;'>\n\t\t\t\t\t<div class=\"fusion-column-wrapper\" style=\"padding: 0px 0px 0px 0px;background-position:left top;background-repeat:no-repeat;-webkit-background-size:cover;-moz-background-size:cover;-o-background-size:cover;background-size:cover;\"  data-bg-url=\"\">\n\t\t\t\t\t\t<div class=\"fusion-sep-clear\"><\/div><div class=\"fusion-separator fusion-full-width-sep sep-double\" style=\"border-color:rgba(224,222,222,0);border-top-width:1px;border-bottom-width:1px;margin-left: auto;margin-right: auto;margin-top:20px;\"><\/div><div class=\"fusion-title title fusion-sep-none fusion-title-center fusion-title-size-one\" style=\"margin-top:0px;margin-bottom:0px;\"><h1 class=\"title-heading-center\">Atletas<\/h1><\/div><div class=\"fusion-text\"><p>La Visa P-1A es para aquellos que vienen a los Estados Unidos temporalmente para participar en una competencia atl\u00e9tica espec\u00edfica como atleta, individualmente o como parte de un grupo o equipo, a un nivel de desempe\u00f1o reconocido internacionalmente. La Visa P-1 para atletas se puede otorgar a atletas individuales o a miembros de un equipo atl\u00e9tico.<\/p>\n<\/div><div class=\"fusion-clearfix\"><\/div>\n\n\t\t\t\t\t<\/div>\n\t\t\t\t<\/div><\/div><\/div><div class=\"fusion-fullwidth fullwidth-box nonhundred-percent-fullwidth non-hundred-percent-height-scrolling\"  style='background-color: #1877df;background-position: center center;background-repeat: no-repeat;padding-top:0px;padding-right:20%;padding-bottom:0px;padding-left:20%;'><div class=\"fusion-builder-row fusion-row \"><div  class=\"fusion-layout-column fusion_builder_column fusion_builder_column_1_1  fusion-one-full fusion-column-first fusion-column-last 1_1\"  style='margin-top:0px;margin-bottom:20px;'>\n\t\t\t\t\t<div class=\"fusion-column-wrapper\" style=\"padding: 0px 0px 0px 0px;background-position:left top;background-repeat:no-repeat;-webkit-background-size:cover;-moz-background-size:cover;-o-background-size:cover;background-size:cover;\"  data-bg-url=\"\">\n\t\t\t\t\t\t<div class=\"fusion-sep-clear\"><\/div><div class=\"fusion-separator fusion-full-width-sep sep-double\" style=\"border-color:rgba(224,222,222,0);border-top-width:1px;border-bottom-width:1px;margin-left: auto;margin-right: auto;margin-top:20px;\"><\/div><div class=\"fusion-title title fusion-sep-none fusion-title-center fusion-title-size-one\" style=\"margin-top:0px;margin-bottom:0px;\"><h1 class=\"title-heading-center\"><span style=\"color: #ffffff;\"><span lang=\"ES\">M\u00fasicos<\/span><\/span><\/h1><\/div><div class=\"fusion-text\"><p><span style=\"color: #ffffff;\">El P-1B se aplica a los extranjeros que vienen a los Estados Unidos temporalmente para desempe\u00f1arse como miembro de un grupo de entretenimiento que ha sido reconocido internacionalmente como destacado en la disciplina por un per\u00edodo de tiempo sostenido y sustancial.<\/span><\/p>\n<\/div><div class=\"fusion-clearfix\"><\/div>\n\n\t\t\t\t\t<\/div>\n\t\t\t\t<\/div><\/div><\/div><div class=\"fusion-fullwidth fullwidth-box nonhundred-percent-fullwidth non-hundred-percent-height-scrolling\"  style='background-color: rgba(255,255,255,0);background-position: center center;background-repeat: no-repeat;padding-top:0px;padding-right:20%;padding-bottom:0px;padding-left:20%;'><div class=\"fusion-builder-row fusion-row \"><div  class=\"fusion-layout-column fusion_builder_column fusion_builder_column_1_1  fusion-one-full fusion-column-first fusion-column-last 1_1\"  style='margin-top:0px;margin-bottom:20px;'>\n\t\t\t\t\t<div class=\"fusion-column-wrapper\" style=\"padding: 0px 0px 0px 0px;background-position:left top;background-repeat:no-repeat;-webkit-background-size:cover;-moz-background-size:cover;-o-background-size:cover;background-size:cover;\"  data-bg-url=\"\">\n\t\t\t\t\t\t<div class=\"fusion-sep-clear\"><\/div><div class=\"fusion-separator fusion-full-width-sep sep-double\" style=\"border-color:rgba(224,222,222,0);border-top-width:1px;border-bottom-width:1px;margin-left: auto;margin-right: auto;margin-top:20px;\"><\/div><div class=\"fusion-title title fusion-sep-none fusion-title-center fusion-title-size-one\" style=\"margin-top:0px;margin-bottom:0px;\"><h1 class=\"title-heading-center\">Artistas \/ Animadores<\/h1><\/div><div class=\"fusion-text\"><p><span lang=\"ES\">La visa P-3 se aplica a los extranjeros que vienen a los Estados Unidos individualmente o como grupo con el fin de desarrollar, interpretar, representar, entrenar o ense\u00f1ar una representaci\u00f3n \u00e9tnica, popular, cultural, musical, teatral o art\u00edstica \u00fanica o tradicional. o presentaci\u00f3n. Adem\u00e1s, el extranjero debe venir a los Estados Unidos para participar en un evento cultural o eventos que fomenten la comprensi\u00f3n o el desarrollo de la forma de arte.\u00a0 El programa puede ser de naturaleza comercial o no comercial<\/span><span lang=\"ES\">.<\/span><\/p>\n<\/div><div class=\"fusion-clearfix\"><\/div>\n\n\t\t\t\t\t<\/div>\n\t\t\t\t<\/div><\/div><\/div><\/p>\n","protected":false},"excerpt":{"rendered":"","protected":false},"author":1,"featured_media":0,"parent":0,"menu_order":0,"comment_status":"closed","ping_status":"closed","template":"100-width.php","meta":[],"_links":{"self":[{"href":"http:\/\/hinzmanflory.com\/es\/wp-json\/wp\/v2\/pages\/2738"}],"collection":[{"href":"http:\/\/hinzmanflory.com\/es\/wp-json\/wp\/v2\/pages"}],"about":[{"href":"http:\/\/hinzmanflory.com\/es\/wp-json\/wp\/v2\/types\/page"}],"author":[{"embeddable":true,"href":"http:\/\/hinzmanflory.com\/es\/wp-json\/wp\/v2\/users\/1"}],"replies":[{"embeddable":true,"href":"http:\/\/hinzmanflory.com\/es\/wp-json\/wp\/v2\/comments?post=2738"}],"version-history":[{"count":5,"href":"http:\/\/hinzmanflory.com\/es\/wp-json\/wp\/v2\/pages\/2738\/revisions"}],"predecessor-version":[{"id":2743,"href":"http:\/\/hinzmanflory.com\/es\/wp-json\/wp\/v2\/pages\/2738\/revisions\/2743"}],"wp:attachment":[{"href":"http:\/\/hinzmanflory.com\/es\/wp-json\/wp\/v2\/media?parent=2738"}],"curies":[{"name":"wp","href":"https:\/\/api.w.org\/{rel}","templated":true}]}}