{"id":2035,"date":"2016-05-06T19:02:09","date_gmt":"2016-05-06T19:02:09","guid":{"rendered":"http:\/\/hinzmanflory.com\/areas-of-practice\/"},"modified":"2019-03-21T22:01:36","modified_gmt":"2019-03-21T22:01:36","slug":"areas-de-practica","status":"publish","type":"page","link":"https:\/\/hinzmanflory.com\/es\/areas-de-practica\/","title":{"rendered":"Lo Que Hacemos"},"content":{"rendered":"<p><div class=\"fusion-fullwidth fullwidth-box nonhundred-percent-fullwidth non-hundred-percent-height-scrolling\"  style='background-color: rgba(255,255,255,0);background-position: left top;background-repeat: no-repeat;padding-top:0px;padding-right:15%;padding-bottom:20px;padding-left:15%;border-top-width:0px;border-bottom-width:0px;border-color:#eae9e9;border-top-style:solid;border-bottom-style:solid;'><div class=\"fusion-builder-row fusion-row \"><div  class=\"fusion-layout-column fusion_builder_column fusion_builder_column_1_1  fusion-one-full fusion-column-first fusion-column-last fusion-column-no-min-height 1_1\"  style='margin-top:0px;margin-bottom:0px;'>\n\t\t\t\t\t<div class=\"fusion-column-wrapper\" style=\"padding: 0px 0px 0px 0px;background-position:left top;background-repeat:no-repeat;-webkit-background-size:cover;-moz-background-size:cover;-o-background-size:cover;background-size:cover;\"  data-bg-url=\"\">\n\t\t\t\t\t\t<div class=\"fusion-text\"><p>A pesar de que la mayor parte de nuestra pr\u00e1ctica consiste en la defensa penal, tambi\u00e9n manejamos otros tipos de casos. Ofrecemos una una parada, enfoque hol\u00edstico a cualesquiera cuestiones legales que puede hacer frente. Si no le podemos ayudar, vamos a ayudarle a encontrar a alguien que pueda hacerlo. Aqu\u00ed hay m\u00e1s informaci\u00f3n sobre nuestras \u00e1reas de pr\u00e1ctica:<\/p>\n<\/div><div class=\"fusion-clearfix\"><\/div>\n\n\t\t\t\t\t<\/div>\n\t\t\t\t<\/div><\/div><\/div><div class=\"fusion-fullwidth fullwidth-box nonhundred-percent-fullwidth non-hundred-percent-height-scrolling\"  style='background-color: #1877df;background-position: left top;background-repeat: no-repeat;padding-top:20px;padding-right:20%;padding-bottom:20px;padding-left:20%;border-top-width:0px;border-bottom-width:0px;border-color:#eae9e9;border-top-style:solid;border-bottom-style:solid;'><div class=\"fusion-builder-row fusion-row \"><div  class=\"fusion-layout-column fusion_builder_column fusion_builder_column_1_2  fusion-one-half fusion-column-first 1_2\"  style='margin-top:0px;margin-bottom:20px;width:48%; margin-right: 4%;'>\n\t\t\t\t\t<div class=\"fusion-column-wrapper\" style=\"padding: 20px 20px 20px 20px;background-position:left top;background-repeat:no-repeat;-webkit-background-size:cover;-moz-background-size:cover;-o-background-size:cover;background-size:cover;\"  data-bg-url=\"\">\n\t\t\t\t\t\t<div class=\"fusion-button-wrappercenter\"><style type=\"text\/css\" scoped=\"scoped\">.fusion-button.button-1 .fusion-button-text, .fusion-button.button-1 i {color:#105378;}.fusion-button.button-1 {border-width:0px;border-color:#105378;}.fusion-button.button-1 .fusion-button-icon-divider{border-color:#105378;}.fusion-button.button-1:hover .fusion-button-text, .fusion-button.button-1:hover i,.fusion-button.button-1:focus .fusion-button-text, .fusion-button.button-1:focus i,.fusion-button.button-1:active .fusion-button-text, .fusion-button.button-1:active{color:#105378;}.fusion-button.button-1:hover, .fusion-button.button-1:focus, .fusion-button.button-1:active{border-width:0px;border-color:#105378;}.fusion-button.button-1:hover .fusion-button-icon-divider, .fusion-button.button-1:hover .fusion-button-icon-divider, .fusion-button.button-1:active .fusion-button-icon-divider{border-color:#105378;}.fusion-button.button-1{background: #d71f27;}.fusion-button.button-1:hover,.button-1:focus,.fusion-button.button-1:active{background: #5aabd6;\n\t\t\t\t\t\t\tbackground-image: -webkit-gradient( linear, left bottom, left top, from( #90c9e8 ), to( #5aabd6 ) );\n\t\t\t\t\t\t\tbackground-image: -webkit-linear-gradient( bottom, #90c9e8, #5aabd6 );\n\t\t\t\t\t\t\tbackground-image:   -moz-linear-gradient( bottom, #90c9e8, #5aabd6 );\n\t\t\t\t\t\t\tbackground-image:     -o-linear-gradient( bottom, #90c9e8, #5aabd6 );\n\t\t\t\t\t\t\tbackground-image: linear-gradient( to top, #90c9e8, #5aabd6 );}.fusion-button.button-1{width:100%;}<\/style><a class=\"fusion-button button-flat fusion-button-square button-xlarge button-custom button-1\" target=\"_self\" href=\"http:\/\/hinzmanflory.com\/es\/criminal-defense\/\"><span class=\"fusion-button-text\"><span style=\"color: white;\">DEFENSA PENAL<\/span><\/span><\/a><\/div><div class=\"fusion-clearfix\"><\/div>\n\n\t\t\t\t\t<\/div>\n\t\t\t\t<\/div><div  class=\"fusion-layout-column fusion_builder_column fusion_builder_column_1_2  fusion-one-half fusion-column-last 1_2\"  style='margin-top:0px;margin-bottom:20px;width:48%'>\n\t\t\t\t\t<div class=\"fusion-column-wrapper\" style=\"padding: 20px 20px 20px 20px;background-position:left top;background-repeat:no-repeat;-webkit-background-size:cover;-moz-background-size:cover;-o-background-size:cover;background-size:cover;\"  data-bg-url=\"\">\n\t\t\t\t\t\t<div class=\"fusion-button-wrappercenter\"><style type=\"text\/css\" scoped=\"scoped\">.fusion-button.button-2 .fusion-button-text, .fusion-button.button-2 i {color:#ffffff;}.fusion-button.button-2 {border-width:0px;border-color:#ffffff;}.fusion-button.button-2 .fusion-button-icon-divider{border-color:#ffffff;}.fusion-button.button-2:hover .fusion-button-text, .fusion-button.button-2:hover i,.fusion-button.button-2:focus .fusion-button-text, .fusion-button.button-2:focus i,.fusion-button.button-2:active .fusion-button-text, .fusion-button.button-2:active{color:#ffffff;}.fusion-button.button-2:hover, .fusion-button.button-2:focus, .fusion-button.button-2:active{border-width:0px;border-color:#ffffff;}.fusion-button.button-2:hover .fusion-button-icon-divider, .fusion-button.button-2:hover .fusion-button-icon-divider, .fusion-button.button-2:active .fusion-button-icon-divider{border-color:#ffffff;}.fusion-button.button-2{background: #d71f27;}.fusion-button.button-2:hover,.button-2:focus,.fusion-button.button-2:active{background: #5aabd6;\n\t\t\t\t\t\t\tbackground-image: -webkit-gradient( linear, left bottom, left top, from( #90c9e8 ), to( #5aabd6 ) );\n\t\t\t\t\t\t\tbackground-image: -webkit-linear-gradient( bottom, #90c9e8, #5aabd6 );\n\t\t\t\t\t\t\tbackground-image:   -moz-linear-gradient( bottom, #90c9e8, #5aabd6 );\n\t\t\t\t\t\t\tbackground-image:     -o-linear-gradient( bottom, #90c9e8, #5aabd6 );\n\t\t\t\t\t\t\tbackground-image: linear-gradient( to top, #90c9e8, #5aabd6 );}.fusion-button.button-2{width:100%;}<\/style><a class=\"fusion-button button-flat fusion-button-square button-xlarge button-custom button-2\" target=\"_self\" href=\"http:\/\/hinzmanflory.com\/es\/abogados-de-inmigracion-en-denton-county\/\"><span class=\"fusion-button-text\">INMIGRACI\u00d3N<\/span><\/a><\/div><div class=\"fusion-clearfix\"><\/div>\n\n\t\t\t\t\t<\/div>\n\t\t\t\t<\/div><div  class=\"fusion-layout-column fusion_builder_column fusion_builder_column_1_2  fusion-one-half fusion-column-first 1_2\"  style='margin-top:0px;margin-bottom:20px;width:48%; margin-right: 4%;'>\n\t\t\t\t\t<div class=\"fusion-column-wrapper\" style=\"padding: 20px 20px 20px 20px;background-position:left top;background-repeat:no-repeat;-webkit-background-size:cover;-moz-background-size:cover;-o-background-size:cover;background-size:cover;\"  data-bg-url=\"\">\n\t\t\t\t\t\t<div class=\"fusion-button-wrappercenter\"><style type=\"text\/css\" scoped=\"scoped\">.fusion-button.button-3 .fusion-button-text, .fusion-button.button-3 i {color:#105378;}.fusion-button.button-3 {border-width:0px;border-color:#105378;}.fusion-button.button-3 .fusion-button-icon-divider{border-color:#105378;}.fusion-button.button-3:hover .fusion-button-text, .fusion-button.button-3:hover i,.fusion-button.button-3:focus .fusion-button-text, .fusion-button.button-3:focus i,.fusion-button.button-3:active .fusion-button-text, .fusion-button.button-3:active{color:#105378;}.fusion-button.button-3:hover, .fusion-button.button-3:focus, .fusion-button.button-3:active{border-width:0px;border-color:#105378;}.fusion-button.button-3:hover .fusion-button-icon-divider, .fusion-button.button-3:hover .fusion-button-icon-divider, .fusion-button.button-3:active .fusion-button-icon-divider{border-color:#105378;}.fusion-button.button-3{background: #d71f27;}.fusion-button.button-3:hover,.button-3:focus,.fusion-button.button-3:active{background: #5aabd6;\n\t\t\t\t\t\t\tbackground-image: -webkit-gradient( linear, left bottom, left top, from( #90c9e8 ), to( #5aabd6 ) );\n\t\t\t\t\t\t\tbackground-image: -webkit-linear-gradient( bottom, #90c9e8, #5aabd6 );\n\t\t\t\t\t\t\tbackground-image:   -moz-linear-gradient( bottom, #90c9e8, #5aabd6 );\n\t\t\t\t\t\t\tbackground-image:     -o-linear-gradient( bottom, #90c9e8, #5aabd6 );\n\t\t\t\t\t\t\tbackground-image: linear-gradient( to top, #90c9e8, #5aabd6 );}.fusion-button.button-3{width:100%;}<\/style><a class=\"fusion-button button-flat fusion-button-square button-xlarge button-custom button-3\" target=\"_self\" href=\"http:\/\/hinzmanflory.com\/es\/derecho-empresarial\/\"><span class=\"fusion-button-text\"><span style=\"color: white;\">DERECHO EMPRESARIAL<\/span><\/span><\/a><\/div><div class=\"fusion-clearfix\"><\/div>\n\n\t\t\t\t\t<\/div>\n\t\t\t\t<\/div><div  class=\"fusion-layout-column fusion_builder_column fusion_builder_column_1_2  fusion-one-half fusion-column-last 1_2\"  style='margin-top:0px;margin-bottom:20px;width:48%'>\n\t\t\t\t\t<div class=\"fusion-column-wrapper\" style=\"padding: 20px 20px 20px 20px;background-position:left top;background-repeat:no-repeat;-webkit-background-size:cover;-moz-background-size:cover;-o-background-size:cover;background-size:cover;\"  data-bg-url=\"\">\n\t\t\t\t\t\t<div class=\"fusion-button-wrappercenter\"><style type=\"text\/css\" scoped=\"scoped\">.fusion-button.button-4 .fusion-button-text, .fusion-button.button-4 i {color:#105378;}.fusion-button.button-4 {border-width:0px;border-color:#105378;}.fusion-button.button-4 .fusion-button-icon-divider{border-color:#105378;}.fusion-button.button-4:hover .fusion-button-text, .fusion-button.button-4:hover i,.fusion-button.button-4:focus .fusion-button-text, .fusion-button.button-4:focus i,.fusion-button.button-4:active .fusion-button-text, .fusion-button.button-4:active{color:#105378;}.fusion-button.button-4:hover, .fusion-button.button-4:focus, .fusion-button.button-4:active{border-width:0px;border-color:#105378;}.fusion-button.button-4:hover .fusion-button-icon-divider, .fusion-button.button-4:hover .fusion-button-icon-divider, .fusion-button.button-4:active .fusion-button-icon-divider{border-color:#105378;}.fusion-button.button-4{background: #d71f27;}.fusion-button.button-4:hover,.button-4:focus,.fusion-button.button-4:active{background: #5aabd6;\n\t\t\t\t\t\t\tbackground-image: -webkit-gradient( linear, left bottom, left top, from( #90c9e8 ), to( #5aabd6 ) );\n\t\t\t\t\t\t\tbackground-image: -webkit-linear-gradient( bottom, #90c9e8, #5aabd6 );\n\t\t\t\t\t\t\tbackground-image:   -moz-linear-gradient( bottom, #90c9e8, #5aabd6 );\n\t\t\t\t\t\t\tbackground-image:     -o-linear-gradient( bottom, #90c9e8, #5aabd6 );\n\t\t\t\t\t\t\tbackground-image: linear-gradient( to top, #90c9e8, #5aabd6 );}.fusion-button.button-4{width:100%;}<\/style><a class=\"fusion-button button-flat fusion-button-square button-xlarge button-custom button-4\" target=\"_self\" href=\"http:\/\/hinzmanflory.com\/es\/testamentos-y-pruebas\/\"><span class=\"fusion-button-text\"><span style=\"color: white;\">TESTAMENTOS y PRUEBAS<\/span><\/span><\/a><\/div><div class=\"fusion-clearfix\"><\/div>\n\n\t\t\t\t\t<\/div>\n\t\t\t\t<\/div><div  class=\"fusion-layout-column fusion_builder_column fusion_builder_column_1_2  fusion-one-half fusion-column-first 1_2\"  style='margin-top:0px;margin-bottom:20px;width:48%; margin-right: 4%;'>\n\t\t\t\t\t<div class=\"fusion-column-wrapper\" style=\"padding: 20px 20px 20px 20px;background-position:left top;background-repeat:no-repeat;-webkit-background-size:cover;-moz-background-size:cover;-o-background-size:cover;background-size:cover;\"  data-bg-url=\"\">\n\t\t\t\t\t\t<div class=\"fusion-button-wrappercenter\"><style type=\"text\/css\" scoped=\"scoped\">.fusion-button.button-5 .fusion-button-text, .fusion-button.button-5 i {color:#ffffff;}.fusion-button.button-5 {border-width:0px;border-color:#ffffff;}.fusion-button.button-5 .fusion-button-icon-divider{border-color:#ffffff;}.fusion-button.button-5:hover .fusion-button-text, .fusion-button.button-5:hover i,.fusion-button.button-5:focus .fusion-button-text, .fusion-button.button-5:focus i,.fusion-button.button-5:active .fusion-button-text, .fusion-button.button-5:active{color:#ffffff;}.fusion-button.button-5:hover, .fusion-button.button-5:focus, .fusion-button.button-5:active{border-width:0px;border-color:#ffffff;}.fusion-button.button-5:hover .fusion-button-icon-divider, .fusion-button.button-5:hover .fusion-button-icon-divider, .fusion-button.button-5:active .fusion-button-icon-divider{border-color:#ffffff;}.fusion-button.button-5{background: #d71f27;}.fusion-button.button-5:hover,.button-5:focus,.fusion-button.button-5:active{background: #5aabd6;\n\t\t\t\t\t\t\tbackground-image: -webkit-gradient( linear, left bottom, left top, from( #90c9e8 ), to( #5aabd6 ) );\n\t\t\t\t\t\t\tbackground-image: -webkit-linear-gradient( bottom, #90c9e8, #5aabd6 );\n\t\t\t\t\t\t\tbackground-image:   -moz-linear-gradient( bottom, #90c9e8, #5aabd6 );\n\t\t\t\t\t\t\tbackground-image:     -o-linear-gradient( bottom, #90c9e8, #5aabd6 );\n\t\t\t\t\t\t\tbackground-image: linear-gradient( to top, #90c9e8, #5aabd6 );}.fusion-button.button-5{width:100%;}<\/style><a class=\"fusion-button button-flat fusion-button-square button-xlarge button-custom button-5\" target=\"_self\" href=\"http:\/\/hinzmanflory.com\/es\/ley-familiar\/\"><span class=\"fusion-button-text\">LEY FAMILIAR<\/span><\/a><\/div><div class=\"fusion-clearfix\"><\/div>\n\n\t\t\t\t\t<\/div>\n\t\t\t\t<\/div><div  class=\"fusion-layout-column fusion_builder_column fusion_builder_column_1_2  fusion-one-half fusion-column-last 1_2\"  style='margin-top:0px;margin-bottom:20px;width:48%'>\n\t\t\t\t\t<div class=\"fusion-column-wrapper\" style=\"padding: 20px 20px 20px 20px;background-position:left top;background-repeat:no-repeat;-webkit-background-size:cover;-moz-background-size:cover;-o-background-size:cover;background-size:cover;\"  data-bg-url=\"\">\n\t\t\t\t\t\t<div class=\"fusion-button-wrappercenter\"><style type=\"text\/css\" scoped=\"scoped\">.fusion-button.button-6 .fusion-button-text, .fusion-button.button-6 i {color:#105378;}.fusion-button.button-6 {border-width:0px;border-color:#105378;}.fusion-button.button-6 .fusion-button-icon-divider{border-color:#105378;}.fusion-button.button-6:hover .fusion-button-text, .fusion-button.button-6:hover i,.fusion-button.button-6:focus .fusion-button-text, .fusion-button.button-6:focus i,.fusion-button.button-6:active .fusion-button-text, .fusion-button.button-6:active{color:#105378;}.fusion-button.button-6:hover, .fusion-button.button-6:focus, .fusion-button.button-6:active{border-width:0px;border-color:#105378;}.fusion-button.button-6:hover .fusion-button-icon-divider, .fusion-button.button-6:hover .fusion-button-icon-divider, .fusion-button.button-6:active .fusion-button-icon-divider{border-color:#105378;}.fusion-button.button-6{background: #d71f27;}.fusion-button.button-6:hover,.button-6:focus,.fusion-button.button-6:active{background: #5aabd6;\n\t\t\t\t\t\t\tbackground-image: -webkit-gradient( linear, left bottom, left top, from( #90c9e8 ), to( #5aabd6 ) );\n\t\t\t\t\t\t\tbackground-image: -webkit-linear-gradient( bottom, #90c9e8, #5aabd6 );\n\t\t\t\t\t\t\tbackground-image:   -moz-linear-gradient( bottom, #90c9e8, #5aabd6 );\n\t\t\t\t\t\t\tbackground-image:     -o-linear-gradient( bottom, #90c9e8, #5aabd6 );\n\t\t\t\t\t\t\tbackground-image: linear-gradient( to top, #90c9e8, #5aabd6 );}.fusion-button.button-6{width:100%;}<\/style><a class=\"fusion-button button-flat fusion-button-square button-xlarge button-custom button-6\" target=\"_self\" href=\"http:\/\/hinzmanflory.com\/es\/juicio-civil\/\"><span class=\"fusion-button-text\"><span style=\"color: white;\">JUCIO CIVIL<\/span><\/span><\/a><\/div><div class=\"fusion-clearfix\"><\/div>\n\n\t\t\t\t\t<\/div>\n\t\t\t\t<\/div><\/div><\/div><\/p>\n","protected":false},"excerpt":{"rendered":"","protected":false},"author":1,"featured_media":0,"parent":0,"menu_order":0,"comment_status":"closed","ping_status":"closed","template":"100-width.php","meta":[],"_links":{"self":[{"href":"https:\/\/hinzmanflory.com\/es\/wp-json\/wp\/v2\/pages\/2035"}],"collection":[{"href":"https:\/\/hinzmanflory.com\/es\/wp-json\/wp\/v2\/pages"}],"about":[{"href":"https:\/\/hinzmanflory.com\/es\/wp-json\/wp\/v2\/types\/page"}],"author":[{"embeddable":true,"href":"https:\/\/hinzmanflory.com\/es\/wp-json\/wp\/v2\/users\/1"}],"replies":[{"embeddable":true,"href":"https:\/\/hinzmanflory.com\/es\/wp-json\/wp\/v2\/comments?post=2035"}],"version-history":[{"count":17,"href":"https:\/\/hinzmanflory.com\/es\/wp-json\/wp\/v2\/pages\/2035\/revisions"}],"predecessor-version":[{"id":2798,"href":"https:\/\/hinzmanflory.com\/es\/wp-json\/wp\/v2\/pages\/2035\/revisions\/2798"}],"wp:attachment":[{"href":"https:\/\/hinzmanflory.com\/es\/wp-json\/wp\/v2\/media?parent=2035"}],"curies":[{"name":"wp","href":"https:\/\/api.w.org\/{rel}","templated":true}]}}