{"id":2048,"date":"2016-05-06T22:17:31","date_gmt":"2016-05-06T22:17:31","guid":{"rendered":"http:\/\/hinzmanflory.com\/wills-and-probate\/"},"modified":"2019-02-04T18:35:09","modified_gmt":"2019-02-04T18:35:09","slug":"testamentos-y-pruebas","status":"publish","type":"page","link":"https:\/\/hinzmanflory.com\/es\/testamentos-y-pruebas\/","title":{"rendered":"Testamentos y Pruebas"},"content":{"rendered":"<p><div class=\"fusion-fullwidth fullwidth-box nonhundred-percent-fullwidth non-hundred-percent-height-scrolling\"  style='background-color: rgba(255,255,255,0);background-position: left top;background-repeat: no-repeat;padding-right:20%;padding-bottom:20px;padding-left:20%;border-top-width:0px;border-bottom-width:0px;border-color:#eae9e9;border-top-style:solid;border-bottom-style:solid;'><div class=\"fusion-builder-row fusion-row \"><div  class=\"fusion-layout-column fusion_builder_column fusion_builder_column_1_1  fusion-one-full fusion-column-first fusion-column-last fusion-column-no-min-height 1_1\"  style='margin-top:0px;margin-bottom:0px;'>\n\t\t\t\t\t<div class=\"fusion-column-wrapper\" style=\"padding: 0px 0px 0px 0px;background-position:left top;background-repeat:no-repeat;-webkit-background-size:cover;-moz-background-size:cover;-o-background-size:cover;background-size:cover;\"  data-bg-url=\"\">\n\t\t\t\t\t\t<div class=\"fusion-text\"><p>Durante m\u00e1s de 20 a\u00f1os a trav\u00e9s de nuestra voluntad y la pr\u00e1ctica de testamentos y pruebas, ha sido un placer en Hinzman y Flory para ayudar a los ciudadanos del condado de Denton y el \u00e1rea del norte de Texas en la planificaci\u00f3n y completar la transferencia de sus bienes a sus seres queridos, as\u00ed como para proporcionar tranquilidad para nuestros clientes por si hay un per\u00edodo de inhabilitaci\u00f3n limitar su capacidad de tomar decisiones importantes de la vida.<\/p>\n<p>Un <strong>testamento<\/strong> es un documento legal que describe c\u00f3mo ya qui\u00e9n una persona desea su propiedad para ser distribuidos a la muerte. La legalizaci\u00f3n de <strong>pruebas<\/strong> es el proceso legal donde el testamento se \u00abprobar\u00bb en un tribunal y se acepta si que v\u00e1lido un documento p\u00fablico que es el verdadero testamento del difunto.<\/p>\n<\/div><div class=\"fusion-clearfix\"><\/div>\n\n\t\t\t\t\t<\/div>\n\t\t\t\t<\/div><\/div><\/div><div class=\"fusion-fullwidth fullwidth-box nonhundred-percent-fullwidth non-hundred-percent-height-scrolling\"  style='background-color: #1877df;background-position: left top;background-repeat: no-repeat;padding-top:40px;padding-right:0px;padding-bottom:20px;padding-left:0px;border-top-width:0px;border-bottom-width:0px;border-color:#eae9e9;border-top-style:solid;border-bottom-style:solid;'><div class=\"fusion-builder-row fusion-row \"><div  class=\"fusion-layout-column fusion_builder_column fusion_builder_column_1_1  fusion-one-full fusion-column-first fusion-column-last fusion-column-no-min-height 1_1\"  style='margin-top:0px;margin-bottom:0px;'>\n\t\t\t\t\t<div class=\"fusion-column-wrapper\" style=\"padding: 0px 0px 0px 0px;background-position:left top;background-repeat:no-repeat;-webkit-background-size:cover;-moz-background-size:cover;-o-background-size:cover;background-size:cover;\"  data-bg-url=\"\">\n\t\t\t\t\t\t<div class=\"fusion-title title fusion-sep-none fusion-title-center fusion-title-size-one\" style=\"margin-top:0px;margin-bottom:0px;\"><h1 class=\"title-heading-center\"><p style=\"text-align: center;\"><span style=\"color: #ffffff;\">En Hinzman y Flory, ofrecemos los siguientes servicios:<\/span><\/p><\/h1><\/div><div class=\"fusion-clearfix\"><\/div>\n\n\t\t\t\t\t<\/div>\n\t\t\t\t<\/div><\/div><\/div><div class=\"fusion-fullwidth fullwidth-box hundred-percent-fullwidth non-hundred-percent-height-scrolling\"  style='background-color: rgba(255,255,255,0);background-position: center center;background-repeat: no-repeat;padding-top:0px;padding-right:30px;padding-bottom:0px;padding-left:30px;margin-bottom: 20px;margin-top: 20px;'><div class=\"fusion-builder-row fusion-row \"><div  class=\"fusion-layout-column fusion_builder_column fusion_builder_column_1_1  fusion-one-full fusion-column-first fusion-column-last fusion-column-no-min-height 1_1\"  style='margin-top:0px;margin-bottom:0px;'>\n\t\t\t\t\t<div class=\"fusion-column-wrapper\" style=\"padding: 0px 0px 0px 0px;background-position:left top;background-repeat:no-repeat;-webkit-background-size:cover;-moz-background-size:cover;-o-background-size:cover;background-size:cover;\"  data-bg-url=\"\">\n\t\t\t\t\t\t<div class=\"fusion-sep-clear\"><\/div><div class=\"fusion-separator fusion-full-width-sep sep-none\" style=\"margin-left: auto;margin-right: auto;margin-top:;\"><\/div><div class=\"fusion-clearfix\"><\/div>\n\n\t\t\t\t\t<\/div>\n\t\t\t\t<\/div><\/div><\/div><div class=\"fusion-fullwidth fullwidth-box nonhundred-percent-fullwidth non-hundred-percent-height-scrolling\"  style='background-color: rgba(255,255,255,0);background-position: left top;background-repeat: no-repeat;padding-right:20%;padding-bottom:20px;padding-left:20%;border-top-width:0px;border-bottom-width:0px;border-color:#eae9e9;border-top-style:solid;border-bottom-style:solid;'><div class=\"fusion-builder-row fusion-row \"><div  class=\"fusion-layout-column fusion_builder_column fusion_builder_column_1_1  fusion-one-full fusion-column-first fusion-column-last fusion-column-no-min-height 1_1\"  style='margin-top:0px;margin-bottom:0px;'>\n\t\t\t\t\t<div class=\"fusion-column-wrapper\" style=\"padding: 0px 0px 0px 0px;background-position:left top;background-repeat:no-repeat;-webkit-background-size:cover;-moz-background-size:cover;-o-background-size:cover;background-size:cover;\"  data-bg-url=\"\">\n\t\t\t\t\t\t<div class=\"fusion-text\"><h2>Paquete de Testamento de Familia<\/h2>\n<p>Un paquete asequible para las parejas que incluye testamentos, poderes notariales m\u00e9dicos (empoderar a un ser querido de confianza para que tome decisiones m\u00e9dicas futuras para usted si usted no puede debido a la incapacitaci\u00f3n), las facultades legales de representaci\u00f3n (capacitar a una persona designada para llevar a cabo ciertas transacciones incluyendo bienes inmuebles, bienes personales, bancarios, financieros, de seguros y transacciones de impuestos en su nombre), as\u00ed como un fideicomiso testamentario y designaci\u00f3n de guardianes si es necesario (controla la forma y plazo para la distribuci\u00f3n de los bienes de la pareja con sus hijos sobre la prematura muerte de ambos padres). Adem\u00e1s de la preparaci\u00f3n de estos documentos y la supervisi\u00f3n de la ceremonia de la firma, tambi\u00e9n se reunir\u00e1 con usted para revisar su situaci\u00f3n de inmuebles y aconsejarle sobre c\u00f3mo configurar sus bienes individuales para reducir los gastos de la legalizaci\u00f3n de pruebas y dolores de cabeza para sus seres queridos en el futuro.<\/p>\n<\/div><div class=\"fusion-sep-clear\"><\/div><div class=\"fusion-separator fusion-full-width-sep sep-none\" style=\"margin-left: auto;margin-right: auto;margin-top:20px;margin-bottom:20px;\"><\/div><div class=\"fusion-text\"><h2>Sucesiones como documento de t\u00edtulo<\/h2>\n<p>Si usted es un beneficiario que aparece en el testamento de una finca que no dej\u00f3 deudas contra\u00edda, puede ser capaz de legalizar el testamento como documento de t\u00edtulo (un documento de otra evidencia que indica la propiedad de un bien). Esta es una forma m\u00e1s r\u00e1pida, m\u00e1s simple, y la opci\u00f3n por lo general m\u00e1s barato que los procedimientos de legalizaci\u00f3n de pruebas est\u00e1ndar, y una herramienta \u00fatil para que pueda recibir el t\u00edtulo legal de bienes inmuebles u otra propiedad a trav\u00e9s de un testamento. Sin embargo, no recibir\u00e1 cartas testamentarias (documento emitido por un tribunal que demuestra que la persona nombrada en ella tiene la autoridad para actuar en nombre de la finca) y puede que no sea reconocido en otros estados. Ll\u00e1menos hoy para una consulta inicial para que podamos discutir si estas opciones o otros funcionar\u00e1n mejor para sus circunstancias particulares.<\/p>\n<\/div><div class=\"fusion-sep-clear\"><\/div><div class=\"fusion-separator fusion-full-width-sep sep-none\" style=\"margin-left: auto;margin-right: auto;margin-top:20px;margin-bottom:20px;\"><\/div><div class=\"fusion-text\"><h2>Validaci\u00f3n de los testamentos y administraci\u00f3n de herencias sin testamento<\/h2>\n<p dir=\"ltr\">Si usted no califica para su legalizaci\u00f3n como un documento de t\u00edtulo, o si se trata de una propiedad sin un testamento, tambi\u00e9n maneja el proceso de la legalizaci\u00f3n de un testamento o la liquidaci\u00f3n de una sucesi\u00f3n sin testamento.<\/p>\n<\/div><div class=\"fusion-sep-clear\"><\/div><div class=\"fusion-separator fusion-full-width-sep sep-none\" style=\"margin-left: auto;margin-right: auto;margin-top:20px;margin-bottom:20px;\"><\/div><div class=\"fusion-text\"><h2>Opciones de fincas peque\u00f1as, incluidas las declaraciones juradas de fincas peque\u00f1as<\/h2>\n<p dir=\"ltr\">En algunas situaciones, existen otras opciones que son incluso m\u00e1s simple que esos analizados anteriormente, tales como la presentaci\u00f3n de una declaraci\u00f3n jurada de fincas peque\u00f1as, que puede eliminar el requisito de aparecer en la corte. Podemos aconsejarle si estas opciones se adapte a su situaci\u00f3n durante una consulta inicial.<\/p>\n<\/div><div class=\"fusion-clearfix\"><\/div>\n\n\t\t\t\t\t<\/div>\n\t\t\t\t<\/div><\/div><\/div><div class=\"fusion-fullwidth fullwidth-box nonhundred-percent-fullwidth non-hundred-percent-height-scrolling\"  style='background-color: #1877df;background-position: left top;background-repeat: no-repeat;padding-top:40px;padding-right:0px;padding-bottom:20px;padding-left:0px;border-top-width:0px;border-bottom-width:0px;border-color:#eae9e9;border-top-style:solid;border-bottom-style:solid;'><div class=\"fusion-builder-row fusion-row \"><div  class=\"fusion-layout-column fusion_builder_column fusion_builder_column_1_1  fusion-one-full fusion-column-first fusion-column-last fusion-column-no-min-height 1_1\"  style='margin-top:0px;margin-bottom:0px;'>\n\t\t\t\t\t<div class=\"fusion-column-wrapper\" style=\"padding: 0px 0px 0px 0px;background-position:left top;background-repeat:no-repeat;-webkit-background-size:cover;-moz-background-size:cover;-o-background-size:cover;background-size:cover;\"  data-bg-url=\"\">\n\t\t\t\t\t\t<div class=\"fusion-title title fusion-title-center fusion-title-size-one\" style=\"margin-top:0px;margin-bottom:0px;\"><div class=\"title-sep-container title-sep-container-left\"><div class=\"title-sep sep-single sep-solid\" style=\"border-color:#e0dede;\"><\/div><\/div><h1 class=\"title-heading-center\"><span style=\"color: #ffffff;\">P\u00f3ngase en contacto con nosotros para una consulta en persona, o por tel\u00e9fono.<\/span><\/h1><div class=\"title-sep-container title-sep-container-right\"><div class=\"title-sep sep-single sep-solid\" style=\"border-color:#e0dede;\"><\/div><\/div><\/div><div class=\"fusion-sep-clear\"><\/div><div class=\"fusion-separator fusion-full-width-sep sep-none\" style=\"margin-left: auto;margin-right: auto;margin-top:10px;margin-bottom:20px;\"><\/div><div class=\"fusion-clearfix\"><\/div>\n\n\t\t\t\t\t<\/div>\n\t\t\t\t<\/div><div  class=\"fusion-layout-column fusion_builder_column fusion_builder_column_1_4  fusion-one-fourth fusion-column-first 1_4\"  style='margin-top:0px;margin-bottom:20px;width:22%; margin-right: 4%;'>\n\t\t\t\t\t<div class=\"fusion-column-wrapper\" style=\"padding: 0px 0px 0px 0px;background-position:left top;background-repeat:no-repeat;-webkit-background-size:cover;-moz-background-size:cover;-o-background-size:cover;background-size:cover;\"  data-bg-url=\"\">\n\t\t\t\t\t\t<div class=\"fusion-clearfix\"><\/div>\n\n\t\t\t\t\t<\/div>\n\t\t\t\t<\/div><div  class=\"fusion-layout-column fusion_builder_column fusion_builder_column_1_2  fusion-one-half 1_2\"  style='margin-top:0px;margin-bottom:20px;width:48%; margin-right: 4%;'>\n\t\t\t\t\t<div class=\"fusion-column-wrapper\" style=\"padding: 0px 0px 0px 0px;background-position:left top;background-repeat:no-repeat;-webkit-background-size:cover;-moz-background-size:cover;-o-background-size:cover;background-size:cover;\"  data-bg-url=\"\">\n\t\t\t\t\t\t<div class=\"fusion-button-wrapper fusion-aligncenter\"><style type=\"text\/css\" scoped=\"scoped\">.fusion-button.button-1 .fusion-button-text, .fusion-button.button-1 i {color:#105378;}.fusion-button.button-1 {border-width:0px;border-color:#105378;}.fusion-button.button-1 .fusion-button-icon-divider{border-color:#105378;}.fusion-button.button-1:hover .fusion-button-text, .fusion-button.button-1:hover i,.fusion-button.button-1:focus .fusion-button-text, .fusion-button.button-1:focus i,.fusion-button.button-1:active .fusion-button-text, .fusion-button.button-1:active{color:#105378;}.fusion-button.button-1:hover, .fusion-button.button-1:focus, .fusion-button.button-1:active{border-width:0px;border-color:#105378;}.fusion-button.button-1:hover .fusion-button-icon-divider, .fusion-button.button-1:hover .fusion-button-icon-divider, .fusion-button.button-1:active .fusion-button-icon-divider{border-color:#105378;}.fusion-button.button-1{background: #d71f27;}.fusion-button.button-1:hover,.button-1:focus,.fusion-button.button-1:active{background: #5aabd6;\n\t\t\t\t\t\t\tbackground-image: -webkit-gradient( linear, left bottom, left top, from( #90c9e8 ), to( #5aabd6 ) );\n\t\t\t\t\t\t\tbackground-image: -webkit-linear-gradient( bottom, #90c9e8, #5aabd6 );\n\t\t\t\t\t\t\tbackground-image:   -moz-linear-gradient( bottom, #90c9e8, #5aabd6 );\n\t\t\t\t\t\t\tbackground-image:     -o-linear-gradient( bottom, #90c9e8, #5aabd6 );\n\t\t\t\t\t\t\tbackground-image: linear-gradient( to top, #90c9e8, #5aabd6 );}.fusion-button.button-1{width:auto;}<\/style><a class=\"fusion-button button-flat fusion-button-square button-xlarge button-custom button-1\" target=\"_self\" href=\"tel:940-591-8597\"><span class=\"fusion-button-text\"><span style=\"color: white;\">Ll\u00e1menos hoy mismo al 940-591-8597<\/span><\/span><\/a><\/div><div class=\"fusion-clearfix\"><\/div>\n\n\t\t\t\t\t<\/div>\n\t\t\t\t<\/div><div  class=\"fusion-layout-column fusion_builder_column fusion_builder_column_1_4  fusion-one-fourth fusion-column-last 1_4\"  style='margin-top:0px;margin-bottom:20px;width:22%'>\n\t\t\t\t\t<div class=\"fusion-column-wrapper\" style=\"padding: 0px 0px 0px 0px;background-position:left top;background-repeat:no-repeat;-webkit-background-size:cover;-moz-background-size:cover;-o-background-size:cover;background-size:cover;\"  data-bg-url=\"\">\n\t\t\t\t\t\t<div class=\"fusion-clearfix\"><\/div>\n\n\t\t\t\t\t<\/div>\n\t\t\t\t<\/div><\/div><\/div><\/p>\n","protected":false},"excerpt":{"rendered":"","protected":false},"author":1,"featured_media":0,"parent":0,"menu_order":0,"comment_status":"closed","ping_status":"closed","template":"100-width.php","meta":[],"_links":{"self":[{"href":"https:\/\/hinzmanflory.com\/es\/wp-json\/wp\/v2\/pages\/2048"}],"collection":[{"href":"https:\/\/hinzmanflory.com\/es\/wp-json\/wp\/v2\/pages"}],"about":[{"href":"https:\/\/hinzmanflory.com\/es\/wp-json\/wp\/v2\/types\/page"}],"author":[{"embeddable":true,"href":"https:\/\/hinzmanflory.com\/es\/wp-json\/wp\/v2\/users\/1"}],"replies":[{"embeddable":true,"href":"https:\/\/hinzmanflory.com\/es\/wp-json\/wp\/v2\/comments?post=2048"}],"version-history":[{"count":8,"href":"https:\/\/hinzmanflory.com\/es\/wp-json\/wp\/v2\/pages\/2048\/revisions"}],"predecessor-version":[{"id":2535,"href":"https:\/\/hinzmanflory.com\/es\/wp-json\/wp\/v2\/pages\/2048\/revisions\/2535"}],"wp:attachment":[{"href":"https:\/\/hinzmanflory.com\/es\/wp-json\/wp\/v2\/media?parent=2048"}],"curies":[{"name":"wp","href":"https:\/\/api.w.org\/{rel}","templated":true}]}}